{"id":8943,"date":"2024-01-05T15:47:00","date_gmt":"2024-01-05T14:47:00","guid":{"rendered":"https:\/\/www.barth1873.de\/apprenticeship-as-a-wholesale-and-foreign-trade-management-assistant"},"modified":"2024-01-09T09:43:12","modified_gmt":"2024-01-09T08:43:12","slug":"apprenticeship-as-a-wholesale-and-foreign-trade-management-assistant","status":"publish","type":"page","link":"https:\/\/www.barth1873.de\/en\/apprenticeship-as-a-wholesale-and-foreign-trade-management-assistant.html","title":{"rendered":"Apprenticeship as a wholesale and foreign trade management assistant"},"content":{"rendered":"\n<figure class=\"wp-block-image size-full\"><img loading=\"lazy\" decoding=\"async\" width=\"1024\" height=\"341\" src=\"https:\/\/www.barth1873.de\/wp-content\/uploads\/2023\/06\/Auzbi-Innendienst-Vertrieb-Header-1024x341px.jpg\" alt=\"\" class=\"wp-image-7199\" srcset=\"https:\/\/www.barth1873.de\/wp-content\/uploads\/2023\/06\/Auzbi-Innendienst-Vertrieb-Header-1024x341px.jpg 1024w, https:\/\/www.barth1873.de\/wp-content\/uploads\/2023\/06\/Auzbi-Innendienst-Vertrieb-Header-1024x341px-300x100.jpg 300w, https:\/\/www.barth1873.de\/wp-content\/uploads\/2023\/06\/Auzbi-Innendienst-Vertrieb-Header-1024x341px-768x256.jpg 768w\" sizes=\"auto, (max-width: 1024px) 100vw, 1024px\" \/><\/figure>\n\n\n\n<p>School&#8217;s over and you have a degree in your pocket? You can finally take the first step towards your professional future! Where? With us, of course! During your three-year apprenticeship, you will learn all about everyday working life in a family business.<br>You will advise our customers, liaise with our manufacturers and suppliers, prepare quotations and organise orders. You will also gain an insight into the logistics processes and monitor whether delivery deadlines are being met.<br>It is very important that you are good with people and that you genuinely enjoy it. Furthermore, a talent for organisation is advantageous in order to always maintain a careful overview of many different fields of activity. You can always rely on a very competent team at Barth &amp; Co, so you will quickly learn everything you need to work independently and responsibly.<\/p>\n\n\n\n<h1 class=\"wp-block-heading\" style=\"padding-top:var(--wp--preset--spacing--40);padding-bottom:var(--wp--preset--spacing--40)\">Apprenticeship as a wholesale and foreign trade management assistant<sub> (f\/m\/d) <\/sub><\/h1>\n\n\n\n<div class=\"wp-block-group has-background\" style=\"background-color:#f1ede7;padding-top:var(--wp--preset--spacing--40);padding-right:var(--wp--preset--spacing--40);padding-bottom:var(--wp--preset--spacing--20);padding-left:var(--wp--preset--spacing--40)\"><div class=\"wp-block-group__inner-container is-layout-constrained wp-container-core-group-is-layout-11db30c6 wp-block-group-is-layout-constrained\">\n<div class=\"wp-block-columns is-layout-flex wp-container-core-columns-is-layout-28f84493 wp-block-columns-is-layout-flex\">\n<div class=\"wp-block-column is-layout-flow wp-block-column-is-layout-flow\">\n<h2 class=\"wp-block-heading\">What you will learn<\/h2>\n\n\n\n<ul class=\"wp-block-list\">\n<li>Comprehensive expertise and product knowledge<\/li>\n\n\n\n<li>Extensive activities in order processing<\/li>\n\n\n\n<li>All work processes in connection with purchasing and sales<\/li>\n\n\n\n<li>Independent customer care<\/li>\n\n\n\n<li>Determination of sources of supply in the procurement of goods<\/li>\n\n\n\n<li>Development of new markets and business areas<\/li>\n\n\n\n<li>On-time control of different flows of goods<\/li>\n<\/ul>\n<\/div>\n\n\n\n<div class=\"wp-block-column is-layout-flow wp-block-column-is-layout-flow\">\n<h2 class=\"wp-block-heading\">Your profile<\/h2>\n\n\n\n<ul class=\"wp-block-list\">\n<li>You have at least a secondary school leaving certificate as well as written and spoken German knowledge and good maths skills<\/li>\n\n\n\n<li>Enjoy direct contact with customers<\/li>\n\n\n\n<li>Commercial thinking<\/li>\n\n\n\n<li>Careful way of working<\/li>\n\n\n\n<li>An interest in business is advantageous<\/li>\n\n\n\n<li>Basic PC skills would be desirable<\/li>\n<\/ul>\n<\/div>\n<\/div>\n<\/div><\/div>\n\n\n\n<div style=\"height:30px\" aria-hidden=\"true\" class=\"wp-block-spacer\"><\/div>\n\n\n\n<div class=\"wp-block-group has-text-color has-background\" style=\"color:#ffffff;background-color:#4b2a00;padding-top:var(--wp--preset--spacing--40);padding-right:var(--wp--preset--spacing--40);padding-bottom:var(--wp--preset--spacing--20);padding-left:var(--wp--preset--spacing--40)\"><div class=\"wp-block-group__inner-container is-layout-constrained wp-container-core-group-is-layout-11db30c6 wp-block-group-is-layout-constrained\">\n<h2 class=\"wp-block-heading\">We offer you<\/h2>\n\n\n\n<div class=\"wp-block-columns is-layout-flex wp-container-core-columns-is-layout-28f84493 wp-block-columns-is-layout-flex\">\n<div class=\"wp-block-column is-layout-flow wp-block-column-is-layout-flow\">\n<ul class=\"wp-block-list\">\n<li>Varied work with a great working atmosphere<\/li>\n\n\n\n<li>An exciting working environment in one of the region&#8217;s most traditional family businesses<\/li>\n\n\n\n<li>Guaranteed employment if you perform well<\/li>\n<\/ul>\n<\/div>\n\n\n\n<div class=\"wp-block-column is-layout-flow wp-block-column-is-layout-flow\">\n<ul class=\"wp-block-list\">\n<li>Assumption of costs for teaching materials, exam preparation courses and much more.<\/li>\n\n\n\n<li>Team events and annual Christmas party<\/li>\n\n\n\n<li>Free water, tea and coffee specialities<\/li>\n<\/ul>\n<\/div>\n<\/div>\n<\/div><\/div>\n\n\n\n<div style=\"height:30px\" aria-hidden=\"true\" class=\"wp-block-spacer\"><\/div>\n\n\n\n<div class=\"wp-block-group has-text-color has-background\" style=\"color:#ffffff;background-color:#9b9183;padding-top:var(--wp--preset--spacing--40);padding-right:var(--wp--preset--spacing--40);padding-bottom:var(--wp--preset--spacing--40);padding-left:var(--wp--preset--spacing--40)\"><div class=\"wp-block-group__inner-container is-layout-constrained wp-container-core-group-is-layout-a666d811 wp-block-group-is-layout-constrained\">\n<h2 class=\"wp-block-heading has-text-color\" style=\"color:#ffffff\"><strong>To the complete job description:<\/strong><\/h2>\n\n\n<p class=\"pdf\"><a href=\"https:\/\/www.barth1873.de\/wp-content\/uploads\/2023\/06\/2023_barth_stellenangebot_Azubi-Kaufmann-frau-fuer-Gross-und-Aussenhandelsmanagement.pdf\">Ausbildung zum Kaufmann\/-frau f\u00fcr Gro\u00df- und Au\u00dfenhandelsmanagement (w\/m\/d)<\/a><\/p><\/div><\/div>\n\n\n\n<div style=\"height:30px\" aria-hidden=\"true\" class=\"wp-block-spacer\"><\/div>\n\n\n\n<div class=\"wp-block-columns is-layout-flex wp-container-core-columns-is-layout-28f84493 wp-block-columns-is-layout-flex\">\n<div class=\"wp-block-column is-layout-flow wp-block-column-is-layout-flow\">\n<h2 class=\"wp-block-heading\"><strong>Apply now:<\/strong><\/h2>\n\n\n\n<div class=\"wp-block-contact-form-7-contact-form-selector\">\n<div class=\"wpcf7 no-js\" id=\"wpcf7-f6916-o1\" lang=\"de-DE\" dir=\"ltr\" data-wpcf7-id=\"6916\">\n<div class=\"screen-reader-response\"><p role=\"status\" aria-live=\"polite\" aria-atomic=\"true\"><\/p> <ul><\/ul><\/div>\n<form action=\"\/en\/wp-json\/wp\/v2\/pages\/8943#wpcf7-f6916-o1\" method=\"post\" class=\"wpcf7-form init\" aria-label=\"Kontaktformular\" enctype=\"multipart\/form-data\" novalidate=\"novalidate\" data-status=\"init\">\n<fieldset class=\"hidden-fields-container\"><input type=\"hidden\" name=\"_wpcf7\" value=\"6916\" \/><input type=\"hidden\" name=\"_wpcf7_version\" value=\"6.1.5\" \/><input type=\"hidden\" name=\"_wpcf7_locale\" value=\"de_DE\" \/><input type=\"hidden\" name=\"_wpcf7_unit_tag\" value=\"wpcf7-f6916-o1\" \/><input type=\"hidden\" name=\"_wpcf7_container_post\" value=\"0\" \/><input type=\"hidden\" name=\"_wpcf7_posted_data_hash\" value=\"\" \/><input type=\"hidden\" name=\"_wpcf7dtx_version\" value=\"5.0.5\" \/>\n<\/fieldset>\n<p class=\"contactform_p\"><label>Name und Vorname<\/label><br \/>\n<span class=\"wpcf7-form-control-wrap\" data-name=\"your-name\"><input size=\"40\" maxlength=\"400\" class=\"wpcf7-form-control wpcf7-text\" aria-invalid=\"false\" value=\"\" type=\"text\" name=\"your-name\" \/><\/span>\n<\/p>\n<p class=\"contactform_p\"><label>E-Mail *<\/label><br \/>\n<span class=\"wpcf7-form-control-wrap\" data-name=\"your-email\"><input size=\"40\" maxlength=\"400\" class=\"wpcf7-form-control wpcf7-email wpcf7-validates-as-required wpcf7-text wpcf7-validates-as-email\" aria-required=\"true\" aria-invalid=\"false\" value=\"\" type=\"email\" name=\"your-email\" \/><\/span>\n<\/p>\n<p class=\"contactform_p\"><label> Telefon<\/label><br \/>\n<span class=\"wpcf7-form-control-wrap\" data-name=\"telefon\"><input size=\"40\" maxlength=\"400\" class=\"wpcf7-form-control wpcf7-text\" aria-invalid=\"false\" value=\"\" type=\"text\" name=\"telefon\" \/><\/span>\n<\/p>\n<p><label>Anmerkungen:<\/label><br \/>\n<span class=\"wpcf7-form-control-wrap\" data-name=\"your-message\"><textarea cols=\"40\" rows=\"10\" maxlength=\"2000\" class=\"wpcf7-form-control wpcf7-textarea\" aria-invalid=\"false\" name=\"your-message\"><\/textarea><\/span>\n<\/p>\n<p><span class=\"wpcf7-form-control-wrap inputname\" data-name=\"inputname\"><input type=\"text\" name=\"inputname\" class=\"wpcf7-form-control wpcf7-text wpcf7dtx wpcf7dtx-text\" aria-invalid=\"false\" value=\"Apprenticeship as a wholesale and foreign trade management assistant\"><\/span>\n<\/p>\n<p class=\"contactform_p\"><label><br \/>\nBewerbungsdaten:<\/label><br \/>\n<span class=\"wpcf7-form-control-wrap\" data-name=\"Bewerbung\"><input size=\"40\" class=\"wpcf7-form-control wpcf7-file\" accept=\"image\/*,.txt,application\/pdf\" aria-invalid=\"false\" type=\"file\" name=\"Bewerbung\" \/><\/span>\n<\/p>\n<p class=\"contactform_p text-left\"><br \/>\n<span class=\"wpcf7-form-control-wrap\" data-name=\"checkbox-datenschutz\"><span class=\"wpcf7-form-control wpcf7-checkbox wpcf7-validates-as-required\"><span class=\"wpcf7-list-item first last\"><label><input type=\"checkbox\" name=\"checkbox-datenschutz[]\" value=\"Ja, ich habe die Datenschutzerkl\u00e4rung gelesen und akzeptiert und erteile hiermit die Erlaubnis meine Kontaktdaten f\u00fcr die Weiterverarbeitung meiner Anfrage zu speichern und zu verwenden*\" \/><span class=\"wpcf7-list-item-label\">Ja, ich habe die Datenschutzerkl\u00e4rung gelesen und akzeptiert und erteile hiermit die Erlaubnis meine Kontaktdaten f\u00fcr die Weiterverarbeitung meiner Anfrage zu speichern und zu verwenden*<\/span><\/label><\/span><\/span><\/span><br \/>\n<a href=\"https:\/\/www.barth1873.de\/de\/datenschutz.html\" target=\"_blank\" titel=\"Zur Datenschutzerkl\u00e4rung\">Zur Datenschutzerkl\u00e4rung<\/a>\n<\/p>\n<p><input class=\"wpcf7-form-control wpcf7-submit has-spinner\" type=\"submit\" value=\"Abschicken\" \/>\n<\/p>\n<p><small>*Pflichtfeld<\/small>\n<\/p><div class=\"wpcf7-response-output\" aria-hidden=\"true\"><\/div>\n<\/form>\n<\/div>\n<\/div>\n<\/div>\n\n\n\n<div class=\"wp-block-column is-layout-flow wp-block-column-is-layout-flow\"><\/div>\n<\/div>\n","protected":false},"excerpt":{"rendered":"<p>School&#8217;s over and you have a degree in your pocket? You can finally take the first step towards your professional future! Where? With us, of course! During your three-year apprenticeship, you will learn all about everyday working life in a family business.You will advise our customers, liaise with our manufacturers and suppliers, prepare quotations and [&hellip;]<\/p>\n","protected":false},"author":2,"featured_media":0,"parent":0,"menu_order":0,"comment_status":"closed","ping_status":"closed","template":"2023-dragdrop-template.php","meta":{"footnotes":""},"class_list":["post-8943","page","type-page","status-publish","hentry"],"yoast_head":"<!-- This site is optimized with the Yoast SEO plugin v27.4 - https:\/\/yoast.com\/product\/yoast-seo-wordpress\/ -->\n<title>Apprenticeship as a wholesale and foreign trade management assistant - Barth &amp; Co<\/title>\n<meta name=\"robots\" content=\"index, follow, max-snippet:-1, max-image-preview:large, max-video-preview:-1\" \/>\n<link rel=\"canonical\" href=\"https:\/\/www.barth1873.de\/en\/apprenticeship-as-a-wholesale-and-foreign-trade-management-assistant.html\" \/>\n<meta property=\"og:locale\" content=\"en_US\" \/>\n<meta property=\"og:type\" content=\"article\" \/>\n<meta property=\"og:title\" content=\"Apprenticeship as a wholesale and foreign trade management assistant - Barth &amp; Co\" \/>\n<meta property=\"og:description\" content=\"School&#8217;s over and you have a degree in your pocket? You can finally take the first step towards your professional future! Where? With us, of course! During your three-year apprenticeship, you will learn all about everyday working life in a family business.You will advise our customers, liaise with our manufacturers and suppliers, prepare quotations and [&hellip;]\" \/>\n<meta property=\"og:url\" content=\"https:\/\/www.barth1873.de\/en\/apprenticeship-as-a-wholesale-and-foreign-trade-management-assistant.html\" \/>\n<meta property=\"og:site_name\" content=\"Barth &amp; Co\" \/>\n<meta property=\"article:modified_time\" content=\"2024-01-09T08:43:12+00:00\" \/>\n<meta property=\"og:image\" content=\"https:\/\/www.barth1873.de\/wp-content\/uploads\/2023\/06\/Auzbi-Innendienst-Vertrieb-Header-1024x341px.jpg\" \/>\n<meta name=\"twitter:card\" content=\"summary_large_image\" \/>\n<meta name=\"twitter:label1\" content=\"Est. reading time\" \/>\n\t<meta name=\"twitter:data1\" content=\"2 minutes\" \/>\n<script type=\"application\/ld+json\" class=\"yoast-schema-graph\">{\"@context\":\"https:\\\/\\\/schema.org\",\"@graph\":[{\"@type\":\"WebPage\",\"@id\":\"https:\\\/\\\/www.barth1873.de\\\/en\\\/apprenticeship-as-a-wholesale-and-foreign-trade-management-assistant.html\",\"url\":\"https:\\\/\\\/www.barth1873.de\\\/en\\\/apprenticeship-as-a-wholesale-and-foreign-trade-management-assistant.html\",\"name\":\"Apprenticeship as a wholesale and foreign trade management assistant - Barth &amp; Co\",\"isPartOf\":{\"@id\":\"https:\\\/\\\/www.barth1873.de\\\/en\\\/#website\"},\"primaryImageOfPage\":{\"@id\":\"https:\\\/\\\/www.barth1873.de\\\/en\\\/apprenticeship-as-a-wholesale-and-foreign-trade-management-assistant.html#primaryimage\"},\"image\":{\"@id\":\"https:\\\/\\\/www.barth1873.de\\\/en\\\/apprenticeship-as-a-wholesale-and-foreign-trade-management-assistant.html#primaryimage\"},\"thumbnailUrl\":\"https:\\\/\\\/www.barth1873.de\\\/wp-content\\\/uploads\\\/2023\\\/06\\\/Auzbi-Innendienst-Vertrieb-Header-1024x341px.jpg\",\"datePublished\":\"2024-01-05T14:47:00+00:00\",\"dateModified\":\"2024-01-09T08:43:12+00:00\",\"breadcrumb\":{\"@id\":\"https:\\\/\\\/www.barth1873.de\\\/en\\\/apprenticeship-as-a-wholesale-and-foreign-trade-management-assistant.html#breadcrumb\"},\"inLanguage\":\"en-US\",\"potentialAction\":[{\"@type\":\"ReadAction\",\"target\":[\"https:\\\/\\\/www.barth1873.de\\\/en\\\/apprenticeship-as-a-wholesale-and-foreign-trade-management-assistant.html\"]}]},{\"@type\":\"ImageObject\",\"inLanguage\":\"en-US\",\"@id\":\"https:\\\/\\\/www.barth1873.de\\\/en\\\/apprenticeship-as-a-wholesale-and-foreign-trade-management-assistant.html#primaryimage\",\"url\":\"https:\\\/\\\/www.barth1873.de\\\/wp-content\\\/uploads\\\/2023\\\/06\\\/Auzbi-Innendienst-Vertrieb-Header-1024x341px.jpg\",\"contentUrl\":\"https:\\\/\\\/www.barth1873.de\\\/wp-content\\\/uploads\\\/2023\\\/06\\\/Auzbi-Innendienst-Vertrieb-Header-1024x341px.jpg\"},{\"@type\":\"BreadcrumbList\",\"@id\":\"https:\\\/\\\/www.barth1873.de\\\/en\\\/apprenticeship-as-a-wholesale-and-foreign-trade-management-assistant.html#breadcrumb\",\"itemListElement\":[{\"@type\":\"ListItem\",\"position\":1,\"name\":\"Startseite\",\"item\":\"https:\\\/\\\/www.barth1873.de\\\/en\"},{\"@type\":\"ListItem\",\"position\":2,\"name\":\"Apprenticeship as a wholesale and foreign trade management assistant\"}]},{\"@type\":\"WebSite\",\"@id\":\"https:\\\/\\\/www.barth1873.de\\\/en\\\/#website\",\"url\":\"https:\\\/\\\/www.barth1873.de\\\/en\\\/\",\"name\":\"Barth &amp; Co\",\"description\":\"Holz-und Parketthandel\",\"publisher\":{\"@id\":\"https:\\\/\\\/www.barth1873.de\\\/en\\\/#organization\"},\"potentialAction\":[{\"@type\":\"SearchAction\",\"target\":{\"@type\":\"EntryPoint\",\"urlTemplate\":\"https:\\\/\\\/www.barth1873.de\\\/en\\\/?s={search_term_string}\"},\"query-input\":{\"@type\":\"PropertyValueSpecification\",\"valueRequired\":true,\"valueName\":\"search_term_string\"}}],\"inLanguage\":\"en-US\"},{\"@type\":\"Organization\",\"@id\":\"https:\\\/\\\/www.barth1873.de\\\/en\\\/#organization\",\"name\":\"Barth & Co\",\"url\":\"https:\\\/\\\/www.barth1873.de\\\/en\\\/\",\"logo\":{\"@type\":\"ImageObject\",\"inLanguage\":\"en-US\",\"@id\":\"https:\\\/\\\/www.barth1873.de\\\/en\\\/#\\\/schema\\\/logo\\\/image\\\/\",\"url\":\"https:\\\/\\\/www.barth1873.de\\\/wp-content\\\/uploads\\\/2020\\\/04\\\/logo_barth210.png\",\"contentUrl\":\"https:\\\/\\\/www.barth1873.de\\\/wp-content\\\/uploads\\\/2020\\\/04\\\/logo_barth210.png\",\"width\":210,\"height\":53,\"caption\":\"Barth & Co\"},\"image\":{\"@id\":\"https:\\\/\\\/www.barth1873.de\\\/en\\\/#\\\/schema\\\/logo\\\/image\\\/\"}}]}<\/script>\n<!-- \/ Yoast SEO plugin. -->","yoast_head_json":{"title":"Apprenticeship as a wholesale and foreign trade management assistant - Barth &amp; Co","robots":{"index":"index","follow":"follow","max-snippet":"max-snippet:-1","max-image-preview":"max-image-preview:large","max-video-preview":"max-video-preview:-1"},"canonical":"https:\/\/www.barth1873.de\/en\/apprenticeship-as-a-wholesale-and-foreign-trade-management-assistant.html","og_locale":"en_US","og_type":"article","og_title":"Apprenticeship as a wholesale and foreign trade management assistant - Barth &amp; Co","og_description":"School&#8217;s over and you have a degree in your pocket? You can finally take the first step towards your professional future! Where? With us, of course! During your three-year apprenticeship, you will learn all about everyday working life in a family business.You will advise our customers, liaise with our manufacturers and suppliers, prepare quotations and [&hellip;]","og_url":"https:\/\/www.barth1873.de\/en\/apprenticeship-as-a-wholesale-and-foreign-trade-management-assistant.html","og_site_name":"Barth &amp; Co","article_modified_time":"2024-01-09T08:43:12+00:00","og_image":[{"url":"https:\/\/www.barth1873.de\/wp-content\/uploads\/2023\/06\/Auzbi-Innendienst-Vertrieb-Header-1024x341px.jpg","type":"","width":"","height":""}],"twitter_card":"summary_large_image","twitter_misc":{"Est. reading time":"2 minutes"},"schema":{"@context":"https:\/\/schema.org","@graph":[{"@type":"WebPage","@id":"https:\/\/www.barth1873.de\/en\/apprenticeship-as-a-wholesale-and-foreign-trade-management-assistant.html","url":"https:\/\/www.barth1873.de\/en\/apprenticeship-as-a-wholesale-and-foreign-trade-management-assistant.html","name":"Apprenticeship as a wholesale and foreign trade management assistant - Barth &amp; Co","isPartOf":{"@id":"https:\/\/www.barth1873.de\/en\/#website"},"primaryImageOfPage":{"@id":"https:\/\/www.barth1873.de\/en\/apprenticeship-as-a-wholesale-and-foreign-trade-management-assistant.html#primaryimage"},"image":{"@id":"https:\/\/www.barth1873.de\/en\/apprenticeship-as-a-wholesale-and-foreign-trade-management-assistant.html#primaryimage"},"thumbnailUrl":"https:\/\/www.barth1873.de\/wp-content\/uploads\/2023\/06\/Auzbi-Innendienst-Vertrieb-Header-1024x341px.jpg","datePublished":"2024-01-05T14:47:00+00:00","dateModified":"2024-01-09T08:43:12+00:00","breadcrumb":{"@id":"https:\/\/www.barth1873.de\/en\/apprenticeship-as-a-wholesale-and-foreign-trade-management-assistant.html#breadcrumb"},"inLanguage":"en-US","potentialAction":[{"@type":"ReadAction","target":["https:\/\/www.barth1873.de\/en\/apprenticeship-as-a-wholesale-and-foreign-trade-management-assistant.html"]}]},{"@type":"ImageObject","inLanguage":"en-US","@id":"https:\/\/www.barth1873.de\/en\/apprenticeship-as-a-wholesale-and-foreign-trade-management-assistant.html#primaryimage","url":"https:\/\/www.barth1873.de\/wp-content\/uploads\/2023\/06\/Auzbi-Innendienst-Vertrieb-Header-1024x341px.jpg","contentUrl":"https:\/\/www.barth1873.de\/wp-content\/uploads\/2023\/06\/Auzbi-Innendienst-Vertrieb-Header-1024x341px.jpg"},{"@type":"BreadcrumbList","@id":"https:\/\/www.barth1873.de\/en\/apprenticeship-as-a-wholesale-and-foreign-trade-management-assistant.html#breadcrumb","itemListElement":[{"@type":"ListItem","position":1,"name":"Startseite","item":"https:\/\/www.barth1873.de\/en"},{"@type":"ListItem","position":2,"name":"Apprenticeship as a wholesale and foreign trade management assistant"}]},{"@type":"WebSite","@id":"https:\/\/www.barth1873.de\/en\/#website","url":"https:\/\/www.barth1873.de\/en\/","name":"Barth &amp; Co","description":"Holz-und Parketthandel","publisher":{"@id":"https:\/\/www.barth1873.de\/en\/#organization"},"potentialAction":[{"@type":"SearchAction","target":{"@type":"EntryPoint","urlTemplate":"https:\/\/www.barth1873.de\/en\/?s={search_term_string}"},"query-input":{"@type":"PropertyValueSpecification","valueRequired":true,"valueName":"search_term_string"}}],"inLanguage":"en-US"},{"@type":"Organization","@id":"https:\/\/www.barth1873.de\/en\/#organization","name":"Barth & Co","url":"https:\/\/www.barth1873.de\/en\/","logo":{"@type":"ImageObject","inLanguage":"en-US","@id":"https:\/\/www.barth1873.de\/en\/#\/schema\/logo\/image\/","url":"https:\/\/www.barth1873.de\/wp-content\/uploads\/2020\/04\/logo_barth210.png","contentUrl":"https:\/\/www.barth1873.de\/wp-content\/uploads\/2020\/04\/logo_barth210.png","width":210,"height":53,"caption":"Barth & Co"},"image":{"@id":"https:\/\/www.barth1873.de\/en\/#\/schema\/logo\/image\/"}}]}},"_links":{"self":[{"href":"https:\/\/www.barth1873.de\/en\/wp-json\/wp\/v2\/pages\/8943","targetHints":{"allow":["GET"]}}],"collection":[{"href":"https:\/\/www.barth1873.de\/en\/wp-json\/wp\/v2\/pages"}],"about":[{"href":"https:\/\/www.barth1873.de\/en\/wp-json\/wp\/v2\/types\/page"}],"author":[{"embeddable":true,"href":"https:\/\/www.barth1873.de\/en\/wp-json\/wp\/v2\/users\/2"}],"replies":[{"embeddable":true,"href":"https:\/\/www.barth1873.de\/en\/wp-json\/wp\/v2\/comments?post=8943"}],"version-history":[{"count":1,"href":"https:\/\/www.barth1873.de\/en\/wp-json\/wp\/v2\/pages\/8943\/revisions"}],"predecessor-version":[{"id":9362,"href":"https:\/\/www.barth1873.de\/en\/wp-json\/wp\/v2\/pages\/8943\/revisions\/9362"}],"wp:attachment":[{"href":"https:\/\/www.barth1873.de\/en\/wp-json\/wp\/v2\/media?parent=8943"}],"curies":[{"name":"wp","href":"https:\/\/api.w.org\/{rel}","templated":true}]}}