{"id":86,"date":"2020-04-23T14:56:12","date_gmt":"2020-04-23T12:56:12","guid":{"rendered":"https:\/\/www.barth1873.de\/?page_id=86"},"modified":"2025-03-19T15:31:04","modified_gmt":"2025-03-19T14:31:04","slug":"certificates","status":"publish","type":"page","link":"https:\/\/www.barth1873.de\/en\/certificates.html","title":{"rendered":"Certificates"},"content":{"rendered":"<div class=\"lazyblock-media-text-lightbox-2tfz9R wp-block-lazyblock-media-text-lightbox\">\n\t\t\t\n\t\t<div class=\"row\">\n\t\t\t<div class=\"col-4\"><img decoding=\"async\" src=\"https:\/\/www.barth1873.de\/wp-content\/uploads\/2020\/04\/FSC-Logo-ohnetext-563df890.jpg\" class=\"media_text_lightbox_output_img\" alt=\"FSC\"><\/div>\n\t\t\t<div class=\"col-8\">\n\t\t\t\t<h3>FSC\u00ae, Forest Stewardship Council\u00ae<\/h3>\n\t\t\t\t<a data-fancybox data-src=\"#fancytext-4586\" href=\"javascript:;\">Buying FSC-certified products contributes to the responsible use of global forest resources.<\/a>\n\t\t\t\t<div id=\"fancytext-4586\" class=\"fancycontent\">\n\t\t\t\t\t<h2>FSC\u00ae, Forest Stewardship Council\u00ae<\/h2>\n\t\t\t\t\t<img decoding=\"async\" src=\"https:\/\/www.barth1873.de\/wp-content\/uploads\/2020\/04\/FSC-Logo-mittext-df4fcf07.jpg\" alt=\"\" class=\"lightbox_bild_links\">\t\t\t\t\t<p><strong>Der Kauf FSC-zertifizierter Produkte tr\u00e4gt zu einem verantwortlichen Umgang mit den globalen Waldressourcen bei.<\/strong> <br \/>Dies erreicht der FSC durch die Festlegung und Pr\u00fcfung von Umwelt- und Sozialstandards bei der Waldbewirtschaftung und der Ber\u00fccksichtigung von Recyclingmaterial, das in <a href=\"http:\/\/www.fsc-deutschland.de\/\" target=\"_blank\" rel=\"noopener\">FSC-zertifizierten Produkten<\/a> Verwendung finden kann. Produkte mit FSC-Label stehen f\u00fcr die Nutzung der W\u00e4lder nach strengen sozialen, \u00f6konomischen und \u00f6kologischen Standards.<\/p>\n<p>Firmen, die zertifiziert sind, bekommen eine COC (Chain of Custody) Nummer und damit die Lizenz, FSC zertifizierte Produkte als solche weiterverkaufen zu d\u00fcrfen.<br \/>Die Firmenzertifizierung sagt jedoch noch nichts dar\u00fcber aus, ob gehandelte Produkte auch tats\u00e4chlich zertifiziert sind!<br \/><span style=\"font-size: inherit; font-family: -apple-system, BlinkMacSystemFont, 'Segoe UI', Roboto, Oxygen-Sans, Ubuntu, Cantarell, 'Helvetica Neue', sans-serif;\">Welche FSC zertifizierten Produkte gehandelt werden d\u00fcrfen, entscheidet der Umfang des Zertifikats. Dies kann man in einer \u00f6ffentlich zug\u00e4nglichen Datenbank abfragen: <\/span><a style=\"font-size: inherit; font-family: -apple-system, BlinkMacSystemFont, 'Segoe UI', Roboto, Oxygen-Sans, Ubuntu, Cantarell, 'Helvetica Neue', sans-serif;\" href=\"http:\/\/info.fsc.org\/\" target=\"_blank\" rel=\"noopener\">http:\/\/info.fsc.org.<\/a><\/p>\n<p>\u00dcberzeugen Sie sich selbst! Geben Sie die Barth&amp;Co COC-Nummer SCS-COC-000536 dort ein. Unter dem Reiter \u201eProductdata\u201c ist erkennbar, mit welcher Art FSC Zertifikat Barth&amp;Co zu handeln authorisiert ist.<\/p>\n<p><strong>Es gibt verschiedene FSC Kategorien:<\/strong><\/p>\n<p><strong>FSC 100%<\/strong> = 100% des gelieferten Produktes kommt aus FSC zertifiziertem Wald.<br \/><strong>FSC Mix<\/strong> = Das Produkt kommt zu einem Mindestprozentsatz (der variieren kann) aus FSC zertifiziertem Wald. Der Anteil an nicht FSC zertifiziertem Holz in diesem Produkt muss aus ebenfalls kontrollierter Forstwirtschaft kommen. Bei FSC Mix wird kontrolliert, dass der Hersteller maximal soviel Ware mit FSC Zertifikat verkaufen darf, wie er an FSC zertifiziertem Holz auch eingekauft hat (Input=Output).<br \/><strong>FSC Recycled<\/strong> = Das Produkt stammt aus einer Recyclingsammlung, die nach einem speziellen FSC Standard erfolgen muss.<\/p>\t\t\t\t<\/div>\n\t\t<\/div>\n\n\t\t<\/div>\n\n\n<hr class=\"wp-block-separator has-css-opacity\"\/>\n\n\n<div class=\"lazyblock-media-text-lightbox-2gTa2A wp-block-lazyblock-media-text-lightbox\">\n\t\t\t\n\t\t<div class=\"row\">\n\t\t\t<div class=\"col-4\"><img decoding=\"async\" src=\"https:\/\/www.barth1873.de\/wp-content\/uploads\/2020\/04\/BuB_np_0209_0311_018_1-0a4a82c6.jpg\" class=\"media_text_lightbox_output_img\" alt=\"\"><\/div>\n\t\t\t<div class=\"col-8\">\n\t\t\t\t<h3>natureplus\u00ae<\/h3>\n\t\t\t\t<a data-fancybox data-src=\"#fancytext-2652\" href=\"javascript:;\">The natureplus\u00ae quality mark<\/a>\n\t\t\t\t<div id=\"fancytext-2652\" class=\"fancycontent\">\n\t\t\t\t\t<h2>The natureplus\u00ae quality mark<\/h2>\n\t\t\t\t\t<img decoding=\"async\" src=\"https:\/\/www.barth1873.de\/wp-content\/uploads\/2020\/04\/BuB_np_0209_0311_018_1-0a4a82c6.jpg\" alt=\"\" class=\"lightbox_bild_links\">\t\t\t\t\t<p>Das <a href=\"http:\/\/www.natureplus.org\/\" target=\"_blank\" rel=\"noopener\">natureplus\u00ae-Qualit\u00e4tszeichen<\/a> gibt Bauherren, Architekten und Handwerkern sichere Orientierung bei der Auswahl zu verwendender Produkte.<\/p>\n<p>Es steht f\u00fcr Gesundheitsvertr\u00e4glichkeit, umweltgerechte Produktion, Schonung endlicher Ressourcen und die Gebrauchstauglichkeit der gepr\u00fcften Produkte. Waren mit diesem Zeichen bestehen \u00fcberwiegend aus nachwachsenden oder naturschonend gewonnenen Rohstoffen. Anspruchsvolle Testmethoden und die europaweit strengsten Grenzwerte f\u00fcr Emissionen garantieren die Unbedenklichkeit der zertifizierten Produkte.<\/p>\n<p>Die Besonderheit der natureplus-Pr\u00fcfung liegt darin, dass nicht nur baubiologische, sondern auch technische Aspekte, Produktionsstandards und die Herkunft der verwendeten Rohstoffe kontrolliert werden.<\/p>\n<p>Bei Parkett sind ausschlie\u00dflich naturge\u00f6lte Produkte zur Pr\u00fcfung zugelassen. Bei Tropenholz ist eine FSC Zertifizierung Voraussetzung.<\/p>\n<p><br \/>Ein umfassender Pr\u00fcfbericht der zertifizierten Hersteller\/Produkte wird Interessenten auf Anforderung als PDF Datei zur Verf\u00fcgung gestellt.<\/p>\t\t\t\t<\/div>\n\t\t<\/div>\n\n\t\t<\/div>\n\n\n<hr class=\"wp-block-separator has-css-opacity\"\/>\n\n\n<div class=\"lazyblock-media-text-lightbox-Z1Vd1ge wp-block-lazyblock-media-text-lightbox\">\n\t\t\t\n\t\t<div class=\"row\">\n\t\t\t<div class=\"col-4\"><img decoding=\"async\" src=\"https:\/\/www.barth1873.de\/wp-content\/uploads\/2020\/04\/UE-Zeichen-3-Schicht-2ee9194a.jpg\" class=\"media_text_lightbox_output_img\" alt=\"\"><\/div>\n\t\t\t<div class=\"col-8\">\n\t\t\t\t<h3>Die abZ<\/h3>\n\t\t\t\t<a data-fancybox data-src=\"#fancytext-806\" href=\"javascript:;\">The \u00dc symbol stands for the general technical approval (abZ) of the DIBT.<\/a>\n\t\t\t\t<div id=\"fancytext-806\" class=\"fancycontent\">\n\t\t\t\t\t<h2>The abZ (general building approval) of the DIBT (German Institute for Building Technology)<\/h2>\n\t\t\t\t\t<img decoding=\"async\" src=\"https:\/\/www.barth1873.de\/wp-content\/uploads\/2020\/04\/UE-Zeichen-3-Schicht-2ee9194a.jpg\" alt=\"\" class=\"lightbox_bild_links\">\t\t\t\t\t<p>Das sogenannte &#8220;\u00dc-Zeichen&#8221; dokumentiert die allgemeine bauaufsichtliche Zulassung eines Produktes.<\/p>\n<p>Die Landesbauordnungen schreiben vor, dass die von den obersten Bauaufsichtsbeh\u00f6rden der L\u00e4nder durch \u00f6ffentliche Bekanntmachung eingef\u00fchrten technischen Regeln zu beachten sind.<\/p>\n<p><a href=\"http:\/\/www.dibt.de\/\" target=\"_blank\" rel=\"noopener\">Das DIBT<\/a> hat die Aufgabe, die technischen Regeln f\u00fcr Bauprodukte und Bauarten in den <strong>Bauregellisten A und B sowie Liste C<\/strong> aufzustellen und -im Einvernehmen mit den obersten Bauaufsichtsbeh\u00f6rden der L\u00e4nder- bekannt zu machen. Das DIBT arbeitet im Auftrag der L\u00e4nder und bereitet die Einf\u00fchrung einer <strong>Liste der technischen Baubestimmungen<\/strong> vor.<\/p>\n<p>Eine abZ des DIBT ist erforderlich f\u00fcr alle Produkte, die in Innenr\u00e4umen verbaut werden (au\u00dfer Massivparkett).<\/p>\t\t\t\t<\/div>\n\t\t<\/div>\n\n\t\t<\/div>","protected":false},"excerpt":{"rendered":"","protected":false},"author":1,"featured_media":260,"parent":82,"menu_order":0,"comment_status":"closed","ping_status":"closed","template":"","meta":{"footnotes":""},"class_list":["post-86","page","type-page","status-publish","has-post-thumbnail","hentry"],"yoast_head":"<!-- This site is optimized with the Yoast SEO plugin v27.3 - https:\/\/yoast.com\/product\/yoast-seo-wordpress\/ -->\n<title>Certificates - Barth &amp; Co<\/title>\n<meta name=\"robots\" content=\"index, follow, max-snippet:-1, max-image-preview:large, max-video-preview:-1\" \/>\n<link rel=\"canonical\" href=\"https:\/\/www.barth1873.de\/en\/certificates.html\" \/>\n<meta property=\"og:locale\" content=\"en_US\" \/>\n<meta property=\"og:type\" content=\"article\" \/>\n<meta property=\"og:title\" content=\"Certificates - Barth &amp; Co\" \/>\n<meta property=\"og:url\" content=\"https:\/\/www.barth1873.de\/en\/certificates.html\" \/>\n<meta property=\"og:site_name\" content=\"Barth &amp; Co\" \/>\n<meta property=\"article:modified_time\" content=\"2025-03-19T14:31:04+00:00\" \/>\n<meta property=\"og:image\" content=\"https:\/\/www.barth1873.de\/wp-content\/uploads\/2020\/04\/zertifikate.jpg\" \/>\n\t<meta property=\"og:image:width\" content=\"980\" \/>\n\t<meta property=\"og:image:height\" content=\"700\" \/>\n\t<meta property=\"og:image:type\" content=\"image\/jpeg\" \/>\n<meta name=\"twitter:card\" content=\"summary_large_image\" \/>\n<meta name=\"twitter:label1\" content=\"Est. reading time\" \/>\n\t<meta name=\"twitter:data1\" content=\"1 minute\" \/>\n<script type=\"application\/ld+json\" class=\"yoast-schema-graph\">{\"@context\":\"https:\\\/\\\/schema.org\",\"@graph\":[{\"@type\":\"WebPage\",\"@id\":\"https:\\\/\\\/www.barth1873.de\\\/en\\\/certificates.html\",\"url\":\"https:\\\/\\\/www.barth1873.de\\\/en\\\/certificates.html\",\"name\":\"Certificates - Barth &amp; Co\",\"isPartOf\":{\"@id\":\"https:\\\/\\\/www.barth1873.de\\\/en\\\/#website\"},\"primaryImageOfPage\":{\"@id\":\"https:\\\/\\\/www.barth1873.de\\\/en\\\/certificates.html#primaryimage\"},\"image\":{\"@id\":\"https:\\\/\\\/www.barth1873.de\\\/en\\\/certificates.html#primaryimage\"},\"thumbnailUrl\":\"https:\\\/\\\/www.barth1873.de\\\/wp-content\\\/uploads\\\/2020\\\/04\\\/zertifikate.jpg\",\"datePublished\":\"2020-04-23T12:56:12+00:00\",\"dateModified\":\"2025-03-19T14:31:04+00:00\",\"breadcrumb\":{\"@id\":\"https:\\\/\\\/www.barth1873.de\\\/en\\\/certificates.html#breadcrumb\"},\"inLanguage\":\"en-US\",\"potentialAction\":[{\"@type\":\"ReadAction\",\"target\":[\"https:\\\/\\\/www.barth1873.de\\\/en\\\/certificates.html\"]}]},{\"@type\":\"ImageObject\",\"inLanguage\":\"en-US\",\"@id\":\"https:\\\/\\\/www.barth1873.de\\\/en\\\/certificates.html#primaryimage\",\"url\":\"https:\\\/\\\/www.barth1873.de\\\/wp-content\\\/uploads\\\/2020\\\/04\\\/zertifikate.jpg\",\"contentUrl\":\"https:\\\/\\\/www.barth1873.de\\\/wp-content\\\/uploads\\\/2020\\\/04\\\/zertifikate.jpg\",\"width\":980,\"height\":700},{\"@type\":\"BreadcrumbList\",\"@id\":\"https:\\\/\\\/www.barth1873.de\\\/en\\\/certificates.html#breadcrumb\",\"itemListElement\":[{\"@type\":\"ListItem\",\"position\":1,\"name\":\"Startseite\",\"item\":\"https:\\\/\\\/www.barth1873.de\\\/en\"},{\"@type\":\"ListItem\",\"position\":2,\"name\":\"Info\",\"item\":\"https:\\\/\\\/www.barth1873.de\\\/en\\\/info-en.html\"},{\"@type\":\"ListItem\",\"position\":3,\"name\":\"Certificates\"}]},{\"@type\":\"WebSite\",\"@id\":\"https:\\\/\\\/www.barth1873.de\\\/en\\\/#website\",\"url\":\"https:\\\/\\\/www.barth1873.de\\\/en\\\/\",\"name\":\"Barth &amp; Co\",\"description\":\"Holz-und Parketthandel\",\"publisher\":{\"@id\":\"https:\\\/\\\/www.barth1873.de\\\/en\\\/#organization\"},\"potentialAction\":[{\"@type\":\"SearchAction\",\"target\":{\"@type\":\"EntryPoint\",\"urlTemplate\":\"https:\\\/\\\/www.barth1873.de\\\/en\\\/?s={search_term_string}\"},\"query-input\":{\"@type\":\"PropertyValueSpecification\",\"valueRequired\":true,\"valueName\":\"search_term_string\"}}],\"inLanguage\":\"en-US\"},{\"@type\":\"Organization\",\"@id\":\"https:\\\/\\\/www.barth1873.de\\\/en\\\/#organization\",\"name\":\"Barth & Co\",\"url\":\"https:\\\/\\\/www.barth1873.de\\\/en\\\/\",\"logo\":{\"@type\":\"ImageObject\",\"inLanguage\":\"en-US\",\"@id\":\"https:\\\/\\\/www.barth1873.de\\\/en\\\/#\\\/schema\\\/logo\\\/image\\\/\",\"url\":\"https:\\\/\\\/www.barth1873.de\\\/wp-content\\\/uploads\\\/2020\\\/04\\\/logo_barth210.png\",\"contentUrl\":\"https:\\\/\\\/www.barth1873.de\\\/wp-content\\\/uploads\\\/2020\\\/04\\\/logo_barth210.png\",\"width\":210,\"height\":53,\"caption\":\"Barth & Co\"},\"image\":{\"@id\":\"https:\\\/\\\/www.barth1873.de\\\/en\\\/#\\\/schema\\\/logo\\\/image\\\/\"}}]}<\/script>\n<!-- \/ Yoast SEO plugin. -->","yoast_head_json":{"title":"Certificates - Barth &amp; Co","robots":{"index":"index","follow":"follow","max-snippet":"max-snippet:-1","max-image-preview":"max-image-preview:large","max-video-preview":"max-video-preview:-1"},"canonical":"https:\/\/www.barth1873.de\/en\/certificates.html","og_locale":"en_US","og_type":"article","og_title":"Certificates - Barth &amp; Co","og_url":"https:\/\/www.barth1873.de\/en\/certificates.html","og_site_name":"Barth &amp; Co","article_modified_time":"2025-03-19T14:31:04+00:00","og_image":[{"width":980,"height":700,"url":"https:\/\/www.barth1873.de\/wp-content\/uploads\/2020\/04\/zertifikate.jpg","type":"image\/jpeg"}],"twitter_card":"summary_large_image","twitter_misc":{"Est. reading time":"1 minute"},"schema":{"@context":"https:\/\/schema.org","@graph":[{"@type":"WebPage","@id":"https:\/\/www.barth1873.de\/en\/certificates.html","url":"https:\/\/www.barth1873.de\/en\/certificates.html","name":"Certificates - Barth &amp; Co","isPartOf":{"@id":"https:\/\/www.barth1873.de\/en\/#website"},"primaryImageOfPage":{"@id":"https:\/\/www.barth1873.de\/en\/certificates.html#primaryimage"},"image":{"@id":"https:\/\/www.barth1873.de\/en\/certificates.html#primaryimage"},"thumbnailUrl":"https:\/\/www.barth1873.de\/wp-content\/uploads\/2020\/04\/zertifikate.jpg","datePublished":"2020-04-23T12:56:12+00:00","dateModified":"2025-03-19T14:31:04+00:00","breadcrumb":{"@id":"https:\/\/www.barth1873.de\/en\/certificates.html#breadcrumb"},"inLanguage":"en-US","potentialAction":[{"@type":"ReadAction","target":["https:\/\/www.barth1873.de\/en\/certificates.html"]}]},{"@type":"ImageObject","inLanguage":"en-US","@id":"https:\/\/www.barth1873.de\/en\/certificates.html#primaryimage","url":"https:\/\/www.barth1873.de\/wp-content\/uploads\/2020\/04\/zertifikate.jpg","contentUrl":"https:\/\/www.barth1873.de\/wp-content\/uploads\/2020\/04\/zertifikate.jpg","width":980,"height":700},{"@type":"BreadcrumbList","@id":"https:\/\/www.barth1873.de\/en\/certificates.html#breadcrumb","itemListElement":[{"@type":"ListItem","position":1,"name":"Startseite","item":"https:\/\/www.barth1873.de\/en"},{"@type":"ListItem","position":2,"name":"Info","item":"https:\/\/www.barth1873.de\/en\/info-en.html"},{"@type":"ListItem","position":3,"name":"Certificates"}]},{"@type":"WebSite","@id":"https:\/\/www.barth1873.de\/en\/#website","url":"https:\/\/www.barth1873.de\/en\/","name":"Barth &amp; Co","description":"Holz-und Parketthandel","publisher":{"@id":"https:\/\/www.barth1873.de\/en\/#organization"},"potentialAction":[{"@type":"SearchAction","target":{"@type":"EntryPoint","urlTemplate":"https:\/\/www.barth1873.de\/en\/?s={search_term_string}"},"query-input":{"@type":"PropertyValueSpecification","valueRequired":true,"valueName":"search_term_string"}}],"inLanguage":"en-US"},{"@type":"Organization","@id":"https:\/\/www.barth1873.de\/en\/#organization","name":"Barth & Co","url":"https:\/\/www.barth1873.de\/en\/","logo":{"@type":"ImageObject","inLanguage":"en-US","@id":"https:\/\/www.barth1873.de\/en\/#\/schema\/logo\/image\/","url":"https:\/\/www.barth1873.de\/wp-content\/uploads\/2020\/04\/logo_barth210.png","contentUrl":"https:\/\/www.barth1873.de\/wp-content\/uploads\/2020\/04\/logo_barth210.png","width":210,"height":53,"caption":"Barth & Co"},"image":{"@id":"https:\/\/www.barth1873.de\/en\/#\/schema\/logo\/image\/"}}]}},"_links":{"self":[{"href":"https:\/\/www.barth1873.de\/en\/wp-json\/wp\/v2\/pages\/86","targetHints":{"allow":["GET"]}}],"collection":[{"href":"https:\/\/www.barth1873.de\/en\/wp-json\/wp\/v2\/pages"}],"about":[{"href":"https:\/\/www.barth1873.de\/en\/wp-json\/wp\/v2\/types\/page"}],"author":[{"embeddable":true,"href":"https:\/\/www.barth1873.de\/en\/wp-json\/wp\/v2\/users\/1"}],"replies":[{"embeddable":true,"href":"https:\/\/www.barth1873.de\/en\/wp-json\/wp\/v2\/comments?post=86"}],"version-history":[{"count":2,"href":"https:\/\/www.barth1873.de\/en\/wp-json\/wp\/v2\/pages\/86\/revisions"}],"predecessor-version":[{"id":20326,"href":"https:\/\/www.barth1873.de\/en\/wp-json\/wp\/v2\/pages\/86\/revisions\/20326"}],"up":[{"embeddable":true,"href":"https:\/\/www.barth1873.de\/en\/wp-json\/wp\/v2\/pages\/82"}],"wp:featuredmedia":[{"embeddable":true,"href":"https:\/\/www.barth1873.de\/en\/wp-json\/wp\/v2\/media\/260"}],"wp:attachment":[{"href":"https:\/\/www.barth1873.de\/en\/wp-json\/wp\/v2\/media?parent=86"}],"curies":[{"name":"wp","href":"https:\/\/api.w.org\/{rel}","templated":true}]}}