{"id":88,"date":"2020-04-23T15:09:03","date_gmt":"2020-04-23T13:09:03","guid":{"rendered":"https:\/\/www.barth1873.de\/?page_id=88"},"modified":"2020-05-04T19:03:41","modified_gmt":"2020-05-04T17:03:41","slug":"eu-holzhandelsverordnung","status":"publish","type":"page","link":"https:\/\/www.barth1873.de\/de\/eu-holzhandelsverordnung.html","title":{"rendered":"EU-Holzhandelsverordnung"},"content":{"rendered":"\n<p>Seit dem 01.03.2013 ist die EU-Holzhandelsverordnung in Kraft.<br>Ziel der Verordnung ist es, den Import von illegalem Holz nach Europa zu unterbinden.<\/p>\n\n\n\n<p>Es gibt im Handel eine gro\u00dfe Unsicherheit, wie mit dieser Verordnung umzugehen ist.<br>Wir geben Orientierung.<\/p>\n\n\n\n<hr class=\"wp-block-separator\"\/>\n\n\n<p class=\"pdf\"><a href=\"https:\/\/www.barth1873.de\/wp-content\/uploads\/2020\/04\/EU-Erklaerung.pdf\">Erl\u00e4uterung zur EU-Verordnung<\/a><\/p>\n\n\n<hr class=\"wp-block-separator\"\/>\n\n\n\n<p><a href=\"http:\/\/www.euflegt.efi.int\/portal\/home\/vpa_countries\" target=\"_blank\" rel=\"noreferrer noopener\">Eine \u00dcbersicht der L\u00e4nder<\/a>, welche die freiwilligen Partnerschaftsabkommen (Voluntary Partnership Agreement \/VPA) unterzeichnet haben.<\/p>\n\n\n\n<hr class=\"wp-block-separator\"\/>\n","protected":false},"excerpt":{"rendered":"<p>Seit dem 01.03.2013 ist die EU-Holzhandelsverordnung in Kraft.Ziel der Verordnung ist es, den Import von illegalem Holz nach Europa zu unterbinden. Es gibt im Handel eine gro\u00dfe Unsicherheit, wie mit dieser Verordnung umzugehen ist.Wir geben Orientierung. Eine \u00dcbersicht der L\u00e4nder, welche die freiwilligen Partnerschaftsabkommen (Voluntary Partnership Agreement \/VPA) unterzeichnet haben.<\/p>\n","protected":false},"author":1,"featured_media":489,"parent":80,"menu_order":0,"comment_status":"closed","ping_status":"closed","template":"","meta":{"footnotes":""},"class_list":["post-88","page","type-page","status-publish","has-post-thumbnail","hentry"],"yoast_head":"<!-- This site is optimized with the Yoast SEO plugin v27.4 - https:\/\/yoast.com\/product\/yoast-seo-wordpress\/ -->\n<title>Holzverordnung - Barth &amp; Co<\/title>\n<meta name=\"description\" content=\"&quot;Seit dem 01.03.2013 ist die EU-Holzhandelsverordnung in Kraft. Ziel der Verordnung ist es, den Import von illegalem Holz nach Europa zu unterbinden. Es gibt im Handel eine gro\u00dfe Unsicherheit, wie mit dieser Verordnung umzugehen ist. Wir geben Orientierung&quot;\" \/>\n<meta name=\"robots\" content=\"index, follow, max-snippet:-1, max-image-preview:large, max-video-preview:-1\" \/>\n<link rel=\"canonical\" href=\"https:\/\/www.barth1873.de\/de\/eu-holzhandelsverordnung.html\" \/>\n<meta property=\"og:locale\" content=\"de_DE\" \/>\n<meta property=\"og:type\" content=\"article\" \/>\n<meta property=\"og:title\" content=\"Holzverordnung - Barth &amp; Co\" \/>\n<meta property=\"og:description\" content=\"&quot;Seit dem 01.03.2013 ist die EU-Holzhandelsverordnung in Kraft. Ziel der Verordnung ist es, den Import von illegalem Holz nach Europa zu unterbinden. Es gibt im Handel eine gro\u00dfe Unsicherheit, wie mit dieser Verordnung umzugehen ist. Wir geben Orientierung&quot;\" \/>\n<meta property=\"og:url\" content=\"https:\/\/www.barth1873.de\/de\/eu-holzhandelsverordnung.html\" \/>\n<meta property=\"og:site_name\" content=\"Barth &amp; Co\" \/>\n<meta property=\"article:modified_time\" content=\"2020-05-04T17:03:41+00:00\" \/>\n<meta property=\"og:image\" content=\"https:\/\/www.barth1873.de\/wp-content\/uploads\/2020\/04\/Flagge_EU.jpg\" \/>\n\t<meta property=\"og:image:width\" content=\"980\" \/>\n\t<meta property=\"og:image:height\" content=\"700\" \/>\n\t<meta property=\"og:image:type\" content=\"image\/jpeg\" \/>\n<meta name=\"twitter:card\" content=\"summary_large_image\" \/>\n<script type=\"application\/ld+json\" class=\"yoast-schema-graph\">{\"@context\":\"https:\\\/\\\/schema.org\",\"@graph\":[{\"@type\":\"WebPage\",\"@id\":\"https:\\\/\\\/www.barth1873.de\\\/de\\\/eu-holzhandelsverordnung.html\",\"url\":\"https:\\\/\\\/www.barth1873.de\\\/de\\\/eu-holzhandelsverordnung.html\",\"name\":\"Holzverordnung - Barth &amp; Co\",\"isPartOf\":{\"@id\":\"https:\\\/\\\/www.barth1873.de\\\/de\\\/#website\"},\"primaryImageOfPage\":{\"@id\":\"https:\\\/\\\/www.barth1873.de\\\/de\\\/eu-holzhandelsverordnung.html#primaryimage\"},\"image\":{\"@id\":\"https:\\\/\\\/www.barth1873.de\\\/de\\\/eu-holzhandelsverordnung.html#primaryimage\"},\"thumbnailUrl\":\"https:\\\/\\\/www.barth1873.de\\\/wp-content\\\/uploads\\\/2020\\\/04\\\/Flagge_EU.jpg\",\"datePublished\":\"2020-04-23T13:09:03+00:00\",\"dateModified\":\"2020-05-04T17:03:41+00:00\",\"description\":\"\\\"Seit dem 01.03.2013 ist die EU-Holzhandelsverordnung in Kraft. Ziel der Verordnung ist es, den Import von illegalem Holz nach Europa zu unterbinden. Es gibt im Handel eine gro\u00dfe Unsicherheit, wie mit dieser Verordnung umzugehen ist. Wir geben Orientierung\\\"\",\"breadcrumb\":{\"@id\":\"https:\\\/\\\/www.barth1873.de\\\/de\\\/eu-holzhandelsverordnung.html#breadcrumb\"},\"inLanguage\":\"de\",\"potentialAction\":[{\"@type\":\"ReadAction\",\"target\":[\"https:\\\/\\\/www.barth1873.de\\\/de\\\/eu-holzhandelsverordnung.html\"]}]},{\"@type\":\"ImageObject\",\"inLanguage\":\"de\",\"@id\":\"https:\\\/\\\/www.barth1873.de\\\/de\\\/eu-holzhandelsverordnung.html#primaryimage\",\"url\":\"https:\\\/\\\/www.barth1873.de\\\/wp-content\\\/uploads\\\/2020\\\/04\\\/Flagge_EU.jpg\",\"contentUrl\":\"https:\\\/\\\/www.barth1873.de\\\/wp-content\\\/uploads\\\/2020\\\/04\\\/Flagge_EU.jpg\",\"width\":980,\"height\":700},{\"@type\":\"BreadcrumbList\",\"@id\":\"https:\\\/\\\/www.barth1873.de\\\/de\\\/eu-holzhandelsverordnung.html#breadcrumb\",\"itemListElement\":[{\"@type\":\"ListItem\",\"position\":1,\"name\":\"Startseite\",\"item\":\"https:\\\/\\\/www.barth1873.de\\\/de\"},{\"@type\":\"ListItem\",\"position\":2,\"name\":\"Info\",\"item\":\"https:\\\/\\\/www.barth1873.de\\\/de\\\/info.html\"},{\"@type\":\"ListItem\",\"position\":3,\"name\":\"EU-Holzhandelsverordnung\"}]},{\"@type\":\"WebSite\",\"@id\":\"https:\\\/\\\/www.barth1873.de\\\/de\\\/#website\",\"url\":\"https:\\\/\\\/www.barth1873.de\\\/de\\\/\",\"name\":\"Barth &amp; Co\",\"description\":\"Holz-und Parketthandel\",\"publisher\":{\"@id\":\"https:\\\/\\\/www.barth1873.de\\\/de\\\/#organization\"},\"potentialAction\":[{\"@type\":\"SearchAction\",\"target\":{\"@type\":\"EntryPoint\",\"urlTemplate\":\"https:\\\/\\\/www.barth1873.de\\\/de\\\/?s={search_term_string}\"},\"query-input\":{\"@type\":\"PropertyValueSpecification\",\"valueRequired\":true,\"valueName\":\"search_term_string\"}}],\"inLanguage\":\"de\"},{\"@type\":\"Organization\",\"@id\":\"https:\\\/\\\/www.barth1873.de\\\/de\\\/#organization\",\"name\":\"Barth & Co\",\"url\":\"https:\\\/\\\/www.barth1873.de\\\/de\\\/\",\"logo\":{\"@type\":\"ImageObject\",\"inLanguage\":\"de\",\"@id\":\"https:\\\/\\\/www.barth1873.de\\\/de\\\/#\\\/schema\\\/logo\\\/image\\\/\",\"url\":\"https:\\\/\\\/www.barth1873.de\\\/wp-content\\\/uploads\\\/2020\\\/04\\\/logo_barth210.png\",\"contentUrl\":\"https:\\\/\\\/www.barth1873.de\\\/wp-content\\\/uploads\\\/2020\\\/04\\\/logo_barth210.png\",\"width\":210,\"height\":53,\"caption\":\"Barth & Co\"},\"image\":{\"@id\":\"https:\\\/\\\/www.barth1873.de\\\/de\\\/#\\\/schema\\\/logo\\\/image\\\/\"}}]}<\/script>\n<!-- \/ Yoast SEO plugin. -->","yoast_head_json":{"title":"Holzverordnung - Barth &amp; Co","description":"\"Seit dem 01.03.2013 ist die EU-Holzhandelsverordnung in Kraft. Ziel der Verordnung ist es, den Import von illegalem Holz nach Europa zu unterbinden. Es gibt im Handel eine gro\u00dfe Unsicherheit, wie mit dieser Verordnung umzugehen ist. Wir geben Orientierung\"","robots":{"index":"index","follow":"follow","max-snippet":"max-snippet:-1","max-image-preview":"max-image-preview:large","max-video-preview":"max-video-preview:-1"},"canonical":"https:\/\/www.barth1873.de\/de\/eu-holzhandelsverordnung.html","og_locale":"de_DE","og_type":"article","og_title":"Holzverordnung - Barth &amp; Co","og_description":"\"Seit dem 01.03.2013 ist die EU-Holzhandelsverordnung in Kraft. Ziel der Verordnung ist es, den Import von illegalem Holz nach Europa zu unterbinden. Es gibt im Handel eine gro\u00dfe Unsicherheit, wie mit dieser Verordnung umzugehen ist. Wir geben Orientierung\"","og_url":"https:\/\/www.barth1873.de\/de\/eu-holzhandelsverordnung.html","og_site_name":"Barth &amp; Co","article_modified_time":"2020-05-04T17:03:41+00:00","og_image":[{"width":980,"height":700,"url":"https:\/\/www.barth1873.de\/wp-content\/uploads\/2020\/04\/Flagge_EU.jpg","type":"image\/jpeg"}],"twitter_card":"summary_large_image","schema":{"@context":"https:\/\/schema.org","@graph":[{"@type":"WebPage","@id":"https:\/\/www.barth1873.de\/de\/eu-holzhandelsverordnung.html","url":"https:\/\/www.barth1873.de\/de\/eu-holzhandelsverordnung.html","name":"Holzverordnung - Barth &amp; Co","isPartOf":{"@id":"https:\/\/www.barth1873.de\/de\/#website"},"primaryImageOfPage":{"@id":"https:\/\/www.barth1873.de\/de\/eu-holzhandelsverordnung.html#primaryimage"},"image":{"@id":"https:\/\/www.barth1873.de\/de\/eu-holzhandelsverordnung.html#primaryimage"},"thumbnailUrl":"https:\/\/www.barth1873.de\/wp-content\/uploads\/2020\/04\/Flagge_EU.jpg","datePublished":"2020-04-23T13:09:03+00:00","dateModified":"2020-05-04T17:03:41+00:00","description":"\"Seit dem 01.03.2013 ist die EU-Holzhandelsverordnung in Kraft. Ziel der Verordnung ist es, den Import von illegalem Holz nach Europa zu unterbinden. Es gibt im Handel eine gro\u00dfe Unsicherheit, wie mit dieser Verordnung umzugehen ist. Wir geben Orientierung\"","breadcrumb":{"@id":"https:\/\/www.barth1873.de\/de\/eu-holzhandelsverordnung.html#breadcrumb"},"inLanguage":"de","potentialAction":[{"@type":"ReadAction","target":["https:\/\/www.barth1873.de\/de\/eu-holzhandelsverordnung.html"]}]},{"@type":"ImageObject","inLanguage":"de","@id":"https:\/\/www.barth1873.de\/de\/eu-holzhandelsverordnung.html#primaryimage","url":"https:\/\/www.barth1873.de\/wp-content\/uploads\/2020\/04\/Flagge_EU.jpg","contentUrl":"https:\/\/www.barth1873.de\/wp-content\/uploads\/2020\/04\/Flagge_EU.jpg","width":980,"height":700},{"@type":"BreadcrumbList","@id":"https:\/\/www.barth1873.de\/de\/eu-holzhandelsverordnung.html#breadcrumb","itemListElement":[{"@type":"ListItem","position":1,"name":"Startseite","item":"https:\/\/www.barth1873.de\/de"},{"@type":"ListItem","position":2,"name":"Info","item":"https:\/\/www.barth1873.de\/de\/info.html"},{"@type":"ListItem","position":3,"name":"EU-Holzhandelsverordnung"}]},{"@type":"WebSite","@id":"https:\/\/www.barth1873.de\/de\/#website","url":"https:\/\/www.barth1873.de\/de\/","name":"Barth &amp; Co","description":"Holz-und Parketthandel","publisher":{"@id":"https:\/\/www.barth1873.de\/de\/#organization"},"potentialAction":[{"@type":"SearchAction","target":{"@type":"EntryPoint","urlTemplate":"https:\/\/www.barth1873.de\/de\/?s={search_term_string}"},"query-input":{"@type":"PropertyValueSpecification","valueRequired":true,"valueName":"search_term_string"}}],"inLanguage":"de"},{"@type":"Organization","@id":"https:\/\/www.barth1873.de\/de\/#organization","name":"Barth & Co","url":"https:\/\/www.barth1873.de\/de\/","logo":{"@type":"ImageObject","inLanguage":"de","@id":"https:\/\/www.barth1873.de\/de\/#\/schema\/logo\/image\/","url":"https:\/\/www.barth1873.de\/wp-content\/uploads\/2020\/04\/logo_barth210.png","contentUrl":"https:\/\/www.barth1873.de\/wp-content\/uploads\/2020\/04\/logo_barth210.png","width":210,"height":53,"caption":"Barth & Co"},"image":{"@id":"https:\/\/www.barth1873.de\/de\/#\/schema\/logo\/image\/"}}]}},"_links":{"self":[{"href":"https:\/\/www.barth1873.de\/de\/wp-json\/wp\/v2\/pages\/88","targetHints":{"allow":["GET"]}}],"collection":[{"href":"https:\/\/www.barth1873.de\/de\/wp-json\/wp\/v2\/pages"}],"about":[{"href":"https:\/\/www.barth1873.de\/de\/wp-json\/wp\/v2\/types\/page"}],"author":[{"embeddable":true,"href":"https:\/\/www.barth1873.de\/de\/wp-json\/wp\/v2\/users\/1"}],"replies":[{"embeddable":true,"href":"https:\/\/www.barth1873.de\/de\/wp-json\/wp\/v2\/comments?post=88"}],"version-history":[{"count":1,"href":"https:\/\/www.barth1873.de\/de\/wp-json\/wp\/v2\/pages\/88\/revisions"}],"predecessor-version":[{"id":3115,"href":"https:\/\/www.barth1873.de\/de\/wp-json\/wp\/v2\/pages\/88\/revisions\/3115"}],"up":[{"embeddable":true,"href":"https:\/\/www.barth1873.de\/de\/wp-json\/wp\/v2\/pages\/80"}],"wp:featuredmedia":[{"embeddable":true,"href":"https:\/\/www.barth1873.de\/de\/wp-json\/wp\/v2\/media\/489"}],"wp:attachment":[{"href":"https:\/\/www.barth1873.de\/de\/wp-json\/wp\/v2\/media?parent=88"}],"curies":[{"name":"wp","href":"https:\/\/api.w.org\/{rel}","templated":true}]}}