{"id":7198,"date":"2023-06-30T09:59:48","date_gmt":"2023-06-30T07:59:48","guid":{"rendered":"https:\/\/www.barth1873.de\/?page_id=7198"},"modified":"2023-09-15T11:50:32","modified_gmt":"2023-09-15T09:50:32","slug":"ausbildung-zum-kaufmann-frau-fuer-gross-und-aussenhandelsmanagement","status":"publish","type":"page","link":"https:\/\/www.barth1873.de\/de\/ausbildung-zum-kaufmann-frau-fuer-gross-und-aussenhandelsmanagement.html","title":{"rendered":"Ausbildung zum Kaufmann\/-Frau f\u00fcr Gro\u00df- und Au\u00dfenhandelsmanagement"},"content":{"rendered":"\n<figure class=\"wp-block-image size-full\"><img loading=\"lazy\" decoding=\"async\" width=\"1024\" height=\"341\" src=\"https:\/\/www.barth1873.de\/wp-content\/uploads\/2023\/06\/Auzbi-Innendienst-Vertrieb-Header-1024x341px.jpg\" alt=\"\" class=\"wp-image-7199\" srcset=\"https:\/\/www.barth1873.de\/wp-content\/uploads\/2023\/06\/Auzbi-Innendienst-Vertrieb-Header-1024x341px.jpg 1024w, https:\/\/www.barth1873.de\/wp-content\/uploads\/2023\/06\/Auzbi-Innendienst-Vertrieb-Header-1024x341px-300x100.jpg 300w, https:\/\/www.barth1873.de\/wp-content\/uploads\/2023\/06\/Auzbi-Innendienst-Vertrieb-Header-1024x341px-768x256.jpg 768w\" sizes=\"auto, (max-width: 1024px) 100vw, 1024px\" \/><\/figure>\n\n\n\n<p>Schule vorbei und einen Abschluss in der Tasche? Endlich kannst du den ersten Schritt in Deine berufliche Zukunft starten! Wo? Nat\u00fcrlich bei uns! W\u00e4hrend Deiner dreij\u00e4hrigen Ausbildung lernst Du alles \u00fcber den Berufsalltag in einem Familienunternehmen kennen.<br>Du ber\u00e4tst unsere Kunden, hast Kontakt zu unseren Herstellern und Lieferanten, erstellst Angebote und \u00fcbernimmst die Organisation von Auftr\u00e4gen. Zudem erh\u00e4ltst Du Einblicke in die logistischen Prozesse und \u00fcberwachst, ob Liefertermine eingehalten werden.<br>Sehr wichtig dabei ist, dass Du gut mit Menschen umgehen kannst und daran auch ehrlichen Spa\u00df hast. Ferner ist ein Organisationstalent vorteilhaft, um stets einen sorgf\u00e4ltigen \u00dcberblick \u00fcber viele unterschiedliche T\u00e4tigkeitsfelder zu behalten. Dabei kannst Du Dich immer auf ein sehr kompetentes Team bei Barth &amp; Co verlassen, so dass Du schnell alles lernst, was Du brauchst, um selbstst\u00e4ndig und eigenverantwortlich zu arbeiten.<\/p>\n\n\n\n<h1 class=\"wp-block-heading\" style=\"padding-top:var(--wp--preset--spacing--40);padding-bottom:var(--wp--preset--spacing--40)\">Ausbildung zum Kaufmann\/-frau f\u00fcr Gro\u00df- und Au\u00dfenhandelsmanagement<sub> (w\/m\/d) <\/sub><\/h1>\n\n\n\n<div class=\"wp-block-group has-background\" style=\"background-color:#f1ede7;padding-top:var(--wp--preset--spacing--40);padding-right:var(--wp--preset--spacing--40);padding-bottom:var(--wp--preset--spacing--20);padding-left:var(--wp--preset--spacing--40)\"><div class=\"wp-block-group__inner-container is-layout-constrained wp-container-core-group-is-layout-11db30c6 wp-block-group-is-layout-constrained\">\n<div class=\"wp-block-columns is-layout-flex wp-container-core-columns-is-layout-28f84493 wp-block-columns-is-layout-flex\">\n<div class=\"wp-block-column is-layout-flow wp-block-column-is-layout-flow\">\n<h2 class=\"wp-block-heading\">Das lernst du<\/h2>\n\n\n\n<ul class=\"wp-block-list\">\n<li>Umfassendes Fach- und Produktwissen<\/li>\n\n\n\n<li>Umfangreiche T\u00e4tigkeiten in der Auftragsbearbeitung<\/li>\n\n\n\n<li>Alle Arbeitsprozesse im Zusammenhang mit Einkauf und Vertrieb<\/li>\n\n\n\n<li>Selbstst\u00e4ndige Betreuung von Kunden<\/li>\n\n\n\n<li>Ermittlung von Bezugsquellen in der Warenbeschaffung<\/li>\n\n\n\n<li>Entwicklung neuer M\u00e4rkte und Gesch\u00e4ftsfelder<\/li>\n\n\n\n<li>Termingerechte Kontrolle unterschiedlicher Warenstr\u00f6me<\/li>\n<\/ul>\n<\/div>\n\n\n\n<div class=\"wp-block-column is-layout-flow wp-block-column-is-layout-flow\">\n<h2 class=\"wp-block-heading\">Dein Profil<\/h2>\n\n\n\n<ul class=\"wp-block-list\">\n<li>Du besitzt mindestens einen Realschulabschluss sowie Deutschkenntnisse in Wort und Schrift und gute Mathematik Kenntnisse<\/li>\n\n\n\n<li>Spa\u00df am direkten Kontakt zum Kunden<\/li>\n\n\n\n<li>Kaufm\u00e4nnisches Denken<\/li>\n\n\n\n<li>Sorgf\u00e4ltige Arbeitsweise<\/li>\n\n\n\n<li>Interesse an Wirtschaft sind vorteilshaft<\/li>\n\n\n\n<li>Grundkenntnisse am PC w\u00e4ren w\u00fcnschenswert<\/li>\n<\/ul>\n<\/div>\n<\/div>\n<\/div><\/div>\n\n\n\n<div style=\"height:30px\" aria-hidden=\"true\" class=\"wp-block-spacer\"><\/div>\n\n\n\n<div class=\"wp-block-group has-text-color has-background\" style=\"color:#ffffff;background-color:#4b2a00;padding-top:var(--wp--preset--spacing--40);padding-right:var(--wp--preset--spacing--40);padding-bottom:var(--wp--preset--spacing--20);padding-left:var(--wp--preset--spacing--40)\"><div class=\"wp-block-group__inner-container is-layout-constrained wp-container-core-group-is-layout-11db30c6 wp-block-group-is-layout-constrained\">\n<h2 class=\"wp-block-heading\">Wir bieten dir<\/h2>\n\n\n\n<div class=\"wp-block-columns is-layout-flex wp-container-core-columns-is-layout-28f84493 wp-block-columns-is-layout-flex\">\n<div class=\"wp-block-column is-layout-flow wp-block-column-is-layout-flow\">\n<ul class=\"wp-block-list\">\n<li>Abwechslungsreiche Arbeit mit toller Arbeitsatmosph\u00e4re<\/li>\n\n\n\n<li>Ein spannendes Arbeitsumfeld in einem traditionsreichsten Familienunternehmen der Region<\/li>\n\n\n\n<li>eine \u00dcbernahmegarantie bei guten Leistungen<\/li>\n<\/ul>\n<\/div>\n\n\n\n<div class=\"wp-block-column is-layout-flow wp-block-column-is-layout-flow\">\n<ul class=\"wp-block-list\">\n<li>\u00dcbernahme der Kosten f\u00fcr Lehrmittel, Pr\u00fcfungsvorbereitungskurse u.v.m.<\/li>\n\n\n\n<li>Team-Veranstaltungen und j\u00e4hrliche Weihnachtsfeier<\/li>\n\n\n\n<li>Kostenloses Wasser sowie Tee- und Kaffeespezialit\u00e4ten<\/li>\n<\/ul>\n<\/div>\n<\/div>\n<\/div><\/div>\n\n\n\n<div style=\"height:30px\" aria-hidden=\"true\" class=\"wp-block-spacer\"><\/div>\n\n\n\n<div class=\"wp-block-group has-text-color has-background\" style=\"color:#ffffff;background-color:#9b9183;padding-top:var(--wp--preset--spacing--40);padding-right:var(--wp--preset--spacing--40);padding-bottom:var(--wp--preset--spacing--40);padding-left:var(--wp--preset--spacing--40)\"><div class=\"wp-block-group__inner-container is-layout-constrained wp-container-core-group-is-layout-a666d811 wp-block-group-is-layout-constrained\">\n<h2 class=\"wp-block-heading has-text-color\" style=\"color:#ffffff\"><strong>Zur vollst\u00e4ndigen Stellenbeschreibung:<\/strong><\/h2>\n\n\n<p class=\"pdf\"><a href=\"https:\/\/www.barth1873.de\/wp-content\/uploads\/2023\/06\/2023_barth_stellenangebot_Azubi-Kaufmann-frau-fuer-Gross-und-Aussenhandelsmanagement.pdf\">Ausbildung zum Kaufmann\/-frau f\u00fcr Gro\u00df- und Au\u00dfenhandelsmanagement (w\/m\/d)<\/a><\/p><\/div><\/div>\n\n\n\n<div style=\"height:30px\" aria-hidden=\"true\" class=\"wp-block-spacer\"><\/div>\n\n\n\n<div class=\"wp-block-columns is-layout-flex wp-container-core-columns-is-layout-28f84493 wp-block-columns-is-layout-flex\">\n<div class=\"wp-block-column is-layout-flow wp-block-column-is-layout-flow\">\n<h2 class=\"wp-block-heading\"><strong>Jetzt bewerben:<\/strong><\/h2>\n\n\n\n<div class=\"wp-block-contact-form-7-contact-form-selector\">\n<div class=\"wpcf7 no-js\" id=\"wpcf7-f6916-o1\" lang=\"de-DE\" dir=\"ltr\" data-wpcf7-id=\"6916\">\n<div class=\"screen-reader-response\"><p role=\"status\" aria-live=\"polite\" aria-atomic=\"true\"><\/p> <ul><\/ul><\/div>\n<form action=\"\/de\/wp-json\/wp\/v2\/pages\/7198#wpcf7-f6916-o1\" method=\"post\" class=\"wpcf7-form init\" aria-label=\"Kontaktformular\" enctype=\"multipart\/form-data\" novalidate=\"novalidate\" data-status=\"init\">\n<fieldset class=\"hidden-fields-container\"><input type=\"hidden\" name=\"_wpcf7\" value=\"6916\" \/><input type=\"hidden\" name=\"_wpcf7_version\" value=\"6.1.5\" \/><input type=\"hidden\" name=\"_wpcf7_locale\" value=\"de_DE\" \/><input type=\"hidden\" name=\"_wpcf7_unit_tag\" value=\"wpcf7-f6916-o1\" \/><input type=\"hidden\" name=\"_wpcf7_container_post\" value=\"0\" \/><input type=\"hidden\" name=\"_wpcf7_posted_data_hash\" value=\"\" \/><input type=\"hidden\" name=\"_wpcf7dtx_version\" value=\"5.0.5\" \/>\n<\/fieldset>\n<p class=\"contactform_p\"><label>Name und Vorname<\/label><br \/>\n<span class=\"wpcf7-form-control-wrap\" data-name=\"your-name\"><input size=\"40\" maxlength=\"400\" class=\"wpcf7-form-control wpcf7-text\" aria-invalid=\"false\" value=\"\" type=\"text\" name=\"your-name\" \/><\/span>\n<\/p>\n<p class=\"contactform_p\"><label>E-Mail *<\/label><br \/>\n<span class=\"wpcf7-form-control-wrap\" data-name=\"your-email\"><input size=\"40\" maxlength=\"400\" class=\"wpcf7-form-control wpcf7-email wpcf7-validates-as-required wpcf7-text wpcf7-validates-as-email\" aria-required=\"true\" aria-invalid=\"false\" value=\"\" type=\"email\" name=\"your-email\" \/><\/span>\n<\/p>\n<p class=\"contactform_p\"><label> Telefon<\/label><br \/>\n<span class=\"wpcf7-form-control-wrap\" data-name=\"telefon\"><input size=\"40\" maxlength=\"400\" class=\"wpcf7-form-control wpcf7-text\" aria-invalid=\"false\" value=\"\" type=\"text\" name=\"telefon\" \/><\/span>\n<\/p>\n<p><label>Anmerkungen:<\/label><br \/>\n<span class=\"wpcf7-form-control-wrap\" data-name=\"your-message\"><textarea cols=\"40\" rows=\"10\" maxlength=\"2000\" class=\"wpcf7-form-control wpcf7-textarea\" aria-invalid=\"false\" name=\"your-message\"><\/textarea><\/span>\n<\/p>\n<p><span class=\"wpcf7-form-control-wrap inputname\" data-name=\"inputname\"><input type=\"text\" name=\"inputname\" class=\"wpcf7-form-control wpcf7-text wpcf7dtx wpcf7dtx-text\" aria-invalid=\"false\" value=\"Ausbildung zum Kaufmann\/-Frau f\u00fcr Gro\u00df- und Au\u00dfenhandelsmanagement\"><\/span>\n<\/p>\n<p class=\"contactform_p\"><label><br \/>\nBewerbungsdaten:<\/label><br \/>\n<span class=\"wpcf7-form-control-wrap\" data-name=\"Bewerbung\"><input size=\"40\" class=\"wpcf7-form-control wpcf7-file\" accept=\"image\/*,.txt,application\/pdf\" aria-invalid=\"false\" type=\"file\" name=\"Bewerbung\" \/><\/span>\n<\/p>\n<p class=\"contactform_p text-left\"><br \/>\n<span class=\"wpcf7-form-control-wrap\" data-name=\"checkbox-datenschutz\"><span class=\"wpcf7-form-control wpcf7-checkbox wpcf7-validates-as-required\"><span class=\"wpcf7-list-item first last\"><label><input type=\"checkbox\" name=\"checkbox-datenschutz[]\" value=\"Ja, ich habe die Datenschutzerkl\u00e4rung gelesen und akzeptiert und erteile hiermit die Erlaubnis meine Kontaktdaten f\u00fcr die Weiterverarbeitung meiner Anfrage zu speichern und zu verwenden*\" \/><span class=\"wpcf7-list-item-label\">Ja, ich habe die Datenschutzerkl\u00e4rung gelesen und akzeptiert und erteile hiermit die Erlaubnis meine Kontaktdaten f\u00fcr die Weiterverarbeitung meiner Anfrage zu speichern und zu verwenden*<\/span><\/label><\/span><\/span><\/span><br \/>\n<a href=\"https:\/\/www.barth1873.de\/de\/datenschutz.html\" target=\"_blank\" titel=\"Zur Datenschutzerkl\u00e4rung\">Zur Datenschutzerkl\u00e4rung<\/a>\n<\/p>\n<p><input class=\"wpcf7-form-control wpcf7-submit has-spinner\" type=\"submit\" value=\"Abschicken\" \/>\n<\/p>\n<p><small>*Pflichtfeld<\/small>\n<\/p><div class=\"wpcf7-response-output\" aria-hidden=\"true\"><\/div>\n<\/form>\n<\/div>\n<\/div>\n<\/div>\n\n\n\n<div class=\"wp-block-column is-layout-flow wp-block-column-is-layout-flow\"><\/div>\n<\/div>\n","protected":false},"excerpt":{"rendered":"<p>Schule vorbei und einen Abschluss in der Tasche? Endlich kannst du den ersten Schritt in Deine berufliche Zukunft starten! Wo? Nat\u00fcrlich bei uns! W\u00e4hrend Deiner dreij\u00e4hrigen Ausbildung lernst Du alles \u00fcber den Berufsalltag in einem Familienunternehmen kennen.Du ber\u00e4tst unsere Kunden, hast Kontakt zu unseren Herstellern und Lieferanten, erstellst Angebote und \u00fcbernimmst die Organisation von Auftr\u00e4gen. [&hellip;]<\/p>\n","protected":false},"author":2,"featured_media":0,"parent":0,"menu_order":0,"comment_status":"closed","ping_status":"closed","template":"2023-dragdrop-template.php","meta":{"footnotes":""},"class_list":["post-7198","page","type-page","status-publish","hentry"],"yoast_head":"<!-- This site is optimized with the Yoast SEO plugin v27.4 - https:\/\/yoast.com\/product\/yoast-seo-wordpress\/ -->\n<title>Ausbildung zum Kaufmann\/-Frau f\u00fcr Gro\u00df- und Au\u00dfenhandelsmanagement - Barth &amp; Co<\/title>\n<meta name=\"robots\" content=\"index, follow, max-snippet:-1, max-image-preview:large, max-video-preview:-1\" \/>\n<link rel=\"canonical\" href=\"https:\/\/www.barth1873.de\/de\/ausbildung-zum-kaufmann-frau-fuer-gross-und-aussenhandelsmanagement.html\" \/>\n<meta property=\"og:locale\" content=\"de_DE\" \/>\n<meta property=\"og:type\" content=\"article\" \/>\n<meta property=\"og:title\" content=\"Ausbildung zum Kaufmann\/-Frau f\u00fcr Gro\u00df- und Au\u00dfenhandelsmanagement - Barth &amp; Co\" \/>\n<meta property=\"og:description\" content=\"Schule vorbei und einen Abschluss in der Tasche? Endlich kannst du den ersten Schritt in Deine berufliche Zukunft starten! Wo? Nat\u00fcrlich bei uns! W\u00e4hrend Deiner dreij\u00e4hrigen Ausbildung lernst Du alles \u00fcber den Berufsalltag in einem Familienunternehmen kennen.Du ber\u00e4tst unsere Kunden, hast Kontakt zu unseren Herstellern und Lieferanten, erstellst Angebote und \u00fcbernimmst die Organisation von Auftr\u00e4gen. [&hellip;]\" \/>\n<meta property=\"og:url\" content=\"https:\/\/www.barth1873.de\/de\/ausbildung-zum-kaufmann-frau-fuer-gross-und-aussenhandelsmanagement.html\" \/>\n<meta property=\"og:site_name\" content=\"Barth &amp; Co\" \/>\n<meta property=\"article:modified_time\" content=\"2023-09-15T09:50:32+00:00\" \/>\n<meta property=\"og:image\" content=\"https:\/\/www.barth1873.de\/wp-content\/uploads\/2023\/06\/Auzbi-Innendienst-Vertrieb-Header-1024x341px.jpg\" \/>\n<meta name=\"twitter:card\" content=\"summary_large_image\" \/>\n<meta name=\"twitter:label1\" content=\"Gesch\u00e4tzte Lesezeit\" \/>\n\t<meta name=\"twitter:data1\" content=\"2\u00a0Minuten\" \/>\n<script type=\"application\/ld+json\" class=\"yoast-schema-graph\">{\"@context\":\"https:\\\/\\\/schema.org\",\"@graph\":[{\"@type\":\"WebPage\",\"@id\":\"https:\\\/\\\/www.barth1873.de\\\/de\\\/ausbildung-zum-kaufmann-frau-fuer-gross-und-aussenhandelsmanagement.html\",\"url\":\"https:\\\/\\\/www.barth1873.de\\\/de\\\/ausbildung-zum-kaufmann-frau-fuer-gross-und-aussenhandelsmanagement.html\",\"name\":\"Ausbildung zum Kaufmann\\\/-Frau f\u00fcr Gro\u00df- und Au\u00dfenhandelsmanagement - Barth &amp; Co\",\"isPartOf\":{\"@id\":\"https:\\\/\\\/www.barth1873.de\\\/de\\\/#website\"},\"primaryImageOfPage\":{\"@id\":\"https:\\\/\\\/www.barth1873.de\\\/de\\\/ausbildung-zum-kaufmann-frau-fuer-gross-und-aussenhandelsmanagement.html#primaryimage\"},\"image\":{\"@id\":\"https:\\\/\\\/www.barth1873.de\\\/de\\\/ausbildung-zum-kaufmann-frau-fuer-gross-und-aussenhandelsmanagement.html#primaryimage\"},\"thumbnailUrl\":\"https:\\\/\\\/www.barth1873.de\\\/wp-content\\\/uploads\\\/2023\\\/06\\\/Auzbi-Innendienst-Vertrieb-Header-1024x341px.jpg\",\"datePublished\":\"2023-06-30T07:59:48+00:00\",\"dateModified\":\"2023-09-15T09:50:32+00:00\",\"breadcrumb\":{\"@id\":\"https:\\\/\\\/www.barth1873.de\\\/de\\\/ausbildung-zum-kaufmann-frau-fuer-gross-und-aussenhandelsmanagement.html#breadcrumb\"},\"inLanguage\":\"de\",\"potentialAction\":[{\"@type\":\"ReadAction\",\"target\":[\"https:\\\/\\\/www.barth1873.de\\\/de\\\/ausbildung-zum-kaufmann-frau-fuer-gross-und-aussenhandelsmanagement.html\"]}]},{\"@type\":\"ImageObject\",\"inLanguage\":\"de\",\"@id\":\"https:\\\/\\\/www.barth1873.de\\\/de\\\/ausbildung-zum-kaufmann-frau-fuer-gross-und-aussenhandelsmanagement.html#primaryimage\",\"url\":\"https:\\\/\\\/www.barth1873.de\\\/wp-content\\\/uploads\\\/2023\\\/06\\\/Auzbi-Innendienst-Vertrieb-Header-1024x341px.jpg\",\"contentUrl\":\"https:\\\/\\\/www.barth1873.de\\\/wp-content\\\/uploads\\\/2023\\\/06\\\/Auzbi-Innendienst-Vertrieb-Header-1024x341px.jpg\"},{\"@type\":\"BreadcrumbList\",\"@id\":\"https:\\\/\\\/www.barth1873.de\\\/de\\\/ausbildung-zum-kaufmann-frau-fuer-gross-und-aussenhandelsmanagement.html#breadcrumb\",\"itemListElement\":[{\"@type\":\"ListItem\",\"position\":1,\"name\":\"Startseite\",\"item\":\"https:\\\/\\\/www.barth1873.de\\\/de\"},{\"@type\":\"ListItem\",\"position\":2,\"name\":\"Ausbildung zum Kaufmann\\\/-Frau f\u00fcr Gro\u00df- und Au\u00dfenhandelsmanagement\"}]},{\"@type\":\"WebSite\",\"@id\":\"https:\\\/\\\/www.barth1873.de\\\/de\\\/#website\",\"url\":\"https:\\\/\\\/www.barth1873.de\\\/de\\\/\",\"name\":\"Barth &amp; Co\",\"description\":\"Holz-und Parketthandel\",\"publisher\":{\"@id\":\"https:\\\/\\\/www.barth1873.de\\\/de\\\/#organization\"},\"potentialAction\":[{\"@type\":\"SearchAction\",\"target\":{\"@type\":\"EntryPoint\",\"urlTemplate\":\"https:\\\/\\\/www.barth1873.de\\\/de\\\/?s={search_term_string}\"},\"query-input\":{\"@type\":\"PropertyValueSpecification\",\"valueRequired\":true,\"valueName\":\"search_term_string\"}}],\"inLanguage\":\"de\"},{\"@type\":\"Organization\",\"@id\":\"https:\\\/\\\/www.barth1873.de\\\/de\\\/#organization\",\"name\":\"Barth & Co\",\"url\":\"https:\\\/\\\/www.barth1873.de\\\/de\\\/\",\"logo\":{\"@type\":\"ImageObject\",\"inLanguage\":\"de\",\"@id\":\"https:\\\/\\\/www.barth1873.de\\\/de\\\/#\\\/schema\\\/logo\\\/image\\\/\",\"url\":\"https:\\\/\\\/www.barth1873.de\\\/wp-content\\\/uploads\\\/2020\\\/04\\\/logo_barth210.png\",\"contentUrl\":\"https:\\\/\\\/www.barth1873.de\\\/wp-content\\\/uploads\\\/2020\\\/04\\\/logo_barth210.png\",\"width\":210,\"height\":53,\"caption\":\"Barth & Co\"},\"image\":{\"@id\":\"https:\\\/\\\/www.barth1873.de\\\/de\\\/#\\\/schema\\\/logo\\\/image\\\/\"}}]}<\/script>\n<!-- \/ Yoast SEO plugin. -->","yoast_head_json":{"title":"Ausbildung zum Kaufmann\/-Frau f\u00fcr Gro\u00df- und Au\u00dfenhandelsmanagement - Barth &amp; Co","robots":{"index":"index","follow":"follow","max-snippet":"max-snippet:-1","max-image-preview":"max-image-preview:large","max-video-preview":"max-video-preview:-1"},"canonical":"https:\/\/www.barth1873.de\/de\/ausbildung-zum-kaufmann-frau-fuer-gross-und-aussenhandelsmanagement.html","og_locale":"de_DE","og_type":"article","og_title":"Ausbildung zum Kaufmann\/-Frau f\u00fcr Gro\u00df- und Au\u00dfenhandelsmanagement - Barth &amp; Co","og_description":"Schule vorbei und einen Abschluss in der Tasche? Endlich kannst du den ersten Schritt in Deine berufliche Zukunft starten! Wo? Nat\u00fcrlich bei uns! W\u00e4hrend Deiner dreij\u00e4hrigen Ausbildung lernst Du alles \u00fcber den Berufsalltag in einem Familienunternehmen kennen.Du ber\u00e4tst unsere Kunden, hast Kontakt zu unseren Herstellern und Lieferanten, erstellst Angebote und \u00fcbernimmst die Organisation von Auftr\u00e4gen. [&hellip;]","og_url":"https:\/\/www.barth1873.de\/de\/ausbildung-zum-kaufmann-frau-fuer-gross-und-aussenhandelsmanagement.html","og_site_name":"Barth &amp; Co","article_modified_time":"2023-09-15T09:50:32+00:00","og_image":[{"url":"https:\/\/www.barth1873.de\/wp-content\/uploads\/2023\/06\/Auzbi-Innendienst-Vertrieb-Header-1024x341px.jpg","type":"","width":"","height":""}],"twitter_card":"summary_large_image","twitter_misc":{"Gesch\u00e4tzte Lesezeit":"2\u00a0Minuten"},"schema":{"@context":"https:\/\/schema.org","@graph":[{"@type":"WebPage","@id":"https:\/\/www.barth1873.de\/de\/ausbildung-zum-kaufmann-frau-fuer-gross-und-aussenhandelsmanagement.html","url":"https:\/\/www.barth1873.de\/de\/ausbildung-zum-kaufmann-frau-fuer-gross-und-aussenhandelsmanagement.html","name":"Ausbildung zum Kaufmann\/-Frau f\u00fcr Gro\u00df- und Au\u00dfenhandelsmanagement - Barth &amp; Co","isPartOf":{"@id":"https:\/\/www.barth1873.de\/de\/#website"},"primaryImageOfPage":{"@id":"https:\/\/www.barth1873.de\/de\/ausbildung-zum-kaufmann-frau-fuer-gross-und-aussenhandelsmanagement.html#primaryimage"},"image":{"@id":"https:\/\/www.barth1873.de\/de\/ausbildung-zum-kaufmann-frau-fuer-gross-und-aussenhandelsmanagement.html#primaryimage"},"thumbnailUrl":"https:\/\/www.barth1873.de\/wp-content\/uploads\/2023\/06\/Auzbi-Innendienst-Vertrieb-Header-1024x341px.jpg","datePublished":"2023-06-30T07:59:48+00:00","dateModified":"2023-09-15T09:50:32+00:00","breadcrumb":{"@id":"https:\/\/www.barth1873.de\/de\/ausbildung-zum-kaufmann-frau-fuer-gross-und-aussenhandelsmanagement.html#breadcrumb"},"inLanguage":"de","potentialAction":[{"@type":"ReadAction","target":["https:\/\/www.barth1873.de\/de\/ausbildung-zum-kaufmann-frau-fuer-gross-und-aussenhandelsmanagement.html"]}]},{"@type":"ImageObject","inLanguage":"de","@id":"https:\/\/www.barth1873.de\/de\/ausbildung-zum-kaufmann-frau-fuer-gross-und-aussenhandelsmanagement.html#primaryimage","url":"https:\/\/www.barth1873.de\/wp-content\/uploads\/2023\/06\/Auzbi-Innendienst-Vertrieb-Header-1024x341px.jpg","contentUrl":"https:\/\/www.barth1873.de\/wp-content\/uploads\/2023\/06\/Auzbi-Innendienst-Vertrieb-Header-1024x341px.jpg"},{"@type":"BreadcrumbList","@id":"https:\/\/www.barth1873.de\/de\/ausbildung-zum-kaufmann-frau-fuer-gross-und-aussenhandelsmanagement.html#breadcrumb","itemListElement":[{"@type":"ListItem","position":1,"name":"Startseite","item":"https:\/\/www.barth1873.de\/de"},{"@type":"ListItem","position":2,"name":"Ausbildung zum Kaufmann\/-Frau f\u00fcr Gro\u00df- und Au\u00dfenhandelsmanagement"}]},{"@type":"WebSite","@id":"https:\/\/www.barth1873.de\/de\/#website","url":"https:\/\/www.barth1873.de\/de\/","name":"Barth &amp; Co","description":"Holz-und Parketthandel","publisher":{"@id":"https:\/\/www.barth1873.de\/de\/#organization"},"potentialAction":[{"@type":"SearchAction","target":{"@type":"EntryPoint","urlTemplate":"https:\/\/www.barth1873.de\/de\/?s={search_term_string}"},"query-input":{"@type":"PropertyValueSpecification","valueRequired":true,"valueName":"search_term_string"}}],"inLanguage":"de"},{"@type":"Organization","@id":"https:\/\/www.barth1873.de\/de\/#organization","name":"Barth & Co","url":"https:\/\/www.barth1873.de\/de\/","logo":{"@type":"ImageObject","inLanguage":"de","@id":"https:\/\/www.barth1873.de\/de\/#\/schema\/logo\/image\/","url":"https:\/\/www.barth1873.de\/wp-content\/uploads\/2020\/04\/logo_barth210.png","contentUrl":"https:\/\/www.barth1873.de\/wp-content\/uploads\/2020\/04\/logo_barth210.png","width":210,"height":53,"caption":"Barth & Co"},"image":{"@id":"https:\/\/www.barth1873.de\/de\/#\/schema\/logo\/image\/"}}]}},"_links":{"self":[{"href":"https:\/\/www.barth1873.de\/de\/wp-json\/wp\/v2\/pages\/7198","targetHints":{"allow":["GET"]}}],"collection":[{"href":"https:\/\/www.barth1873.de\/de\/wp-json\/wp\/v2\/pages"}],"about":[{"href":"https:\/\/www.barth1873.de\/de\/wp-json\/wp\/v2\/types\/page"}],"author":[{"embeddable":true,"href":"https:\/\/www.barth1873.de\/de\/wp-json\/wp\/v2\/users\/2"}],"replies":[{"embeddable":true,"href":"https:\/\/www.barth1873.de\/de\/wp-json\/wp\/v2\/comments?post=7198"}],"version-history":[{"count":2,"href":"https:\/\/www.barth1873.de\/de\/wp-json\/wp\/v2\/pages\/7198\/revisions"}],"predecessor-version":[{"id":7842,"href":"https:\/\/www.barth1873.de\/de\/wp-json\/wp\/v2\/pages\/7198\/revisions\/7842"}],"wp:attachment":[{"href":"https:\/\/www.barth1873.de\/de\/wp-json\/wp\/v2\/media?parent=7198"}],"curies":[{"name":"wp","href":"https:\/\/api.w.org\/{rel}","templated":true}]}}