{"id":7165,"date":"2023-06-29T16:48:44","date_gmt":"2023-06-29T14:48:44","guid":{"rendered":"https:\/\/www.barth1873.de\/?page_id=7165"},"modified":"2023-09-15T11:41:30","modified_gmt":"2023-09-15T09:41:30","slug":"praktikant-w-m-d-zentrale-in-korschenbroich","status":"publish","type":"page","link":"https:\/\/www.barth1873.de\/de\/praktikant-w-m-d-zentrale-in-korschenbroich.html","title":{"rendered":"Praktikant (w\/m\/d) Zentrale in Korschenbroich"},"content":{"rendered":"\n<figure class=\"wp-block-image size-full\"><img loading=\"lazy\" decoding=\"async\" width=\"1024\" height=\"341\" src=\"https:\/\/www.barth1873.de\/wp-content\/uploads\/2023\/06\/Praktikum-Stellenangebote-1024x341px.jpg\" alt=\"\" class=\"wp-image-7166\" srcset=\"https:\/\/www.barth1873.de\/wp-content\/uploads\/2023\/06\/Praktikum-Stellenangebote-1024x341px.jpg 1024w, https:\/\/www.barth1873.de\/wp-content\/uploads\/2023\/06\/Praktikum-Stellenangebote-1024x341px-300x100.jpg 300w, https:\/\/www.barth1873.de\/wp-content\/uploads\/2023\/06\/Praktikum-Stellenangebote-1024x341px-768x256.jpg 768w\" sizes=\"auto, (max-width: 1024px) 100vw, 1024px\" \/><\/figure>\n\n\n\n<p>Du bist neugierig, wei\u00dft aber noch nicht, wo die Reise hingehen soll. Du suchst spannende Aufgaben in einem traditions- und erfolgreichem Unternehmen in der Region? Dann schnupper doch mal f\u00fcr ein paar Wochen vorbei.<\/p>\n\n\n\n<h1 class=\"wp-block-heading\" style=\"padding-top:var(--wp--preset--spacing--40);padding-bottom:var(--wp--preset--spacing--40)\">Praktikant\/In<sub> (w\/m\/d) <\/sub><\/h1>\n\n\n\n<div class=\"wp-block-group has-background\" style=\"background-color:#f1ede7;padding-top:var(--wp--preset--spacing--40);padding-right:var(--wp--preset--spacing--40);padding-bottom:var(--wp--preset--spacing--20);padding-left:var(--wp--preset--spacing--40)\"><div class=\"wp-block-group__inner-container is-layout-constrained wp-container-core-group-is-layout-11db30c6 wp-block-group-is-layout-constrained\">\n<div class=\"wp-block-columns is-layout-flex wp-container-core-columns-is-layout-28f84493 wp-block-columns-is-layout-flex\">\n<div class=\"wp-block-column is-layout-flow wp-block-column-is-layout-flow\">\n<h2 class=\"wp-block-heading\">Das lernst du<\/h2>\n\n\n\n<ul class=\"wp-block-list\">\n<li>Du unterst\u00fctzt das Team in der Auftragsbearbeitung im Innendienst<\/li>\n\n\n\n<li>Du erh\u00e4ltst Einblick in den Vertrieb der Produkte im Au\u00dfendienst<\/li>\n\n\n\n<li>Du lernst im Bereich Marketing unterschiedliche Vermarktungsstrategien kennen<\/li>\n\n\n\n<li>Wir zeigen Dir Arbeitsprozesse in der Buchhaltung und in der EDV<\/li>\n<\/ul>\n<\/div>\n\n\n\n<div class=\"wp-block-column is-layout-flow wp-block-column-is-layout-flow\">\n<h2 class=\"wp-block-heading\">Deine Vorteile<\/h2>\n\n\n\n<ul class=\"wp-block-list\">\n<li>Orientierung in den Berufseinstieg<\/li>\n\n\n\n<li>Erste eigenen Aufgaben<\/li>\n\n\n\n<li>Einblick in die spannende Welt des Handels<\/li>\n\n\n\n<li>Individuelle Unterst\u00fctzung und F\u00f6rderung<\/li>\n\n\n\n<li>Warengutschein als Dankesch\u00f6n f\u00fcr Deinen Einsatz<\/li>\n<\/ul>\n<\/div>\n<\/div>\n<\/div><\/div>\n\n\n\n<div style=\"height:30px\" aria-hidden=\"true\" class=\"wp-block-spacer\"><\/div>\n\n\n\n<div class=\"wp-block-group has-text-color has-background\" style=\"color:#ffffff;background-color:#4b2a00;padding-top:var(--wp--preset--spacing--40);padding-right:var(--wp--preset--spacing--40);padding-bottom:var(--wp--preset--spacing--20);padding-left:var(--wp--preset--spacing--40)\"><div class=\"wp-block-group__inner-container is-layout-constrained wp-container-core-group-is-layout-11db30c6 wp-block-group-is-layout-constrained\">\n<h2 class=\"wp-block-heading\">Das ist dein Profil<\/h2>\n\n\n\n<div class=\"wp-block-columns is-layout-flex wp-container-core-columns-is-layout-28f84493 wp-block-columns-is-layout-flex\">\n<div class=\"wp-block-column is-layout-flow wp-block-column-is-layout-flow\">\n<ul class=\"wp-block-list\">\n<li>F\u00fcr unser ein- bis vierw\u00f6chiges Pflichtpraktikum im Rahmen der schulischen Berufsorientierung suchen wir zuverl\u00e4ssige und motivierte Sch\u00fcler ab 14 Jahren, die den internationalen Handel in der Praxis kennen lernen wollen.<\/li>\n<\/ul>\n<\/div>\n\n\n\n<div class=\"wp-block-column is-layout-flow wp-block-column-is-layout-flow\">\n<ul class=\"wp-block-list\">\n<li>Wir bieten auch im Rahmen eines ein- bis zweiw\u00f6chigen Praktikums zur beruflichen Orientierung Sch\u00fclern ab 15 Jahren die M\u00f6glichkeit einen Einblick zu bekommen.<\/li>\n<\/ul>\n<\/div>\n<\/div>\n<\/div><\/div>\n\n\n\n<div style=\"height:30px\" aria-hidden=\"true\" class=\"wp-block-spacer\"><\/div>\n\n\n\n<div class=\"wp-block-group has-text-color has-background\" style=\"color:#ffffff;background-color:#9b9183;padding-top:var(--wp--preset--spacing--40);padding-right:var(--wp--preset--spacing--40);padding-bottom:var(--wp--preset--spacing--40);padding-left:var(--wp--preset--spacing--40)\"><div class=\"wp-block-group__inner-container is-layout-constrained wp-container-core-group-is-layout-a666d811 wp-block-group-is-layout-constrained\">\n<h2 class=\"wp-block-heading has-text-color\" style=\"color:#ffffff\"><strong>Zur vollst\u00e4ndigen Stellenbeschreibung:<\/strong><\/h2>\n\n\n<p class=\"pdf\"><a href=\"https:\/\/www.barth1873.de\/wp-content\/uploads\/2023\/06\/2023_barth_stellenangebot_Praktikum.pdf\">Praktikant\/In (w\/m\/d) 2-4 Wochen<\/a><\/p><\/div><\/div>\n\n\n\n<div style=\"height:30px\" aria-hidden=\"true\" class=\"wp-block-spacer\"><\/div>\n\n\n\n<div class=\"wp-block-columns is-layout-flex wp-container-core-columns-is-layout-28f84493 wp-block-columns-is-layout-flex\">\n<div class=\"wp-block-column is-layout-flow wp-block-column-is-layout-flow\">\n<h2 class=\"wp-block-heading\"><strong>Jetzt bewerben:<\/strong><\/h2>\n\n\n\n<div class=\"wp-block-contact-form-7-contact-form-selector\">\n<div class=\"wpcf7 no-js\" id=\"wpcf7-f6916-o1\" lang=\"de-DE\" dir=\"ltr\" data-wpcf7-id=\"6916\">\n<div class=\"screen-reader-response\"><p role=\"status\" aria-live=\"polite\" aria-atomic=\"true\"><\/p> <ul><\/ul><\/div>\n<form action=\"\/de\/wp-json\/wp\/v2\/pages\/7165#wpcf7-f6916-o1\" method=\"post\" class=\"wpcf7-form init\" aria-label=\"Kontaktformular\" enctype=\"multipart\/form-data\" novalidate=\"novalidate\" data-status=\"init\">\n<fieldset class=\"hidden-fields-container\"><input type=\"hidden\" name=\"_wpcf7\" value=\"6916\" \/><input type=\"hidden\" name=\"_wpcf7_version\" value=\"6.1.5\" \/><input type=\"hidden\" name=\"_wpcf7_locale\" value=\"de_DE\" \/><input type=\"hidden\" name=\"_wpcf7_unit_tag\" value=\"wpcf7-f6916-o1\" \/><input type=\"hidden\" name=\"_wpcf7_container_post\" value=\"0\" \/><input type=\"hidden\" name=\"_wpcf7_posted_data_hash\" value=\"\" \/><input type=\"hidden\" name=\"_wpcf7dtx_version\" value=\"5.0.5\" \/>\n<\/fieldset>\n<p class=\"contactform_p\"><label>Name und Vorname<\/label><br \/>\n<span class=\"wpcf7-form-control-wrap\" data-name=\"your-name\"><input size=\"40\" maxlength=\"400\" class=\"wpcf7-form-control wpcf7-text\" aria-invalid=\"false\" value=\"\" type=\"text\" name=\"your-name\" \/><\/span>\n<\/p>\n<p class=\"contactform_p\"><label>E-Mail *<\/label><br \/>\n<span class=\"wpcf7-form-control-wrap\" data-name=\"your-email\"><input size=\"40\" maxlength=\"400\" class=\"wpcf7-form-control wpcf7-email wpcf7-validates-as-required wpcf7-text wpcf7-validates-as-email\" aria-required=\"true\" aria-invalid=\"false\" value=\"\" type=\"email\" name=\"your-email\" \/><\/span>\n<\/p>\n<p class=\"contactform_p\"><label> Telefon<\/label><br \/>\n<span class=\"wpcf7-form-control-wrap\" data-name=\"telefon\"><input size=\"40\" maxlength=\"400\" class=\"wpcf7-form-control wpcf7-text\" aria-invalid=\"false\" value=\"\" type=\"text\" name=\"telefon\" \/><\/span>\n<\/p>\n<p><label>Anmerkungen:<\/label><br \/>\n<span class=\"wpcf7-form-control-wrap\" data-name=\"your-message\"><textarea cols=\"40\" rows=\"10\" maxlength=\"2000\" class=\"wpcf7-form-control wpcf7-textarea\" aria-invalid=\"false\" name=\"your-message\"><\/textarea><\/span>\n<\/p>\n<p><span class=\"wpcf7-form-control-wrap inputname\" data-name=\"inputname\"><input type=\"text\" name=\"inputname\" class=\"wpcf7-form-control wpcf7-text wpcf7dtx wpcf7dtx-text\" aria-invalid=\"false\" value=\"Praktikant (w\/m\/d) Zentrale in Korschenbroich\"><\/span>\n<\/p>\n<p class=\"contactform_p\"><label><br \/>\nBewerbungsdaten:<\/label><br \/>\n<span class=\"wpcf7-form-control-wrap\" data-name=\"Bewerbung\"><input size=\"40\" class=\"wpcf7-form-control wpcf7-file\" accept=\"image\/*,.txt,application\/pdf\" aria-invalid=\"false\" type=\"file\" name=\"Bewerbung\" \/><\/span>\n<\/p>\n<p class=\"contactform_p text-left\"><br \/>\n<span class=\"wpcf7-form-control-wrap\" data-name=\"checkbox-datenschutz\"><span class=\"wpcf7-form-control wpcf7-checkbox wpcf7-validates-as-required\"><span class=\"wpcf7-list-item first last\"><label><input type=\"checkbox\" name=\"checkbox-datenschutz[]\" value=\"Ja, ich habe die Datenschutzerkl\u00e4rung gelesen und akzeptiert und erteile hiermit die Erlaubnis meine Kontaktdaten f\u00fcr die Weiterverarbeitung meiner Anfrage zu speichern und zu verwenden*\" \/><span class=\"wpcf7-list-item-label\">Ja, ich habe die Datenschutzerkl\u00e4rung gelesen und akzeptiert und erteile hiermit die Erlaubnis meine Kontaktdaten f\u00fcr die Weiterverarbeitung meiner Anfrage zu speichern und zu verwenden*<\/span><\/label><\/span><\/span><\/span><br \/>\n<a href=\"https:\/\/www.barth1873.de\/de\/datenschutz.html\" target=\"_blank\" titel=\"Zur Datenschutzerkl\u00e4rung\">Zur Datenschutzerkl\u00e4rung<\/a>\n<\/p>\n<p><input class=\"wpcf7-form-control wpcf7-submit has-spinner\" type=\"submit\" value=\"Abschicken\" \/>\n<\/p>\n<p><small>*Pflichtfeld<\/small>\n<\/p><div class=\"wpcf7-response-output\" aria-hidden=\"true\"><\/div>\n<\/form>\n<\/div>\n<\/div>\n<\/div>\n\n\n\n<div class=\"wp-block-column is-layout-flow wp-block-column-is-layout-flow\"><\/div>\n<\/div>\n","protected":false},"excerpt":{"rendered":"<p>Du bist neugierig, wei\u00dft aber noch nicht, wo die Reise hingehen soll. Du suchst spannende Aufgaben in einem traditions- und erfolgreichem Unternehmen in der Region? Dann schnupper doch mal f\u00fcr ein paar Wochen vorbei. Praktikant\/In (w\/m\/d) Das lernst du Deine Vorteile Das ist dein Profil Zur vollst\u00e4ndigen Stellenbeschreibung: Jetzt bewerben:<\/p>\n","protected":false},"author":2,"featured_media":0,"parent":0,"menu_order":0,"comment_status":"closed","ping_status":"closed","template":"2023-dragdrop-template.php","meta":{"footnotes":""},"class_list":["post-7165","page","type-page","status-publish","hentry"],"yoast_head":"<!-- This site is optimized with the Yoast SEO plugin v27.4 - https:\/\/yoast.com\/product\/yoast-seo-wordpress\/ -->\n<title>Praktikant (w\/m\/d) Zentrale in Korschenbroich - Barth &amp; Co<\/title>\n<meta name=\"robots\" content=\"index, follow, max-snippet:-1, max-image-preview:large, max-video-preview:-1\" \/>\n<link rel=\"canonical\" href=\"https:\/\/www.barth1873.de\/de\/praktikant-w-m-d-zentrale-in-korschenbroich.html\" \/>\n<meta property=\"og:locale\" content=\"de_DE\" \/>\n<meta property=\"og:type\" content=\"article\" \/>\n<meta property=\"og:title\" content=\"Praktikant (w\/m\/d) Zentrale in Korschenbroich - Barth &amp; Co\" \/>\n<meta property=\"og:description\" content=\"Du bist neugierig, wei\u00dft aber noch nicht, wo die Reise hingehen soll. Du suchst spannende Aufgaben in einem traditions- und erfolgreichem Unternehmen in der Region? Dann schnupper doch mal f\u00fcr ein paar Wochen vorbei. Praktikant\/In (w\/m\/d) Das lernst du Deine Vorteile Das ist dein Profil Zur vollst\u00e4ndigen Stellenbeschreibung: Jetzt bewerben:\" \/>\n<meta property=\"og:url\" content=\"https:\/\/www.barth1873.de\/de\/praktikant-w-m-d-zentrale-in-korschenbroich.html\" \/>\n<meta property=\"og:site_name\" content=\"Barth &amp; Co\" \/>\n<meta property=\"article:modified_time\" content=\"2023-09-15T09:41:30+00:00\" \/>\n<meta property=\"og:image\" content=\"https:\/\/www.barth1873.de\/wp-content\/uploads\/2023\/06\/Praktikum-Stellenangebote-1024x341px.jpg\" \/>\n<meta name=\"twitter:card\" content=\"summary_large_image\" \/>\n<meta name=\"twitter:label1\" content=\"Gesch\u00e4tzte Lesezeit\" \/>\n\t<meta name=\"twitter:data1\" content=\"2\u00a0Minuten\" \/>\n<script type=\"application\/ld+json\" class=\"yoast-schema-graph\">{\"@context\":\"https:\\\/\\\/schema.org\",\"@graph\":[{\"@type\":\"WebPage\",\"@id\":\"https:\\\/\\\/www.barth1873.de\\\/de\\\/praktikant-w-m-d-zentrale-in-korschenbroich.html\",\"url\":\"https:\\\/\\\/www.barth1873.de\\\/de\\\/praktikant-w-m-d-zentrale-in-korschenbroich.html\",\"name\":\"Praktikant (w\\\/m\\\/d) Zentrale in Korschenbroich - Barth &amp; Co\",\"isPartOf\":{\"@id\":\"https:\\\/\\\/www.barth1873.de\\\/de\\\/#website\"},\"primaryImageOfPage\":{\"@id\":\"https:\\\/\\\/www.barth1873.de\\\/de\\\/praktikant-w-m-d-zentrale-in-korschenbroich.html#primaryimage\"},\"image\":{\"@id\":\"https:\\\/\\\/www.barth1873.de\\\/de\\\/praktikant-w-m-d-zentrale-in-korschenbroich.html#primaryimage\"},\"thumbnailUrl\":\"https:\\\/\\\/www.barth1873.de\\\/wp-content\\\/uploads\\\/2023\\\/06\\\/Praktikum-Stellenangebote-1024x341px.jpg\",\"datePublished\":\"2023-06-29T14:48:44+00:00\",\"dateModified\":\"2023-09-15T09:41:30+00:00\",\"breadcrumb\":{\"@id\":\"https:\\\/\\\/www.barth1873.de\\\/de\\\/praktikant-w-m-d-zentrale-in-korschenbroich.html#breadcrumb\"},\"inLanguage\":\"de\",\"potentialAction\":[{\"@type\":\"ReadAction\",\"target\":[\"https:\\\/\\\/www.barth1873.de\\\/de\\\/praktikant-w-m-d-zentrale-in-korschenbroich.html\"]}]},{\"@type\":\"ImageObject\",\"inLanguage\":\"de\",\"@id\":\"https:\\\/\\\/www.barth1873.de\\\/de\\\/praktikant-w-m-d-zentrale-in-korschenbroich.html#primaryimage\",\"url\":\"https:\\\/\\\/www.barth1873.de\\\/wp-content\\\/uploads\\\/2023\\\/06\\\/Praktikum-Stellenangebote-1024x341px.jpg\",\"contentUrl\":\"https:\\\/\\\/www.barth1873.de\\\/wp-content\\\/uploads\\\/2023\\\/06\\\/Praktikum-Stellenangebote-1024x341px.jpg\"},{\"@type\":\"BreadcrumbList\",\"@id\":\"https:\\\/\\\/www.barth1873.de\\\/de\\\/praktikant-w-m-d-zentrale-in-korschenbroich.html#breadcrumb\",\"itemListElement\":[{\"@type\":\"ListItem\",\"position\":1,\"name\":\"Startseite\",\"item\":\"https:\\\/\\\/www.barth1873.de\\\/de\"},{\"@type\":\"ListItem\",\"position\":2,\"name\":\"Praktikant (w\\\/m\\\/d) Zentrale in Korschenbroich\"}]},{\"@type\":\"WebSite\",\"@id\":\"https:\\\/\\\/www.barth1873.de\\\/de\\\/#website\",\"url\":\"https:\\\/\\\/www.barth1873.de\\\/de\\\/\",\"name\":\"Barth &amp; Co\",\"description\":\"Holz-und Parketthandel\",\"publisher\":{\"@id\":\"https:\\\/\\\/www.barth1873.de\\\/de\\\/#organization\"},\"potentialAction\":[{\"@type\":\"SearchAction\",\"target\":{\"@type\":\"EntryPoint\",\"urlTemplate\":\"https:\\\/\\\/www.barth1873.de\\\/de\\\/?s={search_term_string}\"},\"query-input\":{\"@type\":\"PropertyValueSpecification\",\"valueRequired\":true,\"valueName\":\"search_term_string\"}}],\"inLanguage\":\"de\"},{\"@type\":\"Organization\",\"@id\":\"https:\\\/\\\/www.barth1873.de\\\/de\\\/#organization\",\"name\":\"Barth & Co\",\"url\":\"https:\\\/\\\/www.barth1873.de\\\/de\\\/\",\"logo\":{\"@type\":\"ImageObject\",\"inLanguage\":\"de\",\"@id\":\"https:\\\/\\\/www.barth1873.de\\\/de\\\/#\\\/schema\\\/logo\\\/image\\\/\",\"url\":\"https:\\\/\\\/www.barth1873.de\\\/wp-content\\\/uploads\\\/2020\\\/04\\\/logo_barth210.png\",\"contentUrl\":\"https:\\\/\\\/www.barth1873.de\\\/wp-content\\\/uploads\\\/2020\\\/04\\\/logo_barth210.png\",\"width\":210,\"height\":53,\"caption\":\"Barth & Co\"},\"image\":{\"@id\":\"https:\\\/\\\/www.barth1873.de\\\/de\\\/#\\\/schema\\\/logo\\\/image\\\/\"}}]}<\/script>\n<!-- \/ Yoast SEO plugin. -->","yoast_head_json":{"title":"Praktikant (w\/m\/d) Zentrale in Korschenbroich - Barth &amp; Co","robots":{"index":"index","follow":"follow","max-snippet":"max-snippet:-1","max-image-preview":"max-image-preview:large","max-video-preview":"max-video-preview:-1"},"canonical":"https:\/\/www.barth1873.de\/de\/praktikant-w-m-d-zentrale-in-korschenbroich.html","og_locale":"de_DE","og_type":"article","og_title":"Praktikant (w\/m\/d) Zentrale in Korschenbroich - Barth &amp; Co","og_description":"Du bist neugierig, wei\u00dft aber noch nicht, wo die Reise hingehen soll. Du suchst spannende Aufgaben in einem traditions- und erfolgreichem Unternehmen in der Region? Dann schnupper doch mal f\u00fcr ein paar Wochen vorbei. Praktikant\/In (w\/m\/d) Das lernst du Deine Vorteile Das ist dein Profil Zur vollst\u00e4ndigen Stellenbeschreibung: Jetzt bewerben:","og_url":"https:\/\/www.barth1873.de\/de\/praktikant-w-m-d-zentrale-in-korschenbroich.html","og_site_name":"Barth &amp; Co","article_modified_time":"2023-09-15T09:41:30+00:00","og_image":[{"url":"https:\/\/www.barth1873.de\/wp-content\/uploads\/2023\/06\/Praktikum-Stellenangebote-1024x341px.jpg","type":"","width":"","height":""}],"twitter_card":"summary_large_image","twitter_misc":{"Gesch\u00e4tzte Lesezeit":"2\u00a0Minuten"},"schema":{"@context":"https:\/\/schema.org","@graph":[{"@type":"WebPage","@id":"https:\/\/www.barth1873.de\/de\/praktikant-w-m-d-zentrale-in-korschenbroich.html","url":"https:\/\/www.barth1873.de\/de\/praktikant-w-m-d-zentrale-in-korschenbroich.html","name":"Praktikant (w\/m\/d) Zentrale in Korschenbroich - Barth &amp; Co","isPartOf":{"@id":"https:\/\/www.barth1873.de\/de\/#website"},"primaryImageOfPage":{"@id":"https:\/\/www.barth1873.de\/de\/praktikant-w-m-d-zentrale-in-korschenbroich.html#primaryimage"},"image":{"@id":"https:\/\/www.barth1873.de\/de\/praktikant-w-m-d-zentrale-in-korschenbroich.html#primaryimage"},"thumbnailUrl":"https:\/\/www.barth1873.de\/wp-content\/uploads\/2023\/06\/Praktikum-Stellenangebote-1024x341px.jpg","datePublished":"2023-06-29T14:48:44+00:00","dateModified":"2023-09-15T09:41:30+00:00","breadcrumb":{"@id":"https:\/\/www.barth1873.de\/de\/praktikant-w-m-d-zentrale-in-korschenbroich.html#breadcrumb"},"inLanguage":"de","potentialAction":[{"@type":"ReadAction","target":["https:\/\/www.barth1873.de\/de\/praktikant-w-m-d-zentrale-in-korschenbroich.html"]}]},{"@type":"ImageObject","inLanguage":"de","@id":"https:\/\/www.barth1873.de\/de\/praktikant-w-m-d-zentrale-in-korschenbroich.html#primaryimage","url":"https:\/\/www.barth1873.de\/wp-content\/uploads\/2023\/06\/Praktikum-Stellenangebote-1024x341px.jpg","contentUrl":"https:\/\/www.barth1873.de\/wp-content\/uploads\/2023\/06\/Praktikum-Stellenangebote-1024x341px.jpg"},{"@type":"BreadcrumbList","@id":"https:\/\/www.barth1873.de\/de\/praktikant-w-m-d-zentrale-in-korschenbroich.html#breadcrumb","itemListElement":[{"@type":"ListItem","position":1,"name":"Startseite","item":"https:\/\/www.barth1873.de\/de"},{"@type":"ListItem","position":2,"name":"Praktikant (w\/m\/d) Zentrale in Korschenbroich"}]},{"@type":"WebSite","@id":"https:\/\/www.barth1873.de\/de\/#website","url":"https:\/\/www.barth1873.de\/de\/","name":"Barth &amp; Co","description":"Holz-und Parketthandel","publisher":{"@id":"https:\/\/www.barth1873.de\/de\/#organization"},"potentialAction":[{"@type":"SearchAction","target":{"@type":"EntryPoint","urlTemplate":"https:\/\/www.barth1873.de\/de\/?s={search_term_string}"},"query-input":{"@type":"PropertyValueSpecification","valueRequired":true,"valueName":"search_term_string"}}],"inLanguage":"de"},{"@type":"Organization","@id":"https:\/\/www.barth1873.de\/de\/#organization","name":"Barth & Co","url":"https:\/\/www.barth1873.de\/de\/","logo":{"@type":"ImageObject","inLanguage":"de","@id":"https:\/\/www.barth1873.de\/de\/#\/schema\/logo\/image\/","url":"https:\/\/www.barth1873.de\/wp-content\/uploads\/2020\/04\/logo_barth210.png","contentUrl":"https:\/\/www.barth1873.de\/wp-content\/uploads\/2020\/04\/logo_barth210.png","width":210,"height":53,"caption":"Barth & Co"},"image":{"@id":"https:\/\/www.barth1873.de\/de\/#\/schema\/logo\/image\/"}}]}},"_links":{"self":[{"href":"https:\/\/www.barth1873.de\/de\/wp-json\/wp\/v2\/pages\/7165","targetHints":{"allow":["GET"]}}],"collection":[{"href":"https:\/\/www.barth1873.de\/de\/wp-json\/wp\/v2\/pages"}],"about":[{"href":"https:\/\/www.barth1873.de\/de\/wp-json\/wp\/v2\/types\/page"}],"author":[{"embeddable":true,"href":"https:\/\/www.barth1873.de\/de\/wp-json\/wp\/v2\/users\/2"}],"replies":[{"embeddable":true,"href":"https:\/\/www.barth1873.de\/de\/wp-json\/wp\/v2\/comments?post=7165"}],"version-history":[{"count":3,"href":"https:\/\/www.barth1873.de\/de\/wp-json\/wp\/v2\/pages\/7165\/revisions"}],"predecessor-version":[{"id":7840,"href":"https:\/\/www.barth1873.de\/de\/wp-json\/wp\/v2\/pages\/7165\/revisions\/7840"}],"wp:attachment":[{"href":"https:\/\/www.barth1873.de\/de\/wp-json\/wp\/v2\/media?parent=7165"}],"curies":[{"name":"wp","href":"https:\/\/api.w.org\/{rel}","templated":true}]}}