{"id":7116,"date":"2023-06-29T15:34:05","date_gmt":"2023-06-29T13:34:05","guid":{"rendered":"https:\/\/www.barth1873.de\/?page_id=7116"},"modified":"2023-06-30T09:49:15","modified_gmt":"2023-06-30T07:49:15","slug":"zur-weiteren-verstaerkung-unseres-teams-im-innendienst-suchen-wir-zum-naechstmoeglichen-zeitpunkt-fuer-unsere-zentrale-in-korschenbroich-lager-und-versandleitung-w-m-d-in-vollzeit","status":"publish","type":"page","link":"https:\/\/www.barth1873.de\/de\/zur-weiteren-verstaerkung-unseres-teams-im-innendienst-suchen-wir-zum-naechstmoeglichen-zeitpunkt-fuer-unsere-zentrale-in-korschenbroich-lager-und-versandleitung-w-m-d-in-vollzeit.html","title":{"rendered":"Zur weiteren Verst\u00e4rkung unseres Teams im Innendienst suchen wir zum n\u00e4chstm\u00f6glichen Zeitpunkt f\u00fcr unsere Zentrale in Korschenbroich: Lager- und Versandleitung (w\/m\/d) in Vollzeit"},"content":{"rendered":"\n<figure class=\"wp-block-image size-full\"><img loading=\"lazy\" decoding=\"async\" width=\"1024\" height=\"341\" src=\"https:\/\/www.barth1873.de\/wp-content\/uploads\/2023\/06\/Lagerleitung-Header-1024x341px-1.jpg\" alt=\"\" class=\"wp-image-7194\" srcset=\"https:\/\/www.barth1873.de\/wp-content\/uploads\/2023\/06\/Lagerleitung-Header-1024x341px-1.jpg 1024w, https:\/\/www.barth1873.de\/wp-content\/uploads\/2023\/06\/Lagerleitung-Header-1024x341px-1-300x100.jpg 300w, https:\/\/www.barth1873.de\/wp-content\/uploads\/2023\/06\/Lagerleitung-Header-1024x341px-1-768x256.jpg 768w\" sizes=\"auto, (max-width: 1024px) 100vw, 1024px\" \/><\/figure>\n\n\n\n<p>Zur weiteren Verst\u00e4rkung unseres Teams im Innendienst suchen wir zum n\u00e4chstm\u00f6glichen Zeitpunkt f\u00fcr unsere  Zentrale in Korschenbroich<\/p>\n\n\n\n<h1 class=\"wp-block-heading\" style=\"padding-top:var(--wp--preset--spacing--40);padding-bottom:var(--wp--preset--spacing--40)\">Lager- und Versandleitung<sub> (w\/m\/d) in Vollzeit<\/sub><\/h1>\n\n\n\n<div class=\"wp-block-group has-background\" style=\"background-color:#f1ede7;padding-top:var(--wp--preset--spacing--40);padding-right:var(--wp--preset--spacing--40);padding-bottom:var(--wp--preset--spacing--20);padding-left:var(--wp--preset--spacing--40)\"><div class=\"wp-block-group__inner-container is-layout-constrained wp-container-core-group-is-layout-11db30c6 wp-block-group-is-layout-constrained\">\n<div class=\"wp-block-columns is-layout-flex wp-container-core-columns-is-layout-28f84493 wp-block-columns-is-layout-flex\">\n<div class=\"wp-block-column is-layout-flow wp-block-column-is-layout-flow\">\n<h2 class=\"wp-block-heading\">Deine Hauptaufgaben<\/h2>\n\n\n\n<ul class=\"wp-block-list\">\n<li>Verantwortliche Leitung f\u00fcr die Bereiche Wareneingang, Versand, Logistik und Kommissionierung<\/li>\n\n\n\n<li>Planung, Steuerung und \u00dcberwachung des gesamten Warenflusses im Lager (Warenannahme, Wareneingangskontrolle, Wareneinlagerung)<\/li>\n\n\n\n<li>Personaleinsatzplanung, F\u00fchrung, Motivation und Entwickl\u00adung des Lagerteams<\/li>\n\n\n\n<li>Sicherstellung der termin- und bedarfsgerechten Beliefer\u00adung der Kunden<\/li>\n\n\n\n<li>Identifizierung von Optimierungspotentialen und Einleitung entsprechender Ma\u00dfnahmen<\/li>\n\n\n\n<li>Enge Zusammenarbeit mit allen Abteilungen des Unternehmens<\/li>\n<\/ul>\n<\/div>\n\n\n\n<div class=\"wp-block-column is-layout-flow wp-block-column-is-layout-flow\">\n<h2 class=\"wp-block-heading\">Was Du mitbringen solltest<\/h2>\n\n\n\n<ul class=\"wp-block-list\">\n<li>Erfolgreich abgeschlossene Ausbildung oder Studium im Bereich Lagerlogistik oder vergleichbarer Qualifikation<\/li>\n\n\n\n<li>Berufserfahrung in Lager, Versand und Logistik, gerne mit F\u00fchrungserfahrung<\/li>\n\n\n\n<li>Staplerschein vorhanden<\/li>\n\n\n\n<li>Gute IT-Kenntnisse<\/li>\n\n\n\n<li>Deutsch- und Englischkenntnisse in Wort und Schrift<\/li>\n\n\n\n<li>Selbstst\u00e4ndige und zielorientierte Arbeitsweise und Probleml\u00f6sungskompetenz<\/li>\n\n\n\n<li>Ausgepr\u00e4gtes Organisationstalent mit hohem Verant\u00adwortungsbewusstsein<\/li>\n\n\n\n<li>Teamplayer Mentalit\u00e4t und die F\u00e4higkeit mit gutemBeispiel voranzugehen<\/li>\n<\/ul>\n<\/div>\n<\/div>\n<\/div><\/div>\n\n\n\n<div style=\"height:30px\" aria-hidden=\"true\" class=\"wp-block-spacer\"><\/div>\n\n\n\n<div class=\"wp-block-group has-text-color has-background\" style=\"color:#ffffff;background-color:#4b2a00;padding-top:var(--wp--preset--spacing--40);padding-right:var(--wp--preset--spacing--40);padding-bottom:var(--wp--preset--spacing--20);padding-left:var(--wp--preset--spacing--40)\"><div class=\"wp-block-group__inner-container is-layout-constrained wp-container-core-group-is-layout-11db30c6 wp-block-group-is-layout-constrained\">\n<h2 class=\"wp-block-heading\">Auf das kannst Du Dich freuen<\/h2>\n\n\n\n<div class=\"wp-block-columns is-layout-flex wp-container-core-columns-is-layout-28f84493 wp-block-columns-is-layout-flex\">\n<div class=\"wp-block-column is-layout-flow wp-block-column-is-layout-flow\">\n<ul class=\"wp-block-list\">\n<li>Interessantes und umfangreiches T\u00e4tigkeitsfeld mit hoher Eigenverantwortung<\/li>\n\n\n\n<li>Freiraum eigene Ideen und Erfahrungen einzubringen<\/li>\n\n\n\n<li>Mittelst\u00e4ndisches Traditionsunternehmen mit flachen Hierarchien und internationaler Firmenkultur<\/li>\n<\/ul>\n<\/div>\n\n\n\n<div class=\"wp-block-column is-layout-flow wp-block-column-is-layout-flow\">\n<ul class=\"wp-block-list\">\n<li>Angenehmes Arbeitsumfeld und Atmosph\u00e4re in einem hochmotivierten Team<\/li>\n\n\n\n<li>Fachliche und pers\u00f6nliche Weiterentwicklung bei einem f\u00fchrenden Unternehmen in der Fu\u00dfbodenindustrie<\/li>\n<\/ul>\n<\/div>\n<\/div>\n<\/div><\/div>\n\n\n\n<div style=\"height:30px\" aria-hidden=\"true\" class=\"wp-block-spacer\"><\/div>\n\n\n\n<div class=\"wp-block-group has-text-color has-background\" style=\"color:#ffffff;background-color:#9b9183;padding-top:var(--wp--preset--spacing--40);padding-right:var(--wp--preset--spacing--40);padding-bottom:var(--wp--preset--spacing--40);padding-left:var(--wp--preset--spacing--40)\"><div class=\"wp-block-group__inner-container is-layout-constrained wp-container-core-group-is-layout-a666d811 wp-block-group-is-layout-constrained\">\n<h2 class=\"wp-block-heading has-text-color\" style=\"color:#ffffff\"><strong>Zur vollst\u00e4ndigen Stellenbeschreibung:<\/strong><\/h2>\n\n\n<p class=\"pdf\"><a href=\"https:\/\/www.barth1873.de\/wp-content\/uploads\/2023\/06\/2023_barth_stellenangebot_Leitung-Lagerlogistik.pdf\">Lager- und Versandleitung (w\/m\/d) in Vollzeit<\/a><\/p><\/div><\/div>\n\n\n\n<div style=\"height:30px\" aria-hidden=\"true\" class=\"wp-block-spacer\"><\/div>\n\n\n\n<div class=\"wp-block-columns is-layout-flex wp-container-core-columns-is-layout-28f84493 wp-block-columns-is-layout-flex\">\n<div class=\"wp-block-column is-layout-flow wp-block-column-is-layout-flow\">\n<h2 class=\"wp-block-heading\"><strong>Jetzt bewerben:<\/strong><\/h2>\n\n\n\n<div class=\"wp-block-contact-form-7-contact-form-selector\">\n<div class=\"wpcf7 no-js\" id=\"wpcf7-f6916-o1\" lang=\"de-DE\" dir=\"ltr\" data-wpcf7-id=\"6916\">\n<div class=\"screen-reader-response\"><p role=\"status\" aria-live=\"polite\" aria-atomic=\"true\"><\/p> <ul><\/ul><\/div>\n<form action=\"\/de\/wp-json\/wp\/v2\/pages\/7116#wpcf7-f6916-o1\" method=\"post\" class=\"wpcf7-form init\" aria-label=\"Kontaktformular\" enctype=\"multipart\/form-data\" novalidate=\"novalidate\" data-status=\"init\">\n<fieldset class=\"hidden-fields-container\"><input type=\"hidden\" name=\"_wpcf7\" value=\"6916\" \/><input type=\"hidden\" name=\"_wpcf7_version\" value=\"6.1.5\" \/><input type=\"hidden\" name=\"_wpcf7_locale\" value=\"de_DE\" \/><input type=\"hidden\" name=\"_wpcf7_unit_tag\" value=\"wpcf7-f6916-o1\" \/><input type=\"hidden\" name=\"_wpcf7_container_post\" value=\"0\" \/><input type=\"hidden\" name=\"_wpcf7_posted_data_hash\" value=\"\" \/><input type=\"hidden\" name=\"_wpcf7dtx_version\" value=\"5.0.5\" \/>\n<\/fieldset>\n<p class=\"contactform_p\"><label>Name und Vorname<\/label><br \/>\n<span class=\"wpcf7-form-control-wrap\" data-name=\"your-name\"><input size=\"40\" maxlength=\"400\" class=\"wpcf7-form-control wpcf7-text\" aria-invalid=\"false\" value=\"\" type=\"text\" name=\"your-name\" \/><\/span>\n<\/p>\n<p class=\"contactform_p\"><label>E-Mail *<\/label><br \/>\n<span class=\"wpcf7-form-control-wrap\" data-name=\"your-email\"><input size=\"40\" maxlength=\"400\" class=\"wpcf7-form-control wpcf7-email wpcf7-validates-as-required wpcf7-text wpcf7-validates-as-email\" aria-required=\"true\" aria-invalid=\"false\" value=\"\" type=\"email\" name=\"your-email\" \/><\/span>\n<\/p>\n<p class=\"contactform_p\"><label> Telefon<\/label><br \/>\n<span class=\"wpcf7-form-control-wrap\" data-name=\"telefon\"><input size=\"40\" maxlength=\"400\" class=\"wpcf7-form-control wpcf7-text\" aria-invalid=\"false\" value=\"\" type=\"text\" name=\"telefon\" \/><\/span>\n<\/p>\n<p><label>Anmerkungen:<\/label><br \/>\n<span class=\"wpcf7-form-control-wrap\" data-name=\"your-message\"><textarea cols=\"40\" rows=\"10\" maxlength=\"2000\" class=\"wpcf7-form-control wpcf7-textarea\" aria-invalid=\"false\" name=\"your-message\"><\/textarea><\/span>\n<\/p>\n<p><span class=\"wpcf7-form-control-wrap inputname\" data-name=\"inputname\"><input type=\"text\" name=\"inputname\" class=\"wpcf7-form-control wpcf7-text wpcf7dtx wpcf7dtx-text\" aria-invalid=\"false\" value=\"Zur weiteren Verst\u00e4rkung unseres Teams im Innendienst suchen wir zum n\u00e4chstm\u00f6glichen Zeitpunkt f\u00fcr unsere Zentrale in Korschenbroich: Lager- und Versandleitung (w\/m\/d) in Vollzeit\"><\/span>\n<\/p>\n<p class=\"contactform_p\"><label><br \/>\nBewerbungsdaten:<\/label><br \/>\n<span class=\"wpcf7-form-control-wrap\" data-name=\"Bewerbung\"><input size=\"40\" class=\"wpcf7-form-control wpcf7-file\" accept=\"image\/*,.txt,application\/pdf\" aria-invalid=\"false\" type=\"file\" name=\"Bewerbung\" \/><\/span>\n<\/p>\n<p class=\"contactform_p text-left\"><br \/>\n<span class=\"wpcf7-form-control-wrap\" data-name=\"checkbox-datenschutz\"><span class=\"wpcf7-form-control wpcf7-checkbox wpcf7-validates-as-required\"><span class=\"wpcf7-list-item first last\"><label><input type=\"checkbox\" name=\"checkbox-datenschutz[]\" value=\"Ja, ich habe die Datenschutzerkl\u00e4rung gelesen und akzeptiert und erteile hiermit die Erlaubnis meine Kontaktdaten f\u00fcr die Weiterverarbeitung meiner Anfrage zu speichern und zu verwenden*\" \/><span class=\"wpcf7-list-item-label\">Ja, ich habe die Datenschutzerkl\u00e4rung gelesen und akzeptiert und erteile hiermit die Erlaubnis meine Kontaktdaten f\u00fcr die Weiterverarbeitung meiner Anfrage zu speichern und zu verwenden*<\/span><\/label><\/span><\/span><\/span><br \/>\n<a href=\"https:\/\/www.barth1873.de\/de\/datenschutz.html\" target=\"_blank\" titel=\"Zur Datenschutzerkl\u00e4rung\">Zur Datenschutzerkl\u00e4rung<\/a>\n<\/p>\n<p><input class=\"wpcf7-form-control wpcf7-submit has-spinner\" type=\"submit\" value=\"Abschicken\" \/>\n<\/p>\n<p><small>*Pflichtfeld<\/small>\n<\/p><div class=\"wpcf7-response-output\" aria-hidden=\"true\"><\/div>\n<\/form>\n<\/div>\n<\/div>\n<\/div>\n\n\n\n<div class=\"wp-block-column is-layout-flow wp-block-column-is-layout-flow\"><\/div>\n<\/div>\n","protected":false},"excerpt":{"rendered":"<p>Zur weiteren Verst\u00e4rkung unseres Teams im Innendienst suchen wir zum n\u00e4chstm\u00f6glichen Zeitpunkt f\u00fcr unsere Zentrale in Korschenbroich Lager- und Versandleitung (w\/m\/d) in Vollzeit Deine Hauptaufgaben Was Du mitbringen solltest Auf das kannst Du Dich freuen Zur vollst\u00e4ndigen Stellenbeschreibung: Jetzt bewerben:<\/p>\n","protected":false},"author":2,"featured_media":0,"parent":0,"menu_order":0,"comment_status":"closed","ping_status":"closed","template":"2023-dragdrop-template.php","meta":{"footnotes":""},"class_list":["post-7116","page","type-page","status-publish","hentry"],"yoast_head":"<!-- This site is optimized with the Yoast SEO plugin v27.4 - https:\/\/yoast.com\/product\/yoast-seo-wordpress\/ -->\n<title>Zur weiteren Verst\u00e4rkung unseres Teams im Innendienst suchen wir zum n\u00e4chstm\u00f6glichen Zeitpunkt f\u00fcr unsere Zentrale in Korschenbroich: Lager- und Versandleitung (w\/m\/d) in Vollzeit - Barth &amp; Co<\/title>\n<meta name=\"robots\" content=\"index, follow, max-snippet:-1, max-image-preview:large, max-video-preview:-1\" \/>\n<link rel=\"canonical\" href=\"https:\/\/www.barth1873.de\/de\/zur-weiteren-verstaerkung-unseres-teams-im-innendienst-suchen-wir-zum-naechstmoeglichen-zeitpunkt-fuer-unsere-zentrale-in-korschenbroich-lager-und-versandleitung-w-m-d-in-vollzeit.html\" \/>\n<meta property=\"og:locale\" content=\"de_DE\" \/>\n<meta property=\"og:type\" content=\"article\" \/>\n<meta property=\"og:title\" content=\"Zur weiteren Verst\u00e4rkung unseres Teams im Innendienst suchen wir zum n\u00e4chstm\u00f6glichen Zeitpunkt f\u00fcr unsere Zentrale in Korschenbroich: Lager- und Versandleitung (w\/m\/d) in Vollzeit - Barth &amp; Co\" \/>\n<meta property=\"og:description\" content=\"Zur weiteren Verst\u00e4rkung unseres Teams im Innendienst suchen wir zum n\u00e4chstm\u00f6glichen Zeitpunkt f\u00fcr unsere Zentrale in Korschenbroich Lager- und Versandleitung (w\/m\/d) in Vollzeit Deine Hauptaufgaben Was Du mitbringen solltest Auf das kannst Du Dich freuen Zur vollst\u00e4ndigen Stellenbeschreibung: Jetzt bewerben:\" \/>\n<meta property=\"og:url\" content=\"https:\/\/www.barth1873.de\/de\/zur-weiteren-verstaerkung-unseres-teams-im-innendienst-suchen-wir-zum-naechstmoeglichen-zeitpunkt-fuer-unsere-zentrale-in-korschenbroich-lager-und-versandleitung-w-m-d-in-vollzeit.html\" \/>\n<meta property=\"og:site_name\" content=\"Barth &amp; Co\" \/>\n<meta property=\"article:modified_time\" content=\"2023-06-30T07:49:15+00:00\" \/>\n<meta property=\"og:image\" content=\"https:\/\/www.barth1873.de\/wp-content\/uploads\/2023\/06\/Lagerleitung-Header-1024x341px-1.jpg\" \/>\n<meta name=\"twitter:card\" content=\"summary_large_image\" \/>\n<meta name=\"twitter:label1\" content=\"Gesch\u00e4tzte Lesezeit\" \/>\n\t<meta name=\"twitter:data1\" content=\"2\u00a0Minuten\" \/>\n<script type=\"application\/ld+json\" class=\"yoast-schema-graph\">{\"@context\":\"https:\\\/\\\/schema.org\",\"@graph\":[{\"@type\":\"WebPage\",\"@id\":\"https:\\\/\\\/www.barth1873.de\\\/de\\\/zur-weiteren-verstaerkung-unseres-teams-im-innendienst-suchen-wir-zum-naechstmoeglichen-zeitpunkt-fuer-unsere-zentrale-in-korschenbroich-lager-und-versandleitung-w-m-d-in-vollzeit.html\",\"url\":\"https:\\\/\\\/www.barth1873.de\\\/de\\\/zur-weiteren-verstaerkung-unseres-teams-im-innendienst-suchen-wir-zum-naechstmoeglichen-zeitpunkt-fuer-unsere-zentrale-in-korschenbroich-lager-und-versandleitung-w-m-d-in-vollzeit.html\",\"name\":\"Zur weiteren Verst\u00e4rkung unseres Teams im Innendienst suchen wir zum n\u00e4chstm\u00f6glichen Zeitpunkt f\u00fcr unsere Zentrale in Korschenbroich: Lager- und Versandleitung (w\\\/m\\\/d) in Vollzeit - Barth &amp; Co\",\"isPartOf\":{\"@id\":\"https:\\\/\\\/www.barth1873.de\\\/de\\\/#website\"},\"primaryImageOfPage\":{\"@id\":\"https:\\\/\\\/www.barth1873.de\\\/de\\\/zur-weiteren-verstaerkung-unseres-teams-im-innendienst-suchen-wir-zum-naechstmoeglichen-zeitpunkt-fuer-unsere-zentrale-in-korschenbroich-lager-und-versandleitung-w-m-d-in-vollzeit.html#primaryimage\"},\"image\":{\"@id\":\"https:\\\/\\\/www.barth1873.de\\\/de\\\/zur-weiteren-verstaerkung-unseres-teams-im-innendienst-suchen-wir-zum-naechstmoeglichen-zeitpunkt-fuer-unsere-zentrale-in-korschenbroich-lager-und-versandleitung-w-m-d-in-vollzeit.html#primaryimage\"},\"thumbnailUrl\":\"https:\\\/\\\/www.barth1873.de\\\/wp-content\\\/uploads\\\/2023\\\/06\\\/Lagerleitung-Header-1024x341px-1.jpg\",\"datePublished\":\"2023-06-29T13:34:05+00:00\",\"dateModified\":\"2023-06-30T07:49:15+00:00\",\"breadcrumb\":{\"@id\":\"https:\\\/\\\/www.barth1873.de\\\/de\\\/zur-weiteren-verstaerkung-unseres-teams-im-innendienst-suchen-wir-zum-naechstmoeglichen-zeitpunkt-fuer-unsere-zentrale-in-korschenbroich-lager-und-versandleitung-w-m-d-in-vollzeit.html#breadcrumb\"},\"inLanguage\":\"de\",\"potentialAction\":[{\"@type\":\"ReadAction\",\"target\":[\"https:\\\/\\\/www.barth1873.de\\\/de\\\/zur-weiteren-verstaerkung-unseres-teams-im-innendienst-suchen-wir-zum-naechstmoeglichen-zeitpunkt-fuer-unsere-zentrale-in-korschenbroich-lager-und-versandleitung-w-m-d-in-vollzeit.html\"]}]},{\"@type\":\"ImageObject\",\"inLanguage\":\"de\",\"@id\":\"https:\\\/\\\/www.barth1873.de\\\/de\\\/zur-weiteren-verstaerkung-unseres-teams-im-innendienst-suchen-wir-zum-naechstmoeglichen-zeitpunkt-fuer-unsere-zentrale-in-korschenbroich-lager-und-versandleitung-w-m-d-in-vollzeit.html#primaryimage\",\"url\":\"https:\\\/\\\/www.barth1873.de\\\/wp-content\\\/uploads\\\/2023\\\/06\\\/Lagerleitung-Header-1024x341px-1.jpg\",\"contentUrl\":\"https:\\\/\\\/www.barth1873.de\\\/wp-content\\\/uploads\\\/2023\\\/06\\\/Lagerleitung-Header-1024x341px-1.jpg\"},{\"@type\":\"BreadcrumbList\",\"@id\":\"https:\\\/\\\/www.barth1873.de\\\/de\\\/zur-weiteren-verstaerkung-unseres-teams-im-innendienst-suchen-wir-zum-naechstmoeglichen-zeitpunkt-fuer-unsere-zentrale-in-korschenbroich-lager-und-versandleitung-w-m-d-in-vollzeit.html#breadcrumb\",\"itemListElement\":[{\"@type\":\"ListItem\",\"position\":1,\"name\":\"Startseite\",\"item\":\"https:\\\/\\\/www.barth1873.de\\\/de\"},{\"@type\":\"ListItem\",\"position\":2,\"name\":\"Zur weiteren Verst\u00e4rkung unseres Teams im Innendienst suchen wir zum n\u00e4chstm\u00f6glichen Zeitpunkt f\u00fcr unsere Zentrale in Korschenbroich: Lager- und Versandleitung (w\\\/m\\\/d) in Vollzeit\"}]},{\"@type\":\"WebSite\",\"@id\":\"https:\\\/\\\/www.barth1873.de\\\/de\\\/#website\",\"url\":\"https:\\\/\\\/www.barth1873.de\\\/de\\\/\",\"name\":\"Barth &amp; Co\",\"description\":\"Holz-und Parketthandel\",\"publisher\":{\"@id\":\"https:\\\/\\\/www.barth1873.de\\\/de\\\/#organization\"},\"potentialAction\":[{\"@type\":\"SearchAction\",\"target\":{\"@type\":\"EntryPoint\",\"urlTemplate\":\"https:\\\/\\\/www.barth1873.de\\\/de\\\/?s={search_term_string}\"},\"query-input\":{\"@type\":\"PropertyValueSpecification\",\"valueRequired\":true,\"valueName\":\"search_term_string\"}}],\"inLanguage\":\"de\"},{\"@type\":\"Organization\",\"@id\":\"https:\\\/\\\/www.barth1873.de\\\/de\\\/#organization\",\"name\":\"Barth & Co\",\"url\":\"https:\\\/\\\/www.barth1873.de\\\/de\\\/\",\"logo\":{\"@type\":\"ImageObject\",\"inLanguage\":\"de\",\"@id\":\"https:\\\/\\\/www.barth1873.de\\\/de\\\/#\\\/schema\\\/logo\\\/image\\\/\",\"url\":\"https:\\\/\\\/www.barth1873.de\\\/wp-content\\\/uploads\\\/2020\\\/04\\\/logo_barth210.png\",\"contentUrl\":\"https:\\\/\\\/www.barth1873.de\\\/wp-content\\\/uploads\\\/2020\\\/04\\\/logo_barth210.png\",\"width\":210,\"height\":53,\"caption\":\"Barth & Co\"},\"image\":{\"@id\":\"https:\\\/\\\/www.barth1873.de\\\/de\\\/#\\\/schema\\\/logo\\\/image\\\/\"}}]}<\/script>\n<!-- \/ Yoast SEO plugin. -->","yoast_head_json":{"title":"Zur weiteren Verst\u00e4rkung unseres Teams im Innendienst suchen wir zum n\u00e4chstm\u00f6glichen Zeitpunkt f\u00fcr unsere Zentrale in Korschenbroich: Lager- und Versandleitung (w\/m\/d) in Vollzeit - Barth &amp; Co","robots":{"index":"index","follow":"follow","max-snippet":"max-snippet:-1","max-image-preview":"max-image-preview:large","max-video-preview":"max-video-preview:-1"},"canonical":"https:\/\/www.barth1873.de\/de\/zur-weiteren-verstaerkung-unseres-teams-im-innendienst-suchen-wir-zum-naechstmoeglichen-zeitpunkt-fuer-unsere-zentrale-in-korschenbroich-lager-und-versandleitung-w-m-d-in-vollzeit.html","og_locale":"de_DE","og_type":"article","og_title":"Zur weiteren Verst\u00e4rkung unseres Teams im Innendienst suchen wir zum n\u00e4chstm\u00f6glichen Zeitpunkt f\u00fcr unsere Zentrale in Korschenbroich: Lager- und Versandleitung (w\/m\/d) in Vollzeit - Barth &amp; Co","og_description":"Zur weiteren Verst\u00e4rkung unseres Teams im Innendienst suchen wir zum n\u00e4chstm\u00f6glichen Zeitpunkt f\u00fcr unsere Zentrale in Korschenbroich Lager- und Versandleitung (w\/m\/d) in Vollzeit Deine Hauptaufgaben Was Du mitbringen solltest Auf das kannst Du Dich freuen Zur vollst\u00e4ndigen Stellenbeschreibung: Jetzt bewerben:","og_url":"https:\/\/www.barth1873.de\/de\/zur-weiteren-verstaerkung-unseres-teams-im-innendienst-suchen-wir-zum-naechstmoeglichen-zeitpunkt-fuer-unsere-zentrale-in-korschenbroich-lager-und-versandleitung-w-m-d-in-vollzeit.html","og_site_name":"Barth &amp; Co","article_modified_time":"2023-06-30T07:49:15+00:00","og_image":[{"url":"https:\/\/www.barth1873.de\/wp-content\/uploads\/2023\/06\/Lagerleitung-Header-1024x341px-1.jpg","type":"","width":"","height":""}],"twitter_card":"summary_large_image","twitter_misc":{"Gesch\u00e4tzte Lesezeit":"2\u00a0Minuten"},"schema":{"@context":"https:\/\/schema.org","@graph":[{"@type":"WebPage","@id":"https:\/\/www.barth1873.de\/de\/zur-weiteren-verstaerkung-unseres-teams-im-innendienst-suchen-wir-zum-naechstmoeglichen-zeitpunkt-fuer-unsere-zentrale-in-korschenbroich-lager-und-versandleitung-w-m-d-in-vollzeit.html","url":"https:\/\/www.barth1873.de\/de\/zur-weiteren-verstaerkung-unseres-teams-im-innendienst-suchen-wir-zum-naechstmoeglichen-zeitpunkt-fuer-unsere-zentrale-in-korschenbroich-lager-und-versandleitung-w-m-d-in-vollzeit.html","name":"Zur weiteren Verst\u00e4rkung unseres Teams im Innendienst suchen wir zum n\u00e4chstm\u00f6glichen Zeitpunkt f\u00fcr unsere Zentrale in Korschenbroich: Lager- und Versandleitung (w\/m\/d) in Vollzeit - Barth &amp; Co","isPartOf":{"@id":"https:\/\/www.barth1873.de\/de\/#website"},"primaryImageOfPage":{"@id":"https:\/\/www.barth1873.de\/de\/zur-weiteren-verstaerkung-unseres-teams-im-innendienst-suchen-wir-zum-naechstmoeglichen-zeitpunkt-fuer-unsere-zentrale-in-korschenbroich-lager-und-versandleitung-w-m-d-in-vollzeit.html#primaryimage"},"image":{"@id":"https:\/\/www.barth1873.de\/de\/zur-weiteren-verstaerkung-unseres-teams-im-innendienst-suchen-wir-zum-naechstmoeglichen-zeitpunkt-fuer-unsere-zentrale-in-korschenbroich-lager-und-versandleitung-w-m-d-in-vollzeit.html#primaryimage"},"thumbnailUrl":"https:\/\/www.barth1873.de\/wp-content\/uploads\/2023\/06\/Lagerleitung-Header-1024x341px-1.jpg","datePublished":"2023-06-29T13:34:05+00:00","dateModified":"2023-06-30T07:49:15+00:00","breadcrumb":{"@id":"https:\/\/www.barth1873.de\/de\/zur-weiteren-verstaerkung-unseres-teams-im-innendienst-suchen-wir-zum-naechstmoeglichen-zeitpunkt-fuer-unsere-zentrale-in-korschenbroich-lager-und-versandleitung-w-m-d-in-vollzeit.html#breadcrumb"},"inLanguage":"de","potentialAction":[{"@type":"ReadAction","target":["https:\/\/www.barth1873.de\/de\/zur-weiteren-verstaerkung-unseres-teams-im-innendienst-suchen-wir-zum-naechstmoeglichen-zeitpunkt-fuer-unsere-zentrale-in-korschenbroich-lager-und-versandleitung-w-m-d-in-vollzeit.html"]}]},{"@type":"ImageObject","inLanguage":"de","@id":"https:\/\/www.barth1873.de\/de\/zur-weiteren-verstaerkung-unseres-teams-im-innendienst-suchen-wir-zum-naechstmoeglichen-zeitpunkt-fuer-unsere-zentrale-in-korschenbroich-lager-und-versandleitung-w-m-d-in-vollzeit.html#primaryimage","url":"https:\/\/www.barth1873.de\/wp-content\/uploads\/2023\/06\/Lagerleitung-Header-1024x341px-1.jpg","contentUrl":"https:\/\/www.barth1873.de\/wp-content\/uploads\/2023\/06\/Lagerleitung-Header-1024x341px-1.jpg"},{"@type":"BreadcrumbList","@id":"https:\/\/www.barth1873.de\/de\/zur-weiteren-verstaerkung-unseres-teams-im-innendienst-suchen-wir-zum-naechstmoeglichen-zeitpunkt-fuer-unsere-zentrale-in-korschenbroich-lager-und-versandleitung-w-m-d-in-vollzeit.html#breadcrumb","itemListElement":[{"@type":"ListItem","position":1,"name":"Startseite","item":"https:\/\/www.barth1873.de\/de"},{"@type":"ListItem","position":2,"name":"Zur weiteren Verst\u00e4rkung unseres Teams im Innendienst suchen wir zum n\u00e4chstm\u00f6glichen Zeitpunkt f\u00fcr unsere Zentrale in Korschenbroich: Lager- und Versandleitung (w\/m\/d) in Vollzeit"}]},{"@type":"WebSite","@id":"https:\/\/www.barth1873.de\/de\/#website","url":"https:\/\/www.barth1873.de\/de\/","name":"Barth &amp; Co","description":"Holz-und Parketthandel","publisher":{"@id":"https:\/\/www.barth1873.de\/de\/#organization"},"potentialAction":[{"@type":"SearchAction","target":{"@type":"EntryPoint","urlTemplate":"https:\/\/www.barth1873.de\/de\/?s={search_term_string}"},"query-input":{"@type":"PropertyValueSpecification","valueRequired":true,"valueName":"search_term_string"}}],"inLanguage":"de"},{"@type":"Organization","@id":"https:\/\/www.barth1873.de\/de\/#organization","name":"Barth & Co","url":"https:\/\/www.barth1873.de\/de\/","logo":{"@type":"ImageObject","inLanguage":"de","@id":"https:\/\/www.barth1873.de\/de\/#\/schema\/logo\/image\/","url":"https:\/\/www.barth1873.de\/wp-content\/uploads\/2020\/04\/logo_barth210.png","contentUrl":"https:\/\/www.barth1873.de\/wp-content\/uploads\/2020\/04\/logo_barth210.png","width":210,"height":53,"caption":"Barth & Co"},"image":{"@id":"https:\/\/www.barth1873.de\/de\/#\/schema\/logo\/image\/"}}]}},"_links":{"self":[{"href":"https:\/\/www.barth1873.de\/de\/wp-json\/wp\/v2\/pages\/7116","targetHints":{"allow":["GET"]}}],"collection":[{"href":"https:\/\/www.barth1873.de\/de\/wp-json\/wp\/v2\/pages"}],"about":[{"href":"https:\/\/www.barth1873.de\/de\/wp-json\/wp\/v2\/types\/page"}],"author":[{"embeddable":true,"href":"https:\/\/www.barth1873.de\/de\/wp-json\/wp\/v2\/users\/2"}],"replies":[{"embeddable":true,"href":"https:\/\/www.barth1873.de\/de\/wp-json\/wp\/v2\/comments?post=7116"}],"version-history":[{"count":3,"href":"https:\/\/www.barth1873.de\/de\/wp-json\/wp\/v2\/pages\/7116\/revisions"}],"predecessor-version":[{"id":7197,"href":"https:\/\/www.barth1873.de\/de\/wp-json\/wp\/v2\/pages\/7116\/revisions\/7197"}],"wp:attachment":[{"href":"https:\/\/www.barth1873.de\/de\/wp-json\/wp\/v2\/media?parent=7116"}],"curies":[{"name":"wp","href":"https:\/\/api.w.org\/{rel}","templated":true}]}}