{"id":7018,"date":"2023-06-21T19:12:37","date_gmt":"2023-06-21T17:12:37","guid":{"rendered":"https:\/\/www.barth1873.de\/?page_id=7018"},"modified":"2023-07-13T09:34:40","modified_gmt":"2023-07-13T07:34:40","slug":"barth-akademie","status":"publish","type":"page","link":"https:\/\/www.barth1873.de\/de\/karriere\/barth-akademie.html","title":{"rendered":"Barth Akademie"},"content":{"rendered":"\n<div style=\"height:10px\" aria-hidden=\"true\" class=\"wp-block-spacer\"><\/div>\n\n\n<div class=\"wp-block-image\">\n<figure class=\"aligncenter size-full is-resized\"><img loading=\"lazy\" decoding=\"async\" src=\"https:\/\/www.barth1873.de\/wp-content\/uploads\/2023\/07\/BAR_Akademie-Logo_RGB-TYPO-fett.jpg\" alt=\"\" class=\"wp-image-7289\" width=\"300\" height=\"121\" srcset=\"https:\/\/www.barth1873.de\/wp-content\/uploads\/2023\/07\/BAR_Akademie-Logo_RGB-TYPO-fett.jpg 600w, https:\/\/www.barth1873.de\/wp-content\/uploads\/2023\/07\/BAR_Akademie-Logo_RGB-TYPO-fett-300x121.jpg 300w\" sizes=\"auto, (max-width: 300px) 100vw, 300px\" \/><\/figure>\n<\/div>\n\n\n<div style=\"height:20px\" aria-hidden=\"true\" class=\"wp-block-spacer\"><\/div>\n\n\n\n<figure class=\"wp-block-image size-large\"><img loading=\"lazy\" decoding=\"async\" width=\"1024\" height=\"341\" src=\"https:\/\/www.barth1873.de\/wp-content\/uploads\/2023\/06\/barth-akademie-image_titel-1024x341.jpg\" alt=\"\" class=\"wp-image-7020\" srcset=\"https:\/\/www.barth1873.de\/wp-content\/uploads\/2023\/06\/barth-akademie-image_titel-1024x341.jpg 1024w, https:\/\/www.barth1873.de\/wp-content\/uploads\/2023\/06\/barth-akademie-image_titel-300x100.jpg 300w, https:\/\/www.barth1873.de\/wp-content\/uploads\/2023\/06\/barth-akademie-image_titel-768x256.jpg 768w, https:\/\/www.barth1873.de\/wp-content\/uploads\/2023\/06\/barth-akademie-image_titel.jpg 1200w\" sizes=\"auto, (max-width: 1024px) 100vw, 1024px\" \/><\/figure>\n\n\n\n<p class=\"has-text-color\" style=\"color:#000000\">Heute schon an Morgen denken. Bei der Barth &amp; Co. Akademie hast du die M\u00f6glichkeit deine Zukunft so zu gestalten, wie sie dir am besten gef\u00e4llt. Du bist dir noch nicht sicher welchen Weg du gehen m\u00f6chtest? Dann nutze vorab die Chance und starte bei uns mit einem Praktikum. So kannst du einmal in alle Abteilungen reinschnuppern, was dir sicherlich hilfreich sein wird, bei der richtigen Wahl deiner Ausbildung.<\/p>\n\n\n\n<div style=\"height:30px\" aria-hidden=\"true\" class=\"wp-block-spacer\"><\/div>\n\n\n\n<h1 class=\"wp-block-heading has-text-color\" style=\"color:#4b2a00\">Aktuelle Kennenlern- und Ausbildungsangebote <\/h1>\n\n\n\n<h2 class=\"wp-block-heading has-text-color\" style=\"color:#9b9183\">f\u00fcr Logistik, Buchhaltung, IT, Vertrieb u.v.m.<\/h2>\n\n\n\n<div style=\"height:30px\" aria-hidden=\"true\" class=\"wp-block-spacer\"><\/div>\n\n\n\n<div class=\"wp-block-columns is-layout-flex wp-container-core-columns-is-layout-28f84493 wp-block-columns-is-layout-flex\">\n<div class=\"wp-block-column is-layout-flow wp-block-column-is-layout-flow\">\n\t<div class=\"kachel kachelintern\">\n\t<div class=\"kachel_inner\">\n\t\t<img decoding=\"async\" src=\"https:\/\/www.barth1873.de\/wp-content\/uploads\/2023\/06\/Praktikum-Kachel-325x206px.jpg\" class=\"kachel_img\" alt=\"\">\n\n\t\t<div class=\"kachellinks\"><a href=\"https:\/\/www.barth1873.de\/de\/praktikant-w-m-d-zentrale-in-korschenbroich\" class=\"make_bold\"><span> Praktikum<\/span>(w\/m\/d)<\/a><\/div>\t<\/div><\/div>\n\n\t<\/div>\n\n\n\n<div class=\"wp-block-column is-layout-flow wp-block-column-is-layout-flow\">\n\t<div class=\"kachel kachelintern\">\n\t<div class=\"kachel_inner\">\n\t\t<img decoding=\"async\" src=\"https:\/\/www.barth1873.de\/wp-content\/uploads\/2023\/06\/Ausbildung-Kaufmann-Frau-Kachel-325x206px.jpg\" class=\"kachel_img\" alt=\"\">\n\n\t\t<div class=\"kachellinks\"><a href=\"https:\/\/www.barth1873.de\/de\/ausbildung-zum-kaufmann-frau-fuer-gross-und-aussenhandelsmanagement\" class=\"make_bold\"><span> Ausbildung zum Kaufmann\/-frau f\u00fcr Gro\u00df- und Au\u00dfenhandelsmanagement<\/span>(w\/m\/d)<\/a><\/div>\t<\/div><\/div>\n\n\t<\/div>\n\n\n\n<div class=\"wp-block-column is-layout-flow wp-block-column-is-layout-flow\">\n\t<div class=\"kachel kachelintern\">\n\t<div class=\"kachel_inner\">\n\t\t<img decoding=\"async\" src=\"https:\/\/www.barth1873.de\/wp-content\/uploads\/2023\/06\/Ausbildung-Lager-Kachel-325x206px.jpg\" class=\"kachel_img\" alt=\"\">\n\n\t\t<div class=\"kachellinks\"><a href=\"https:\/\/www.barth1873.de\/de\/ausbildung-zur-fachkraft-fuer-lagerlogistik\" class=\"make_bold\"><span> Ausbildung zur Fachkraft f\u00fcr Lagerlogistik<\/span>(w\/m\/d)<\/a><\/div>\t<\/div><\/div>\n\n\t<\/div>\n<\/div>\n","protected":false},"excerpt":{"rendered":"<p>Heute schon an Morgen denken. Bei der Barth &amp; Co. Akademie hast du die M\u00f6glichkeit deine Zukunft so zu gestalten, wie sie dir am besten gef\u00e4llt. Du bist dir noch nicht sicher welchen Weg du gehen m\u00f6chtest? Dann nutze vorab die Chance und starte bei uns mit einem Praktikum. So kannst du einmal in alle [&hellip;]<\/p>\n","protected":false},"author":4,"featured_media":0,"parent":6934,"menu_order":20,"comment_status":"closed","ping_status":"closed","template":"2023-dragdrop-template.php","meta":{"footnotes":""},"class_list":["post-7018","page","type-page","status-publish","hentry"],"yoast_head":"<!-- This site is optimized with the Yoast SEO plugin v27.4 - https:\/\/yoast.com\/product\/yoast-seo-wordpress\/ -->\n<title>Barth Akademie - Barth &amp; Co<\/title>\n<meta name=\"robots\" content=\"index, follow, max-snippet:-1, max-image-preview:large, max-video-preview:-1\" \/>\n<link rel=\"canonical\" href=\"https:\/\/www.barth1873.de\/de\/karriere\/barth-akademie.html\" \/>\n<meta property=\"og:locale\" content=\"de_DE\" \/>\n<meta property=\"og:type\" content=\"article\" \/>\n<meta property=\"og:title\" content=\"Barth Akademie - Barth &amp; Co\" \/>\n<meta property=\"og:description\" content=\"Heute schon an Morgen denken. Bei der Barth &amp; Co. Akademie hast du die M\u00f6glichkeit deine Zukunft so zu gestalten, wie sie dir am besten gef\u00e4llt. Du bist dir noch nicht sicher welchen Weg du gehen m\u00f6chtest? Dann nutze vorab die Chance und starte bei uns mit einem Praktikum. So kannst du einmal in alle [&hellip;]\" \/>\n<meta property=\"og:url\" content=\"https:\/\/www.barth1873.de\/de\/karriere\/barth-akademie.html\" \/>\n<meta property=\"og:site_name\" content=\"Barth &amp; Co\" \/>\n<meta property=\"article:modified_time\" content=\"2023-07-13T07:34:40+00:00\" \/>\n<meta property=\"og:image\" content=\"https:\/\/www.barth1873.de\/wp-content\/uploads\/2023\/07\/BAR_Akademie-Logo_RGB-TYPO-fett.jpg\" \/>\n<meta name=\"twitter:card\" content=\"summary_large_image\" \/>\n<meta name=\"twitter:label1\" content=\"Gesch\u00e4tzte Lesezeit\" \/>\n\t<meta name=\"twitter:data1\" content=\"1\u00a0Minute\" \/>\n<script type=\"application\/ld+json\" class=\"yoast-schema-graph\">{\"@context\":\"https:\\\/\\\/schema.org\",\"@graph\":[{\"@type\":\"WebPage\",\"@id\":\"https:\\\/\\\/www.barth1873.de\\\/de\\\/karriere\\\/barth-akademie.html\",\"url\":\"https:\\\/\\\/www.barth1873.de\\\/de\\\/karriere\\\/barth-akademie.html\",\"name\":\"Barth Akademie - Barth &amp; Co\",\"isPartOf\":{\"@id\":\"https:\\\/\\\/www.barth1873.de\\\/de\\\/#website\"},\"primaryImageOfPage\":{\"@id\":\"https:\\\/\\\/www.barth1873.de\\\/de\\\/karriere\\\/barth-akademie.html#primaryimage\"},\"image\":{\"@id\":\"https:\\\/\\\/www.barth1873.de\\\/de\\\/karriere\\\/barth-akademie.html#primaryimage\"},\"thumbnailUrl\":\"https:\\\/\\\/www.barth1873.de\\\/wp-content\\\/uploads\\\/2023\\\/07\\\/BAR_Akademie-Logo_RGB-TYPO-fett.jpg\",\"datePublished\":\"2023-06-21T17:12:37+00:00\",\"dateModified\":\"2023-07-13T07:34:40+00:00\",\"breadcrumb\":{\"@id\":\"https:\\\/\\\/www.barth1873.de\\\/de\\\/karriere\\\/barth-akademie.html#breadcrumb\"},\"inLanguage\":\"de\",\"potentialAction\":[{\"@type\":\"ReadAction\",\"target\":[\"https:\\\/\\\/www.barth1873.de\\\/de\\\/karriere\\\/barth-akademie.html\"]}]},{\"@type\":\"ImageObject\",\"inLanguage\":\"de\",\"@id\":\"https:\\\/\\\/www.barth1873.de\\\/de\\\/karriere\\\/barth-akademie.html#primaryimage\",\"url\":\"https:\\\/\\\/www.barth1873.de\\\/wp-content\\\/uploads\\\/2023\\\/07\\\/BAR_Akademie-Logo_RGB-TYPO-fett.jpg\",\"contentUrl\":\"https:\\\/\\\/www.barth1873.de\\\/wp-content\\\/uploads\\\/2023\\\/07\\\/BAR_Akademie-Logo_RGB-TYPO-fett.jpg\"},{\"@type\":\"BreadcrumbList\",\"@id\":\"https:\\\/\\\/www.barth1873.de\\\/de\\\/karriere\\\/barth-akademie.html#breadcrumb\",\"itemListElement\":[{\"@type\":\"ListItem\",\"position\":1,\"name\":\"Startseite\",\"item\":\"https:\\\/\\\/www.barth1873.de\\\/de\"},{\"@type\":\"ListItem\",\"position\":2,\"name\":\"Karriere\",\"item\":\"https:\\\/\\\/www.barth1873.de\\\/de\\\/karriere.html\"},{\"@type\":\"ListItem\",\"position\":3,\"name\":\"Barth Akademie\"}]},{\"@type\":\"WebSite\",\"@id\":\"https:\\\/\\\/www.barth1873.de\\\/de\\\/#website\",\"url\":\"https:\\\/\\\/www.barth1873.de\\\/de\\\/\",\"name\":\"Barth &amp; Co\",\"description\":\"Holz-und Parketthandel\",\"publisher\":{\"@id\":\"https:\\\/\\\/www.barth1873.de\\\/de\\\/#organization\"},\"potentialAction\":[{\"@type\":\"SearchAction\",\"target\":{\"@type\":\"EntryPoint\",\"urlTemplate\":\"https:\\\/\\\/www.barth1873.de\\\/de\\\/?s={search_term_string}\"},\"query-input\":{\"@type\":\"PropertyValueSpecification\",\"valueRequired\":true,\"valueName\":\"search_term_string\"}}],\"inLanguage\":\"de\"},{\"@type\":\"Organization\",\"@id\":\"https:\\\/\\\/www.barth1873.de\\\/de\\\/#organization\",\"name\":\"Barth & Co\",\"url\":\"https:\\\/\\\/www.barth1873.de\\\/de\\\/\",\"logo\":{\"@type\":\"ImageObject\",\"inLanguage\":\"de\",\"@id\":\"https:\\\/\\\/www.barth1873.de\\\/de\\\/#\\\/schema\\\/logo\\\/image\\\/\",\"url\":\"https:\\\/\\\/www.barth1873.de\\\/wp-content\\\/uploads\\\/2020\\\/04\\\/logo_barth210.png\",\"contentUrl\":\"https:\\\/\\\/www.barth1873.de\\\/wp-content\\\/uploads\\\/2020\\\/04\\\/logo_barth210.png\",\"width\":210,\"height\":53,\"caption\":\"Barth & Co\"},\"image\":{\"@id\":\"https:\\\/\\\/www.barth1873.de\\\/de\\\/#\\\/schema\\\/logo\\\/image\\\/\"}}]}<\/script>\n<!-- \/ Yoast SEO plugin. -->","yoast_head_json":{"title":"Barth Akademie - Barth &amp; Co","robots":{"index":"index","follow":"follow","max-snippet":"max-snippet:-1","max-image-preview":"max-image-preview:large","max-video-preview":"max-video-preview:-1"},"canonical":"https:\/\/www.barth1873.de\/de\/karriere\/barth-akademie.html","og_locale":"de_DE","og_type":"article","og_title":"Barth Akademie - Barth &amp; Co","og_description":"Heute schon an Morgen denken. Bei der Barth &amp; Co. Akademie hast du die M\u00f6glichkeit deine Zukunft so zu gestalten, wie sie dir am besten gef\u00e4llt. Du bist dir noch nicht sicher welchen Weg du gehen m\u00f6chtest? Dann nutze vorab die Chance und starte bei uns mit einem Praktikum. So kannst du einmal in alle [&hellip;]","og_url":"https:\/\/www.barth1873.de\/de\/karriere\/barth-akademie.html","og_site_name":"Barth &amp; Co","article_modified_time":"2023-07-13T07:34:40+00:00","og_image":[{"url":"https:\/\/www.barth1873.de\/wp-content\/uploads\/2023\/07\/BAR_Akademie-Logo_RGB-TYPO-fett.jpg","type":"","width":"","height":""}],"twitter_card":"summary_large_image","twitter_misc":{"Gesch\u00e4tzte Lesezeit":"1\u00a0Minute"},"schema":{"@context":"https:\/\/schema.org","@graph":[{"@type":"WebPage","@id":"https:\/\/www.barth1873.de\/de\/karriere\/barth-akademie.html","url":"https:\/\/www.barth1873.de\/de\/karriere\/barth-akademie.html","name":"Barth Akademie - Barth &amp; Co","isPartOf":{"@id":"https:\/\/www.barth1873.de\/de\/#website"},"primaryImageOfPage":{"@id":"https:\/\/www.barth1873.de\/de\/karriere\/barth-akademie.html#primaryimage"},"image":{"@id":"https:\/\/www.barth1873.de\/de\/karriere\/barth-akademie.html#primaryimage"},"thumbnailUrl":"https:\/\/www.barth1873.de\/wp-content\/uploads\/2023\/07\/BAR_Akademie-Logo_RGB-TYPO-fett.jpg","datePublished":"2023-06-21T17:12:37+00:00","dateModified":"2023-07-13T07:34:40+00:00","breadcrumb":{"@id":"https:\/\/www.barth1873.de\/de\/karriere\/barth-akademie.html#breadcrumb"},"inLanguage":"de","potentialAction":[{"@type":"ReadAction","target":["https:\/\/www.barth1873.de\/de\/karriere\/barth-akademie.html"]}]},{"@type":"ImageObject","inLanguage":"de","@id":"https:\/\/www.barth1873.de\/de\/karriere\/barth-akademie.html#primaryimage","url":"https:\/\/www.barth1873.de\/wp-content\/uploads\/2023\/07\/BAR_Akademie-Logo_RGB-TYPO-fett.jpg","contentUrl":"https:\/\/www.barth1873.de\/wp-content\/uploads\/2023\/07\/BAR_Akademie-Logo_RGB-TYPO-fett.jpg"},{"@type":"BreadcrumbList","@id":"https:\/\/www.barth1873.de\/de\/karriere\/barth-akademie.html#breadcrumb","itemListElement":[{"@type":"ListItem","position":1,"name":"Startseite","item":"https:\/\/www.barth1873.de\/de"},{"@type":"ListItem","position":2,"name":"Karriere","item":"https:\/\/www.barth1873.de\/de\/karriere.html"},{"@type":"ListItem","position":3,"name":"Barth Akademie"}]},{"@type":"WebSite","@id":"https:\/\/www.barth1873.de\/de\/#website","url":"https:\/\/www.barth1873.de\/de\/","name":"Barth &amp; Co","description":"Holz-und Parketthandel","publisher":{"@id":"https:\/\/www.barth1873.de\/de\/#organization"},"potentialAction":[{"@type":"SearchAction","target":{"@type":"EntryPoint","urlTemplate":"https:\/\/www.barth1873.de\/de\/?s={search_term_string}"},"query-input":{"@type":"PropertyValueSpecification","valueRequired":true,"valueName":"search_term_string"}}],"inLanguage":"de"},{"@type":"Organization","@id":"https:\/\/www.barth1873.de\/de\/#organization","name":"Barth & Co","url":"https:\/\/www.barth1873.de\/de\/","logo":{"@type":"ImageObject","inLanguage":"de","@id":"https:\/\/www.barth1873.de\/de\/#\/schema\/logo\/image\/","url":"https:\/\/www.barth1873.de\/wp-content\/uploads\/2020\/04\/logo_barth210.png","contentUrl":"https:\/\/www.barth1873.de\/wp-content\/uploads\/2020\/04\/logo_barth210.png","width":210,"height":53,"caption":"Barth & Co"},"image":{"@id":"https:\/\/www.barth1873.de\/de\/#\/schema\/logo\/image\/"}}]}},"_links":{"self":[{"href":"https:\/\/www.barth1873.de\/de\/wp-json\/wp\/v2\/pages\/7018","targetHints":{"allow":["GET"]}}],"collection":[{"href":"https:\/\/www.barth1873.de\/de\/wp-json\/wp\/v2\/pages"}],"about":[{"href":"https:\/\/www.barth1873.de\/de\/wp-json\/wp\/v2\/types\/page"}],"author":[{"embeddable":true,"href":"https:\/\/www.barth1873.de\/de\/wp-json\/wp\/v2\/users\/4"}],"replies":[{"embeddable":true,"href":"https:\/\/www.barth1873.de\/de\/wp-json\/wp\/v2\/comments?post=7018"}],"version-history":[{"count":3,"href":"https:\/\/www.barth1873.de\/de\/wp-json\/wp\/v2\/pages\/7018\/revisions"}],"predecessor-version":[{"id":7296,"href":"https:\/\/www.barth1873.de\/de\/wp-json\/wp\/v2\/pages\/7018\/revisions\/7296"}],"up":[{"embeddable":true,"href":"https:\/\/www.barth1873.de\/de\/wp-json\/wp\/v2\/pages\/6934"}],"wp:attachment":[{"href":"https:\/\/www.barth1873.de\/de\/wp-json\/wp\/v2\/media?parent=7018"}],"curies":[{"name":"wp","href":"https:\/\/api.w.org\/{rel}","templated":true}]}}