{"id":7000,"date":"2023-06-21T19:05:54","date_gmt":"2023-06-21T17:05:54","guid":{"rendered":"https:\/\/www.barth1873.de\/?page_id=7000"},"modified":"2026-01-28T09:38:36","modified_gmt":"2026-01-28T08:38:36","slug":"stellenangebote","status":"publish","type":"page","link":"https:\/\/www.barth1873.de\/de\/karriere\/stellenangebote.html","title":{"rendered":"Stellenangebote"},"content":{"rendered":"\n<figure class=\"wp-block-image size-large\"><img loading=\"lazy\" decoding=\"async\" width=\"1024\" height=\"341\" src=\"https:\/\/www.barth1873.de\/wp-content\/uploads\/2023\/06\/barth-stellenangebote-image_titel-1024x341.jpg\" alt=\"\" class=\"wp-image-7004\" srcset=\"https:\/\/www.barth1873.de\/wp-content\/uploads\/2023\/06\/barth-stellenangebote-image_titel-1024x341.jpg 1024w, https:\/\/www.barth1873.de\/wp-content\/uploads\/2023\/06\/barth-stellenangebote-image_titel-300x100.jpg 300w, https:\/\/www.barth1873.de\/wp-content\/uploads\/2023\/06\/barth-stellenangebote-image_titel-768x256.jpg 768w, https:\/\/www.barth1873.de\/wp-content\/uploads\/2023\/06\/barth-stellenangebote-image_titel.jpg 1200w\" sizes=\"auto, (max-width: 1024px) 100vw, 1024px\" \/><\/figure>\n\n\n\n<p class=\"has-text-color\" style=\"color:#000000\">Hier finden Sie unsere aktuellen Stellenangebote, die wir im Unternehmen zu vergeben haben. Sollte dieser Bereich leer sein k\u00f6nnen Sie uns gerne eine Initiativ-Bewerbung zukommen lassen und haben somit schon den ersten Schritt in Ihre Zukunft getan. Schicken Sie uns Ihre Unterlagen einfach per Mail an <a href=\"&#109;&#97;&#x69;l&#116;&#x6f;&#x3a;b&#101;&#x77;&#x65;r&#98;&#x75;n&#103;&#x40;&#x62;a&#114;&#x74;&#x68;1&#56;&#x37;3&#46;&#x64;&#x65;\" target=\"_blank\" rel=\"noreferrer noopener nofollow\">&#x62;&#x65;&#119;e&#x72;&#x62;&#117;&#110;g&#x40;&#x62;&#97;&#114;t&#x68;&#x31;&#56;73&#x2e;&#x64;&#101;<\/a> oder direkt \u00fcber unser Bewerberformular.<\/p>\n\n\n\n<div style=\"height:30px\" aria-hidden=\"true\" class=\"wp-block-spacer\"><\/div>\n\n\n\n<h1 class=\"wp-block-heading has-text-color\" style=\"color:#4b2a00\">Aktuelle Stellenangebote <\/h1>\n\n\n\n<h2 class=\"wp-block-heading has-text-color\" style=\"color:#9b9183\">f\u00fcr Berufserfahrene, Professionals und F\u00fchrungskr\u00e4fte<\/h2>\n\n\n\n<div style=\"height:30px\" aria-hidden=\"true\" class=\"wp-block-spacer\"><\/div>\n\n\n\n<div class=\"wp-block-columns is-layout-flex wp-container-core-columns-is-layout-28f84493 wp-block-columns-is-layout-flex\">\n<div class=\"wp-block-column is-layout-flow wp-block-column-is-layout-flow\">\n\t<div class=\"kachel kachelintern\">\n\t<div class=\"kachel_inner\">\n\t\t<img decoding=\"async\" src=\"https:\/\/www.barth1873.de\/wp-content\/uploads\/2023\/06\/barth-titel-image-stellenangebot-aussenhandelskaufmann_box-1.jpg\" class=\"kachel_img\" alt=\"\">\n\n\t\t<div class=\"kachellinks\"><a href=\"https:\/\/www.barth1873.de\/de\/job-industrie-gross-und-aussenhandelskaufmann-im-innendienst.html\" class=\"make_bold\"><span> Industrie-\/ Gro\u00df- und Au\u00dfenhandelskaufmann\/-Frau Innendienst <\/span>(w\/m\/d) in Vollzeit<\/a><\/div>\t<\/div><\/div>\n\n\t\n\n\n\t<div class=\"kachel kachelintern\">\n\t<div class=\"kachel_inner\">\n\t\t<img decoding=\"async\" src=\"https:\/\/www.barth1873.de\/wp-content\/uploads\/2024\/07\/Adobe-Stock-Bilanzbuchhalter-02-Kachel.jpg\" class=\"kachel_img\" alt=\"\">\n\n\t\t<div class=\"kachellinks\"><a href=\"https:\/\/www.barth1873.de\/de\/zur-weiteren-verstaerkung-unseres-teams-im-innendienst-suchen-wir-zum-naechstmoeglichen-zeitpunkt-fuer-unsere-zentrale-in-korschenbroich-buchhalter-oder-bilanzbuchhalter-w-m-d-in-vollzeit.html\" class=\"make_bold\"><span> Buchhalter (w\/m\/d) in Vollzeit<\/span>(w\/m\/d) in Vollzeit<\/a><\/div>\t<\/div><\/div>\n\n\t<\/div>\n\n\n\n<div class=\"wp-block-column is-layout-flow wp-block-column-is-layout-flow\">\n\t<div class=\"kachel kachelintern\">\n\t<div class=\"kachel_inner\">\n\t\t<img decoding=\"async\" src=\"https:\/\/www.barth1873.de\/wp-content\/uploads\/2023\/06\/Aussendienst-Kachel-325x206px.jpg\" class=\"kachel_img\" alt=\"\">\n\n\t\t<div class=\"kachellinks\"><a href=\"https:\/\/www.barth1873.de\/de\/zur-weiteren-verstaerkung-unseres-teams-im-innendienst-suchen-wir-zum-naechstmoeglichen-zeitpunkt-fuer-unsere-zentrale-in-korschenbroich-key-account-manager-im-aussendienst-w-m-d-in-vollzeit\"target=\"_blank\" class=\"make_bold\"><span> Key Account Manager\/In im Au\u00dfendienst<\/span>(w\/m\/d) in Vollzeit<\/a><\/div>\t<\/div><\/div>\n\n\t<\/div>\n\n\n\n<div class=\"wp-block-column is-layout-flow wp-block-column-is-layout-flow\">\n\t<div class=\"kachel kachelintern\">\n\t<div class=\"kachel_inner\">\n\t\t<img decoding=\"async\" src=\"https:\/\/www.barth1873.de\/wp-content\/uploads\/2024\/06\/Header-EUDR-fuer-Anzeigen.jpg\" class=\"kachel_img\" alt=\"\">\n\n\t\t<div class=\"kachellinks\"><a href=\"https:\/\/www.barth1873.de\/zur-weiteren-verstaerkung-unseres-teams-im-innendienst-suchen-wir-zum-naechstmoeglichen-zeitpunkt-fuer-unsere-zentrale-in-korschenbroich-industrie-gross-und-aussenhandelskaufmann-fuer-die-unterstu\" class=\"make_bold\"><span> Industrie- \/ Gro\u00df- und Au\u00dfenhandelskaufmann f\u00fcr die Unterst\u00fctzung des EUDR Compliance Manager<\/span>(w\/m\/d) in Vollzeit<\/a><\/div>\t<\/div><\/div>\n\n\t<\/div>\n<\/div>\n\n\n\n<div class=\"wp-block-columns is-layout-flex wp-container-core-columns-is-layout-28f84493 wp-block-columns-is-layout-flex\">\n<div class=\"wp-block-column is-layout-flow wp-block-column-is-layout-flow\"><\/div>\n\n\n\n<div class=\"wp-block-column is-layout-flow wp-block-column-is-layout-flow\"><\/div>\n\n\n\n<div class=\"wp-block-column is-layout-flow wp-block-column-is-layout-flow\"><\/div>\n<\/div>\n","protected":false},"excerpt":{"rendered":"<p>Hier finden Sie unsere aktuellen Stellenangebote, die wir im Unternehmen zu vergeben haben. Sollte dieser Bereich leer sein k\u00f6nnen Sie uns gerne eine Initiativ-Bewerbung zukommen lassen und haben somit schon den ersten Schritt in Ihre Zukunft getan. Schicken Sie uns Ihre Unterlagen einfach per Mail an &#98;&#101;&#x77;e&#114;&#x62;&#x75;n&#103;&#x40;&#x62;a&#114;&#x74;&#x68;1&#56;&#x37;&#x33;&#46;&#100;&#x65; oder direkt \u00fcber unser Bewerberformular. Aktuelle Stellenangebote f\u00fcr [&hellip;]<\/p>\n","protected":false},"author":4,"featured_media":0,"parent":6934,"menu_order":10,"comment_status":"closed","ping_status":"closed","template":"2023-dragdrop-template.php","meta":{"footnotes":""},"class_list":["post-7000","page","type-page","status-publish","hentry"],"yoast_head":"<!-- This site is optimized with the Yoast SEO plugin v27.4 - https:\/\/yoast.com\/product\/yoast-seo-wordpress\/ -->\n<title>Stellenangebote - Barth &amp; Co<\/title>\n<meta name=\"robots\" content=\"index, follow, max-snippet:-1, max-image-preview:large, max-video-preview:-1\" \/>\n<link rel=\"canonical\" href=\"https:\/\/www.barth1873.de\/de\/karriere\/stellenangebote.html\" \/>\n<meta property=\"og:locale\" content=\"de_DE\" \/>\n<meta property=\"og:type\" content=\"article\" \/>\n<meta property=\"og:title\" content=\"Stellenangebote - Barth &amp; Co\" \/>\n<meta property=\"og:description\" content=\"Hier finden Sie unsere aktuellen Stellenangebote, die wir im Unternehmen zu vergeben haben. Sollte dieser Bereich leer sein k\u00f6nnen Sie uns gerne eine Initiativ-Bewerbung zukommen lassen und haben somit schon den ersten Schritt in Ihre Zukunft getan. Schicken Sie uns Ihre Unterlagen einfach per Mail an &#x62;e&#x77;&#101;&#x72;&#098;u&#x6e;g&#x40;&#098;&#x61;&#114;t&#x68;&#049;&#x38;&#055;3&#x2e;d&#x65; oder direkt \u00fcber unser Bewerberformular. Aktuelle Stellenangebote f\u00fcr [&hellip;]\" \/>\n<meta property=\"og:url\" content=\"https:\/\/www.barth1873.de\/de\/karriere\/stellenangebote.html\" \/>\n<meta property=\"og:site_name\" content=\"Barth &amp; Co\" \/>\n<meta property=\"article:modified_time\" content=\"2026-01-28T08:38:36+00:00\" \/>\n<meta property=\"og:image\" content=\"https:\/\/www.barth1873.de\/wp-content\/uploads\/2023\/06\/barth-stellenangebote-image_titel.jpg\" \/>\n\t<meta property=\"og:image:width\" content=\"1200\" \/>\n\t<meta property=\"og:image:height\" content=\"400\" \/>\n\t<meta property=\"og:image:type\" content=\"image\/jpeg\" \/>\n<meta name=\"twitter:card\" content=\"summary_large_image\" \/>\n<meta name=\"twitter:label1\" content=\"Gesch\u00e4tzte Lesezeit\" \/>\n\t<meta name=\"twitter:data1\" content=\"1\u00a0Minute\" \/>\n<script type=\"application\/ld+json\" class=\"yoast-schema-graph\">{\"@context\":\"https:\\\/\\\/schema.org\",\"@graph\":[{\"@type\":\"WebPage\",\"@id\":\"https:\\\/\\\/www.barth1873.de\\\/de\\\/karriere\\\/stellenangebote.html\",\"url\":\"https:\\\/\\\/www.barth1873.de\\\/de\\\/karriere\\\/stellenangebote.html\",\"name\":\"Stellenangebote - Barth &amp; Co\",\"isPartOf\":{\"@id\":\"https:\\\/\\\/www.barth1873.de\\\/de\\\/#website\"},\"primaryImageOfPage\":{\"@id\":\"https:\\\/\\\/www.barth1873.de\\\/de\\\/karriere\\\/stellenangebote.html#primaryimage\"},\"image\":{\"@id\":\"https:\\\/\\\/www.barth1873.de\\\/de\\\/karriere\\\/stellenangebote.html#primaryimage\"},\"thumbnailUrl\":\"https:\\\/\\\/www.barth1873.de\\\/wp-content\\\/uploads\\\/2023\\\/06\\\/barth-stellenangebote-image_titel-1024x341.jpg\",\"datePublished\":\"2023-06-21T17:05:54+00:00\",\"dateModified\":\"2026-01-28T08:38:36+00:00\",\"breadcrumb\":{\"@id\":\"https:\\\/\\\/www.barth1873.de\\\/de\\\/karriere\\\/stellenangebote.html#breadcrumb\"},\"inLanguage\":\"de\",\"potentialAction\":[{\"@type\":\"ReadAction\",\"target\":[\"https:\\\/\\\/www.barth1873.de\\\/de\\\/karriere\\\/stellenangebote.html\"]}]},{\"@type\":\"ImageObject\",\"inLanguage\":\"de\",\"@id\":\"https:\\\/\\\/www.barth1873.de\\\/de\\\/karriere\\\/stellenangebote.html#primaryimage\",\"url\":\"https:\\\/\\\/www.barth1873.de\\\/wp-content\\\/uploads\\\/2023\\\/06\\\/barth-stellenangebote-image_titel-1024x341.jpg\",\"contentUrl\":\"https:\\\/\\\/www.barth1873.de\\\/wp-content\\\/uploads\\\/2023\\\/06\\\/barth-stellenangebote-image_titel-1024x341.jpg\"},{\"@type\":\"BreadcrumbList\",\"@id\":\"https:\\\/\\\/www.barth1873.de\\\/de\\\/karriere\\\/stellenangebote.html#breadcrumb\",\"itemListElement\":[{\"@type\":\"ListItem\",\"position\":1,\"name\":\"Startseite\",\"item\":\"https:\\\/\\\/www.barth1873.de\\\/de\"},{\"@type\":\"ListItem\",\"position\":2,\"name\":\"Karriere\",\"item\":\"https:\\\/\\\/www.barth1873.de\\\/de\\\/karriere.html\"},{\"@type\":\"ListItem\",\"position\":3,\"name\":\"Stellenangebote\"}]},{\"@type\":\"WebSite\",\"@id\":\"https:\\\/\\\/www.barth1873.de\\\/de\\\/#website\",\"url\":\"https:\\\/\\\/www.barth1873.de\\\/de\\\/\",\"name\":\"Barth &amp; Co\",\"description\":\"Holz-und Parketthandel\",\"publisher\":{\"@id\":\"https:\\\/\\\/www.barth1873.de\\\/de\\\/#organization\"},\"potentialAction\":[{\"@type\":\"SearchAction\",\"target\":{\"@type\":\"EntryPoint\",\"urlTemplate\":\"https:\\\/\\\/www.barth1873.de\\\/de\\\/?s={search_term_string}\"},\"query-input\":{\"@type\":\"PropertyValueSpecification\",\"valueRequired\":true,\"valueName\":\"search_term_string\"}}],\"inLanguage\":\"de\"},{\"@type\":\"Organization\",\"@id\":\"https:\\\/\\\/www.barth1873.de\\\/de\\\/#organization\",\"name\":\"Barth & Co\",\"url\":\"https:\\\/\\\/www.barth1873.de\\\/de\\\/\",\"logo\":{\"@type\":\"ImageObject\",\"inLanguage\":\"de\",\"@id\":\"https:\\\/\\\/www.barth1873.de\\\/de\\\/#\\\/schema\\\/logo\\\/image\\\/\",\"url\":\"https:\\\/\\\/www.barth1873.de\\\/wp-content\\\/uploads\\\/2020\\\/04\\\/logo_barth210.png\",\"contentUrl\":\"https:\\\/\\\/www.barth1873.de\\\/wp-content\\\/uploads\\\/2020\\\/04\\\/logo_barth210.png\",\"width\":210,\"height\":53,\"caption\":\"Barth & Co\"},\"image\":{\"@id\":\"https:\\\/\\\/www.barth1873.de\\\/de\\\/#\\\/schema\\\/logo\\\/image\\\/\"}}]}<\/script>\n<!-- \/ Yoast SEO plugin. -->","yoast_head_json":{"title":"Stellenangebote - Barth &amp; Co","robots":{"index":"index","follow":"follow","max-snippet":"max-snippet:-1","max-image-preview":"max-image-preview:large","max-video-preview":"max-video-preview:-1"},"canonical":"https:\/\/www.barth1873.de\/de\/karriere\/stellenangebote.html","og_locale":"de_DE","og_type":"article","og_title":"Stellenangebote - Barth &amp; Co","og_description":"Hier finden Sie unsere aktuellen Stellenangebote, die wir im Unternehmen zu vergeben haben. Sollte dieser Bereich leer sein k\u00f6nnen Sie uns gerne eine Initiativ-Bewerbung zukommen lassen und haben somit schon den ersten Schritt in Ihre Zukunft getan. Schicken Sie uns Ihre Unterlagen einfach per Mail an &#x62;e&#x77;&#101;&#x72;&#98;u&#x6e;g&#x40;&#98;&#x61;&#114;t&#x68;&#49;&#x38;&#55;3&#x2e;d&#x65; oder direkt \u00fcber unser Bewerberformular. Aktuelle Stellenangebote f\u00fcr [&hellip;]","og_url":"https:\/\/www.barth1873.de\/de\/karriere\/stellenangebote.html","og_site_name":"Barth &amp; Co","article_modified_time":"2026-01-28T08:38:36+00:00","og_image":[{"width":1200,"height":400,"url":"https:\/\/www.barth1873.de\/wp-content\/uploads\/2023\/06\/barth-stellenangebote-image_titel.jpg","type":"image\/jpeg"}],"twitter_card":"summary_large_image","twitter_misc":{"Gesch\u00e4tzte Lesezeit":"1\u00a0Minute"},"schema":{"@context":"https:\/\/schema.org","@graph":[{"@type":"WebPage","@id":"https:\/\/www.barth1873.de\/de\/karriere\/stellenangebote.html","url":"https:\/\/www.barth1873.de\/de\/karriere\/stellenangebote.html","name":"Stellenangebote - Barth &amp; Co","isPartOf":{"@id":"https:\/\/www.barth1873.de\/de\/#website"},"primaryImageOfPage":{"@id":"https:\/\/www.barth1873.de\/de\/karriere\/stellenangebote.html#primaryimage"},"image":{"@id":"https:\/\/www.barth1873.de\/de\/karriere\/stellenangebote.html#primaryimage"},"thumbnailUrl":"https:\/\/www.barth1873.de\/wp-content\/uploads\/2023\/06\/barth-stellenangebote-image_titel-1024x341.jpg","datePublished":"2023-06-21T17:05:54+00:00","dateModified":"2026-01-28T08:38:36+00:00","breadcrumb":{"@id":"https:\/\/www.barth1873.de\/de\/karriere\/stellenangebote.html#breadcrumb"},"inLanguage":"de","potentialAction":[{"@type":"ReadAction","target":["https:\/\/www.barth1873.de\/de\/karriere\/stellenangebote.html"]}]},{"@type":"ImageObject","inLanguage":"de","@id":"https:\/\/www.barth1873.de\/de\/karriere\/stellenangebote.html#primaryimage","url":"https:\/\/www.barth1873.de\/wp-content\/uploads\/2023\/06\/barth-stellenangebote-image_titel-1024x341.jpg","contentUrl":"https:\/\/www.barth1873.de\/wp-content\/uploads\/2023\/06\/barth-stellenangebote-image_titel-1024x341.jpg"},{"@type":"BreadcrumbList","@id":"https:\/\/www.barth1873.de\/de\/karriere\/stellenangebote.html#breadcrumb","itemListElement":[{"@type":"ListItem","position":1,"name":"Startseite","item":"https:\/\/www.barth1873.de\/de"},{"@type":"ListItem","position":2,"name":"Karriere","item":"https:\/\/www.barth1873.de\/de\/karriere.html"},{"@type":"ListItem","position":3,"name":"Stellenangebote"}]},{"@type":"WebSite","@id":"https:\/\/www.barth1873.de\/de\/#website","url":"https:\/\/www.barth1873.de\/de\/","name":"Barth &amp; Co","description":"Holz-und Parketthandel","publisher":{"@id":"https:\/\/www.barth1873.de\/de\/#organization"},"potentialAction":[{"@type":"SearchAction","target":{"@type":"EntryPoint","urlTemplate":"https:\/\/www.barth1873.de\/de\/?s={search_term_string}"},"query-input":{"@type":"PropertyValueSpecification","valueRequired":true,"valueName":"search_term_string"}}],"inLanguage":"de"},{"@type":"Organization","@id":"https:\/\/www.barth1873.de\/de\/#organization","name":"Barth & Co","url":"https:\/\/www.barth1873.de\/de\/","logo":{"@type":"ImageObject","inLanguage":"de","@id":"https:\/\/www.barth1873.de\/de\/#\/schema\/logo\/image\/","url":"https:\/\/www.barth1873.de\/wp-content\/uploads\/2020\/04\/logo_barth210.png","contentUrl":"https:\/\/www.barth1873.de\/wp-content\/uploads\/2020\/04\/logo_barth210.png","width":210,"height":53,"caption":"Barth & Co"},"image":{"@id":"https:\/\/www.barth1873.de\/de\/#\/schema\/logo\/image\/"}}]}},"_links":{"self":[{"href":"https:\/\/www.barth1873.de\/de\/wp-json\/wp\/v2\/pages\/7000","targetHints":{"allow":["GET"]}}],"collection":[{"href":"https:\/\/www.barth1873.de\/de\/wp-json\/wp\/v2\/pages"}],"about":[{"href":"https:\/\/www.barth1873.de\/de\/wp-json\/wp\/v2\/types\/page"}],"author":[{"embeddable":true,"href":"https:\/\/www.barth1873.de\/de\/wp-json\/wp\/v2\/users\/4"}],"replies":[{"embeddable":true,"href":"https:\/\/www.barth1873.de\/de\/wp-json\/wp\/v2\/comments?post=7000"}],"version-history":[{"count":3,"href":"https:\/\/www.barth1873.de\/de\/wp-json\/wp\/v2\/pages\/7000\/revisions"}],"predecessor-version":[{"id":21632,"href":"https:\/\/www.barth1873.de\/de\/wp-json\/wp\/v2\/pages\/7000\/revisions\/21632"}],"up":[{"embeddable":true,"href":"https:\/\/www.barth1873.de\/de\/wp-json\/wp\/v2\/pages\/6934"}],"wp:attachment":[{"href":"https:\/\/www.barth1873.de\/de\/wp-json\/wp\/v2\/media?parent=7000"}],"curies":[{"name":"wp","href":"https:\/\/api.w.org\/{rel}","templated":true}]}}