{"id":6945,"date":"2023-06-21T19:00:56","date_gmt":"2023-06-21T17:00:56","guid":{"rendered":"https:\/\/www.barth1873.de\/?page_id=6945"},"modified":"2024-07-29T12:31:28","modified_gmt":"2024-07-29T10:31:28","slug":"job-industrie-gross-und-aussenhandelskaufmann-im-innendienst","status":"publish","type":"page","link":"https:\/\/www.barth1873.de\/de\/job-industrie-gross-und-aussenhandelskaufmann-im-innendienst.html","title":{"rendered":"Zur weiteren Verst\u00e4rkung unseres Teams im Innendienst suchen wir zum n\u00e4chstm\u00f6glichen Zeitpunkt f\u00fcr unsere Zentrale in Korschenbroich: Industrie-\/ Gro\u00df- und Au\u00dfenhandelskaufmann im Innendienst als Sachbearbeiter (w\/m\/d) in Vollzeit"},"content":{"rendered":"\n<figure class=\"wp-block-image size-large\"><img loading=\"lazy\" decoding=\"async\" width=\"1024\" height=\"341\" src=\"https:\/\/www.barth1873.de\/wp-content\/uploads\/2023\/06\/barth-titel-image-stellenangebot-aussenhandelskaufmann-1024x341.jpg\" alt=\"\" class=\"wp-image-6964\" srcset=\"https:\/\/www.barth1873.de\/wp-content\/uploads\/2023\/06\/barth-titel-image-stellenangebot-aussenhandelskaufmann-1024x341.jpg 1024w, https:\/\/www.barth1873.de\/wp-content\/uploads\/2023\/06\/barth-titel-image-stellenangebot-aussenhandelskaufmann-300x100.jpg 300w, https:\/\/www.barth1873.de\/wp-content\/uploads\/2023\/06\/barth-titel-image-stellenangebot-aussenhandelskaufmann-768x256.jpg 768w, https:\/\/www.barth1873.de\/wp-content\/uploads\/2023\/06\/barth-titel-image-stellenangebot-aussenhandelskaufmann.jpg 1200w\" sizes=\"auto, (max-width: 1024px) 100vw, 1024px\" \/><\/figure>\n\n\n\n<p class=\"has-text-color\" style=\"color:#000000\">Zur weiteren Verst\u00e4rkung unseres Teams im Innendienst suchen wir zum n\u00e4chstm\u00f6glichen Zeitpunkt f\u00fcr unsere Zentrale in Korschenbroich: <\/p>\n\n\n\n<h1 class=\"wp-block-heading\" style=\"padding-top:var(--wp--preset--spacing--40);padding-bottom:var(--wp--preset--spacing--40)\">Industrie-\/ Gro\u00df- und Au\u00dfenhandelskaufmann\/Frau<br>im Innendienst als Sachbearbeiter<sub> (w\/m\/d) in Vollzeit<\/sub><\/h1>\n\n\n\n<div class=\"wp-block-group has-text-color has-background\" style=\"color:#000000;background-color:#f1ede7;padding-top:var(--wp--preset--spacing--40);padding-right:var(--wp--preset--spacing--40);padding-bottom:var(--wp--preset--spacing--20);padding-left:var(--wp--preset--spacing--40)\"><div class=\"wp-block-group__inner-container is-layout-constrained wp-container-core-group-is-layout-11db30c6 wp-block-group-is-layout-constrained\">\n<div class=\"wp-block-columns is-layout-flex wp-container-core-columns-is-layout-28f84493 wp-block-columns-is-layout-flex\">\n<div class=\"wp-block-column is-layout-flow wp-block-column-is-layout-flow\">\n<h2 class=\"wp-block-heading\">Deine Hauptaufgaben<\/h2>\n\n\n\n<ul class=\"wp-block-list\">\n<li>\u00dcberregionale Unterst\u00fctzung der Key Account Manager bei der Umsetzung der Vertriebsstrategie<\/li>\n\n\n\n<li>Selbstst\u00e4ndige Auftragsbearbeitung und Erstellung von Angeboten in Abstimmung mit dem Key Account Management und dem Einkauf<\/li>\n\n\n\n<li>Selbstst\u00e4ndige Bearbeitung und Beantwortung spezifischer Kundenanfragen per Mail und Telefon<\/li>\n\n\n\n<li>Termin\u00fcberwachung sowie Koordination im Rahmen der Auftragsabwicklung<\/li>\n\n\n\n<li>Administrative Aufgaben aus den Bereichen Einkauf und Logistik<\/li>\n<\/ul>\n<\/div>\n\n\n\n<div class=\"wp-block-column is-layout-flow wp-block-column-is-layout-flow\">\n<h2 class=\"wp-block-heading\">Was Du mitbringen solltest<\/h2>\n\n\n\n<ul class=\"wp-block-list\">\n<li>Eine erfolgreiche abgeschlossene kaufm\u00e4nnische Ausbildung und \/oder Du verf\u00fcgst \u00fcber eine mehrj\u00e4hrige<br>Berufserfahrung im Vertriebsinnendienst<\/li>\n\n\n\n<li>Zuverl\u00e4ssigkeit und eine motivierte und eigenverantwortliche Arbeitssorgfalt<\/li>\n\n\n\n<li>Kommunikationsst\u00e4rke und ein vertriebsorientierter Teamplayer<\/li>\n\n\n\n<li>Spa\u00df an telefonischen Beratungs- und Verkaufsgespr\u00e4chen<\/li>\n\n\n\n<li>Einsatzfreude und Verantwortungsbewusstsein<\/li>\n\n\n\n<li>Sicherer Umgang mit MS-Office sowie Vorkenntnisse bei Dynamics 365 Business Central w\u00fcnschenswert<\/li>\n\n\n\n<li>Gute Englischkenntnisse in Wort und Schrift<\/li>\n\n\n\n<li>Gute Franz\u00f6sisch Kenntnisse von Vorteil<\/li>\n<\/ul>\n<\/div>\n<\/div>\n<\/div><\/div>\n\n\n\n<div style=\"height:30px\" aria-hidden=\"true\" class=\"wp-block-spacer\"><\/div>\n\n\n\n<div class=\"wp-block-group has-text-color has-background\" style=\"color:#ffffff;background-color:#4b2a00;padding-top:var(--wp--preset--spacing--40);padding-right:var(--wp--preset--spacing--40);padding-bottom:var(--wp--preset--spacing--20);padding-left:var(--wp--preset--spacing--40)\"><div class=\"wp-block-group__inner-container is-layout-constrained wp-container-core-group-is-layout-11db30c6 wp-block-group-is-layout-constrained\">\n<h2 class=\"wp-block-heading\">Auf das kannst Du Dich freuen<\/h2>\n\n\n\n<div class=\"wp-block-columns is-layout-flex wp-container-core-columns-is-layout-28f84493 wp-block-columns-is-layout-flex\">\n<div class=\"wp-block-column is-layout-flow wp-block-column-is-layout-flow\">\n<ul class=\"wp-block-list\">\n<li>Flache Hierarchien \u2013 Opendoor-Mentalit\u00e4t<\/li>\n\n\n\n<li>Abwechslungsreiche Arbeit<\/li>\n\n\n\n<li>Entwicklungsm\u00f6glichkeiten \u2013 Au\u00dfendienst, Key Account, F\u00fchrung, alles ist m\u00f6glich!<\/li>\n\n\n\n<li>4,5 Tage Arbeiten und 2,5 Tage Wochenende<\/li>\n\n\n\n<li>Homeoffice nach Absprache m\u00f6glich<\/li>\n\n\n\n<li>Famili\u00e4re Arbeitsatmosph\u00e4re sowie qualifizierte und ausf\u00fchrliche Einarbeitung<\/li>\n<\/ul>\n<\/div>\n\n\n\n<div class=\"wp-block-column is-layout-flow wp-block-column-is-layout-flow\">\n<ul class=\"wp-block-list\">\n<li>Einen unbefristeten Arbeitsplatz, bei dem Langeweile ausgeschlossen ist<\/li>\n\n\n\n<li>Wir geben Dir die Freiheit, eigene Entscheidungen zu treffen und Verantwortung zu \u00fcbernehmen<\/li>\n\n\n\n<li>J\u00e4hrliche Weihnachts- und Urlaubsgeldzahlungen<\/li>\n\n\n\n<li>Casual-Dresscode im Innendienst<\/li>\n\n\n\n<li>Team-Veranstaltungen und j\u00e4hrliche Weihnachtsfeier<\/li>\n<\/ul>\n<\/div>\n<\/div>\n<\/div><\/div>\n\n\n\n<div style=\"height:30px\" aria-hidden=\"true\" class=\"wp-block-spacer\"><\/div>\n\n\n\n<div class=\"wp-block-group has-text-color has-background\" style=\"color:#ffffff;background-color:#9b9183;padding-top:var(--wp--preset--spacing--40);padding-right:var(--wp--preset--spacing--40);padding-bottom:var(--wp--preset--spacing--40);padding-left:var(--wp--preset--spacing--40)\"><div class=\"wp-block-group__inner-container is-layout-constrained wp-container-core-group-is-layout-a666d811 wp-block-group-is-layout-constrained\">\n<h2 class=\"wp-block-heading has-text-color\" style=\"color:#ffffff\"><strong>Zur vollst\u00e4ndigen Stellenbeschreibung:<\/strong><\/h2>\n\n\n<p class=\"pdf\"><a href=\"https:\/\/www.barth1873.de\/wp-content\/uploads\/2024\/07\/2024_barth_stellenangebot_Innendienst-Sachbearbeiter.pdf\">Industrie-\/ Gro\u00df- und Au\u00dfenhandelskaufmann\/Frau im Innendienst als Sachbearbeiter (w\/m\/d) in Vollzeit<\/a><\/p><\/div><\/div>\n\n\n\n<div style=\"height:30px\" aria-hidden=\"true\" class=\"wp-block-spacer\"><\/div>\n\n\n\n<div class=\"wp-block-columns is-layout-flex wp-container-core-columns-is-layout-28f84493 wp-block-columns-is-layout-flex\">\n<div class=\"wp-block-column is-layout-flow wp-block-column-is-layout-flow\">\n<h2 class=\"wp-block-heading\"><strong>Jetzt bewerben:<\/strong><\/h2>\n\n\n\n<div class=\"wp-block-group has-text-color\" style=\"color:#000000\"><div class=\"wp-block-group__inner-container is-layout-constrained wp-block-group-is-layout-constrained\">\n<div class=\"wp-block-contact-form-7-contact-form-selector\">\n<div class=\"wpcf7 no-js\" id=\"wpcf7-f6916-o1\" lang=\"de-DE\" dir=\"ltr\" data-wpcf7-id=\"6916\">\n<div class=\"screen-reader-response\"><p role=\"status\" aria-live=\"polite\" aria-atomic=\"true\"><\/p> <ul><\/ul><\/div>\n<form action=\"\/de\/wp-json\/wp\/v2\/pages\/6945#wpcf7-f6916-o1\" method=\"post\" class=\"wpcf7-form init\" aria-label=\"Kontaktformular\" enctype=\"multipart\/form-data\" novalidate=\"novalidate\" data-status=\"init\">\n<fieldset class=\"hidden-fields-container\"><input type=\"hidden\" name=\"_wpcf7\" value=\"6916\" \/><input type=\"hidden\" name=\"_wpcf7_version\" value=\"6.1.5\" \/><input type=\"hidden\" name=\"_wpcf7_locale\" value=\"de_DE\" \/><input type=\"hidden\" name=\"_wpcf7_unit_tag\" value=\"wpcf7-f6916-o1\" \/><input type=\"hidden\" name=\"_wpcf7_container_post\" value=\"0\" \/><input type=\"hidden\" name=\"_wpcf7_posted_data_hash\" value=\"\" \/><input type=\"hidden\" name=\"_wpcf7dtx_version\" value=\"5.0.5\" \/>\n<\/fieldset>\n<p class=\"contactform_p\"><label>Name und Vorname<\/label><br \/>\n<span class=\"wpcf7-form-control-wrap\" data-name=\"your-name\"><input size=\"40\" maxlength=\"400\" class=\"wpcf7-form-control wpcf7-text\" aria-invalid=\"false\" value=\"\" type=\"text\" name=\"your-name\" \/><\/span>\n<\/p>\n<p class=\"contactform_p\"><label>E-Mail *<\/label><br \/>\n<span class=\"wpcf7-form-control-wrap\" data-name=\"your-email\"><input size=\"40\" maxlength=\"400\" class=\"wpcf7-form-control wpcf7-email wpcf7-validates-as-required wpcf7-text wpcf7-validates-as-email\" aria-required=\"true\" aria-invalid=\"false\" value=\"\" type=\"email\" name=\"your-email\" \/><\/span>\n<\/p>\n<p class=\"contactform_p\"><label> Telefon<\/label><br \/>\n<span class=\"wpcf7-form-control-wrap\" data-name=\"telefon\"><input size=\"40\" maxlength=\"400\" class=\"wpcf7-form-control wpcf7-text\" aria-invalid=\"false\" value=\"\" type=\"text\" name=\"telefon\" \/><\/span>\n<\/p>\n<p><label>Anmerkungen:<\/label><br \/>\n<span class=\"wpcf7-form-control-wrap\" data-name=\"your-message\"><textarea cols=\"40\" rows=\"10\" maxlength=\"2000\" class=\"wpcf7-form-control wpcf7-textarea\" aria-invalid=\"false\" name=\"your-message\"><\/textarea><\/span>\n<\/p>\n<p><span class=\"wpcf7-form-control-wrap inputname\" data-name=\"inputname\"><input type=\"text\" name=\"inputname\" class=\"wpcf7-form-control wpcf7-text wpcf7dtx wpcf7dtx-text\" aria-invalid=\"false\" value=\"Zur weiteren Verst\u00e4rkung unseres Teams im Innendienst suchen wir zum n\u00e4chstm\u00f6glichen Zeitpunkt f\u00fcr unsere Zentrale in Korschenbroich: Industrie-\/ Gro\u00df- und Au\u00dfenhandelskaufmann im Innendienst als Sachbearbeiter (w\/m\/d) in Vollzeit\"><\/span>\n<\/p>\n<p class=\"contactform_p\"><label><br \/>\nBewerbungsdaten:<\/label><br \/>\n<span class=\"wpcf7-form-control-wrap\" data-name=\"Bewerbung\"><input size=\"40\" class=\"wpcf7-form-control wpcf7-file\" accept=\"image\/*,.txt,application\/pdf\" aria-invalid=\"false\" type=\"file\" name=\"Bewerbung\" \/><\/span>\n<\/p>\n<p class=\"contactform_p text-left\"><br \/>\n<span class=\"wpcf7-form-control-wrap\" data-name=\"checkbox-datenschutz\"><span class=\"wpcf7-form-control wpcf7-checkbox wpcf7-validates-as-required\"><span class=\"wpcf7-list-item first last\"><label><input type=\"checkbox\" name=\"checkbox-datenschutz[]\" value=\"Ja, ich habe die Datenschutzerkl\u00e4rung gelesen und akzeptiert und erteile hiermit die Erlaubnis meine Kontaktdaten f\u00fcr die Weiterverarbeitung meiner Anfrage zu speichern und zu verwenden*\" \/><span class=\"wpcf7-list-item-label\">Ja, ich habe die Datenschutzerkl\u00e4rung gelesen und akzeptiert und erteile hiermit die Erlaubnis meine Kontaktdaten f\u00fcr die Weiterverarbeitung meiner Anfrage zu speichern und zu verwenden*<\/span><\/label><\/span><\/span><\/span><br \/>\n<a href=\"https:\/\/www.barth1873.de\/de\/datenschutz.html\" target=\"_blank\" titel=\"Zur Datenschutzerkl\u00e4rung\">Zur Datenschutzerkl\u00e4rung<\/a>\n<\/p>\n<p><input class=\"wpcf7-form-control wpcf7-submit has-spinner\" type=\"submit\" value=\"Abschicken\" \/>\n<\/p>\n<p><small>*Pflichtfeld<\/small>\n<\/p><div class=\"wpcf7-response-output\" aria-hidden=\"true\"><\/div>\n<\/form>\n<\/div>\n<\/div>\n<\/div><\/div>\n<\/div>\n\n\n\n<div class=\"wp-block-column is-layout-flow wp-block-column-is-layout-flow\"><\/div>\n<\/div>\n","protected":false},"excerpt":{"rendered":"<p>Zur weiteren Verst\u00e4rkung unseres Teams im Innendienst suchen wir zum n\u00e4chstm\u00f6glichen Zeitpunkt f\u00fcr unsere Zentrale in Korschenbroich: Industrie-\/ Gro\u00df- und Au\u00dfenhandelskaufmann\/Frauim Innendienst als Sachbearbeiter (w\/m\/d) in Vollzeit Deine Hauptaufgaben Was Du mitbringen solltest Auf das kannst Du Dich freuen Zur vollst\u00e4ndigen Stellenbeschreibung: Jetzt bewerben:<\/p>\n","protected":false},"author":4,"featured_media":0,"parent":0,"menu_order":0,"comment_status":"closed","ping_status":"closed","template":"2023-dragdrop-template.php","meta":{"footnotes":""},"class_list":["post-6945","page","type-page","status-publish","hentry"],"yoast_head":"<!-- This site is optimized with the Yoast SEO plugin v27.4 - https:\/\/yoast.com\/product\/yoast-seo-wordpress\/ -->\n<title>Zur weiteren Verst\u00e4rkung unseres Teams im Innendienst suchen wir zum n\u00e4chstm\u00f6glichen Zeitpunkt f\u00fcr unsere Zentrale in Korschenbroich: Industrie-\/ Gro\u00df- und Au\u00dfenhandelskaufmann im Innendienst als Sachbearbeiter (w\/m\/d) in Vollzeit - Barth &amp; Co<\/title>\n<meta name=\"robots\" content=\"index, follow, max-snippet:-1, max-image-preview:large, max-video-preview:-1\" \/>\n<link rel=\"canonical\" href=\"https:\/\/www.barth1873.de\/de\/job-industrie-gross-und-aussenhandelskaufmann-im-innendienst.html\" \/>\n<meta property=\"og:locale\" content=\"de_DE\" \/>\n<meta property=\"og:type\" content=\"article\" \/>\n<meta property=\"og:title\" content=\"Zur weiteren Verst\u00e4rkung unseres Teams im Innendienst suchen wir zum n\u00e4chstm\u00f6glichen Zeitpunkt f\u00fcr unsere Zentrale in Korschenbroich: Industrie-\/ Gro\u00df- und Au\u00dfenhandelskaufmann im Innendienst als Sachbearbeiter (w\/m\/d) in Vollzeit - Barth &amp; Co\" \/>\n<meta property=\"og:description\" content=\"Zur weiteren Verst\u00e4rkung unseres Teams im Innendienst suchen wir zum n\u00e4chstm\u00f6glichen Zeitpunkt f\u00fcr unsere Zentrale in Korschenbroich: Industrie-\/ Gro\u00df- und Au\u00dfenhandelskaufmann\/Frauim Innendienst als Sachbearbeiter (w\/m\/d) in Vollzeit Deine Hauptaufgaben Was Du mitbringen solltest Auf das kannst Du Dich freuen Zur vollst\u00e4ndigen Stellenbeschreibung: Jetzt bewerben:\" \/>\n<meta property=\"og:url\" content=\"https:\/\/www.barth1873.de\/de\/job-industrie-gross-und-aussenhandelskaufmann-im-innendienst.html\" \/>\n<meta property=\"og:site_name\" content=\"Barth &amp; Co\" \/>\n<meta property=\"article:modified_time\" content=\"2024-07-29T10:31:28+00:00\" \/>\n<meta property=\"og:image\" content=\"https:\/\/www.barth1873.de\/wp-content\/uploads\/2023\/06\/barth-titel-image-stellenangebot-aussenhandelskaufmann-1024x341.jpg\" \/>\n<meta name=\"twitter:card\" content=\"summary_large_image\" \/>\n<meta name=\"twitter:label1\" content=\"Gesch\u00e4tzte Lesezeit\" \/>\n\t<meta name=\"twitter:data1\" content=\"2\u00a0Minuten\" \/>\n<script type=\"application\/ld+json\" class=\"yoast-schema-graph\">{\"@context\":\"https:\\\/\\\/schema.org\",\"@graph\":[{\"@type\":\"WebPage\",\"@id\":\"https:\\\/\\\/www.barth1873.de\\\/de\\\/job-industrie-gross-und-aussenhandelskaufmann-im-innendienst.html\",\"url\":\"https:\\\/\\\/www.barth1873.de\\\/de\\\/job-industrie-gross-und-aussenhandelskaufmann-im-innendienst.html\",\"name\":\"Zur weiteren Verst\u00e4rkung unseres Teams im Innendienst suchen wir zum n\u00e4chstm\u00f6glichen Zeitpunkt f\u00fcr unsere Zentrale in Korschenbroich: Industrie-\\\/ Gro\u00df- und Au\u00dfenhandelskaufmann im Innendienst als Sachbearbeiter (w\\\/m\\\/d) in Vollzeit - Barth &amp; Co\",\"isPartOf\":{\"@id\":\"https:\\\/\\\/www.barth1873.de\\\/de\\\/#website\"},\"primaryImageOfPage\":{\"@id\":\"https:\\\/\\\/www.barth1873.de\\\/de\\\/job-industrie-gross-und-aussenhandelskaufmann-im-innendienst.html#primaryimage\"},\"image\":{\"@id\":\"https:\\\/\\\/www.barth1873.de\\\/de\\\/job-industrie-gross-und-aussenhandelskaufmann-im-innendienst.html#primaryimage\"},\"thumbnailUrl\":\"https:\\\/\\\/www.barth1873.de\\\/wp-content\\\/uploads\\\/2023\\\/06\\\/barth-titel-image-stellenangebot-aussenhandelskaufmann-1024x341.jpg\",\"datePublished\":\"2023-06-21T17:00:56+00:00\",\"dateModified\":\"2024-07-29T10:31:28+00:00\",\"breadcrumb\":{\"@id\":\"https:\\\/\\\/www.barth1873.de\\\/de\\\/job-industrie-gross-und-aussenhandelskaufmann-im-innendienst.html#breadcrumb\"},\"inLanguage\":\"de\",\"potentialAction\":[{\"@type\":\"ReadAction\",\"target\":[\"https:\\\/\\\/www.barth1873.de\\\/de\\\/job-industrie-gross-und-aussenhandelskaufmann-im-innendienst.html\"]}]},{\"@type\":\"ImageObject\",\"inLanguage\":\"de\",\"@id\":\"https:\\\/\\\/www.barth1873.de\\\/de\\\/job-industrie-gross-und-aussenhandelskaufmann-im-innendienst.html#primaryimage\",\"url\":\"https:\\\/\\\/www.barth1873.de\\\/wp-content\\\/uploads\\\/2023\\\/06\\\/barth-titel-image-stellenangebot-aussenhandelskaufmann-1024x341.jpg\",\"contentUrl\":\"https:\\\/\\\/www.barth1873.de\\\/wp-content\\\/uploads\\\/2023\\\/06\\\/barth-titel-image-stellenangebot-aussenhandelskaufmann-1024x341.jpg\"},{\"@type\":\"BreadcrumbList\",\"@id\":\"https:\\\/\\\/www.barth1873.de\\\/de\\\/job-industrie-gross-und-aussenhandelskaufmann-im-innendienst.html#breadcrumb\",\"itemListElement\":[{\"@type\":\"ListItem\",\"position\":1,\"name\":\"Startseite\",\"item\":\"https:\\\/\\\/www.barth1873.de\\\/de\"},{\"@type\":\"ListItem\",\"position\":2,\"name\":\"Zur weiteren Verst\u00e4rkung unseres Teams im Innendienst suchen wir zum n\u00e4chstm\u00f6glichen Zeitpunkt f\u00fcr unsere Zentrale in Korschenbroich: Industrie-\\\/ Gro\u00df- und Au\u00dfenhandelskaufmann im Innendienst als Sachbearbeiter (w\\\/m\\\/d) in Vollzeit\"}]},{\"@type\":\"WebSite\",\"@id\":\"https:\\\/\\\/www.barth1873.de\\\/de\\\/#website\",\"url\":\"https:\\\/\\\/www.barth1873.de\\\/de\\\/\",\"name\":\"Barth &amp; Co\",\"description\":\"Holz-und Parketthandel\",\"publisher\":{\"@id\":\"https:\\\/\\\/www.barth1873.de\\\/de\\\/#organization\"},\"potentialAction\":[{\"@type\":\"SearchAction\",\"target\":{\"@type\":\"EntryPoint\",\"urlTemplate\":\"https:\\\/\\\/www.barth1873.de\\\/de\\\/?s={search_term_string}\"},\"query-input\":{\"@type\":\"PropertyValueSpecification\",\"valueRequired\":true,\"valueName\":\"search_term_string\"}}],\"inLanguage\":\"de\"},{\"@type\":\"Organization\",\"@id\":\"https:\\\/\\\/www.barth1873.de\\\/de\\\/#organization\",\"name\":\"Barth & Co\",\"url\":\"https:\\\/\\\/www.barth1873.de\\\/de\\\/\",\"logo\":{\"@type\":\"ImageObject\",\"inLanguage\":\"de\",\"@id\":\"https:\\\/\\\/www.barth1873.de\\\/de\\\/#\\\/schema\\\/logo\\\/image\\\/\",\"url\":\"https:\\\/\\\/www.barth1873.de\\\/wp-content\\\/uploads\\\/2020\\\/04\\\/logo_barth210.png\",\"contentUrl\":\"https:\\\/\\\/www.barth1873.de\\\/wp-content\\\/uploads\\\/2020\\\/04\\\/logo_barth210.png\",\"width\":210,\"height\":53,\"caption\":\"Barth & Co\"},\"image\":{\"@id\":\"https:\\\/\\\/www.barth1873.de\\\/de\\\/#\\\/schema\\\/logo\\\/image\\\/\"}}]}<\/script>\n<!-- \/ Yoast SEO plugin. -->","yoast_head_json":{"title":"Zur weiteren Verst\u00e4rkung unseres Teams im Innendienst suchen wir zum n\u00e4chstm\u00f6glichen Zeitpunkt f\u00fcr unsere Zentrale in Korschenbroich: Industrie-\/ Gro\u00df- und Au\u00dfenhandelskaufmann im Innendienst als Sachbearbeiter (w\/m\/d) in Vollzeit - Barth &amp; Co","robots":{"index":"index","follow":"follow","max-snippet":"max-snippet:-1","max-image-preview":"max-image-preview:large","max-video-preview":"max-video-preview:-1"},"canonical":"https:\/\/www.barth1873.de\/de\/job-industrie-gross-und-aussenhandelskaufmann-im-innendienst.html","og_locale":"de_DE","og_type":"article","og_title":"Zur weiteren Verst\u00e4rkung unseres Teams im Innendienst suchen wir zum n\u00e4chstm\u00f6glichen Zeitpunkt f\u00fcr unsere Zentrale in Korschenbroich: Industrie-\/ Gro\u00df- und Au\u00dfenhandelskaufmann im Innendienst als Sachbearbeiter (w\/m\/d) in Vollzeit - Barth &amp; Co","og_description":"Zur weiteren Verst\u00e4rkung unseres Teams im Innendienst suchen wir zum n\u00e4chstm\u00f6glichen Zeitpunkt f\u00fcr unsere Zentrale in Korschenbroich: Industrie-\/ Gro\u00df- und Au\u00dfenhandelskaufmann\/Frauim Innendienst als Sachbearbeiter (w\/m\/d) in Vollzeit Deine Hauptaufgaben Was Du mitbringen solltest Auf das kannst Du Dich freuen Zur vollst\u00e4ndigen Stellenbeschreibung: Jetzt bewerben:","og_url":"https:\/\/www.barth1873.de\/de\/job-industrie-gross-und-aussenhandelskaufmann-im-innendienst.html","og_site_name":"Barth &amp; Co","article_modified_time":"2024-07-29T10:31:28+00:00","og_image":[{"url":"https:\/\/www.barth1873.de\/wp-content\/uploads\/2023\/06\/barth-titel-image-stellenangebot-aussenhandelskaufmann-1024x341.jpg","type":"","width":"","height":""}],"twitter_card":"summary_large_image","twitter_misc":{"Gesch\u00e4tzte Lesezeit":"2\u00a0Minuten"},"schema":{"@context":"https:\/\/schema.org","@graph":[{"@type":"WebPage","@id":"https:\/\/www.barth1873.de\/de\/job-industrie-gross-und-aussenhandelskaufmann-im-innendienst.html","url":"https:\/\/www.barth1873.de\/de\/job-industrie-gross-und-aussenhandelskaufmann-im-innendienst.html","name":"Zur weiteren Verst\u00e4rkung unseres Teams im Innendienst suchen wir zum n\u00e4chstm\u00f6glichen Zeitpunkt f\u00fcr unsere Zentrale in Korschenbroich: Industrie-\/ Gro\u00df- und Au\u00dfenhandelskaufmann im Innendienst als Sachbearbeiter (w\/m\/d) in Vollzeit - Barth &amp; Co","isPartOf":{"@id":"https:\/\/www.barth1873.de\/de\/#website"},"primaryImageOfPage":{"@id":"https:\/\/www.barth1873.de\/de\/job-industrie-gross-und-aussenhandelskaufmann-im-innendienst.html#primaryimage"},"image":{"@id":"https:\/\/www.barth1873.de\/de\/job-industrie-gross-und-aussenhandelskaufmann-im-innendienst.html#primaryimage"},"thumbnailUrl":"https:\/\/www.barth1873.de\/wp-content\/uploads\/2023\/06\/barth-titel-image-stellenangebot-aussenhandelskaufmann-1024x341.jpg","datePublished":"2023-06-21T17:00:56+00:00","dateModified":"2024-07-29T10:31:28+00:00","breadcrumb":{"@id":"https:\/\/www.barth1873.de\/de\/job-industrie-gross-und-aussenhandelskaufmann-im-innendienst.html#breadcrumb"},"inLanguage":"de","potentialAction":[{"@type":"ReadAction","target":["https:\/\/www.barth1873.de\/de\/job-industrie-gross-und-aussenhandelskaufmann-im-innendienst.html"]}]},{"@type":"ImageObject","inLanguage":"de","@id":"https:\/\/www.barth1873.de\/de\/job-industrie-gross-und-aussenhandelskaufmann-im-innendienst.html#primaryimage","url":"https:\/\/www.barth1873.de\/wp-content\/uploads\/2023\/06\/barth-titel-image-stellenangebot-aussenhandelskaufmann-1024x341.jpg","contentUrl":"https:\/\/www.barth1873.de\/wp-content\/uploads\/2023\/06\/barth-titel-image-stellenangebot-aussenhandelskaufmann-1024x341.jpg"},{"@type":"BreadcrumbList","@id":"https:\/\/www.barth1873.de\/de\/job-industrie-gross-und-aussenhandelskaufmann-im-innendienst.html#breadcrumb","itemListElement":[{"@type":"ListItem","position":1,"name":"Startseite","item":"https:\/\/www.barth1873.de\/de"},{"@type":"ListItem","position":2,"name":"Zur weiteren Verst\u00e4rkung unseres Teams im Innendienst suchen wir zum n\u00e4chstm\u00f6glichen Zeitpunkt f\u00fcr unsere Zentrale in Korschenbroich: Industrie-\/ Gro\u00df- und Au\u00dfenhandelskaufmann im Innendienst als Sachbearbeiter (w\/m\/d) in Vollzeit"}]},{"@type":"WebSite","@id":"https:\/\/www.barth1873.de\/de\/#website","url":"https:\/\/www.barth1873.de\/de\/","name":"Barth &amp; Co","description":"Holz-und Parketthandel","publisher":{"@id":"https:\/\/www.barth1873.de\/de\/#organization"},"potentialAction":[{"@type":"SearchAction","target":{"@type":"EntryPoint","urlTemplate":"https:\/\/www.barth1873.de\/de\/?s={search_term_string}"},"query-input":{"@type":"PropertyValueSpecification","valueRequired":true,"valueName":"search_term_string"}}],"inLanguage":"de"},{"@type":"Organization","@id":"https:\/\/www.barth1873.de\/de\/#organization","name":"Barth & Co","url":"https:\/\/www.barth1873.de\/de\/","logo":{"@type":"ImageObject","inLanguage":"de","@id":"https:\/\/www.barth1873.de\/de\/#\/schema\/logo\/image\/","url":"https:\/\/www.barth1873.de\/wp-content\/uploads\/2020\/04\/logo_barth210.png","contentUrl":"https:\/\/www.barth1873.de\/wp-content\/uploads\/2020\/04\/logo_barth210.png","width":210,"height":53,"caption":"Barth & Co"},"image":{"@id":"https:\/\/www.barth1873.de\/de\/#\/schema\/logo\/image\/"}}]}},"_links":{"self":[{"href":"https:\/\/www.barth1873.de\/de\/wp-json\/wp\/v2\/pages\/6945","targetHints":{"allow":["GET"]}}],"collection":[{"href":"https:\/\/www.barth1873.de\/de\/wp-json\/wp\/v2\/pages"}],"about":[{"href":"https:\/\/www.barth1873.de\/de\/wp-json\/wp\/v2\/types\/page"}],"author":[{"embeddable":true,"href":"https:\/\/www.barth1873.de\/de\/wp-json\/wp\/v2\/users\/4"}],"replies":[{"embeddable":true,"href":"https:\/\/www.barth1873.de\/de\/wp-json\/wp\/v2\/comments?post=6945"}],"version-history":[{"count":3,"href":"https:\/\/www.barth1873.de\/de\/wp-json\/wp\/v2\/pages\/6945\/revisions"}],"predecessor-version":[{"id":11070,"href":"https:\/\/www.barth1873.de\/de\/wp-json\/wp\/v2\/pages\/6945\/revisions\/11070"}],"wp:attachment":[{"href":"https:\/\/www.barth1873.de\/de\/wp-json\/wp\/v2\/media?parent=6945"}],"curies":[{"name":"wp","href":"https:\/\/api.w.org\/{rel}","templated":true}]}}