{"id":6934,"date":"2023-06-21T19:07:00","date_gmt":"2023-06-21T17:07:00","guid":{"rendered":"https:\/\/www.barth1873.de\/?page_id=6934"},"modified":"2023-09-15T10:09:22","modified_gmt":"2023-09-15T08:09:22","slug":"karriere","status":"publish","type":"page","link":"https:\/\/www.barth1873.de\/de\/karriere.html","title":{"rendered":"Karriere"},"content":{"rendered":"\n<h1 class=\"wp-block-heading has-text-color\" style=\"color:#4b2a00\">KARRIERE BEI BARTH &amp; CO.<\/h1>\n\n\n\n<figure class=\"wp-block-image size-large\"><img loading=\"lazy\" decoding=\"async\" width=\"1024\" height=\"341\" src=\"https:\/\/www.barth1873.de\/wp-content\/uploads\/2023\/06\/barth-titel-image-zentrale-1024x341.jpg\" alt=\"\" class=\"wp-image-6988\" srcset=\"https:\/\/www.barth1873.de\/wp-content\/uploads\/2023\/06\/barth-titel-image-zentrale-1024x341.jpg 1024w, https:\/\/www.barth1873.de\/wp-content\/uploads\/2023\/06\/barth-titel-image-zentrale-300x100.jpg 300w, https:\/\/www.barth1873.de\/wp-content\/uploads\/2023\/06\/barth-titel-image-zentrale-768x256.jpg 768w, https:\/\/www.barth1873.de\/wp-content\/uploads\/2023\/06\/barth-titel-image-zentrale.jpg 1200w\" sizes=\"auto, (max-width: 1024px) 100vw, 1024px\" \/><\/figure>\n\n\n\n<h2 class=\"wp-block-heading has-text-color\" style=\"color:#4b2a00;text-transform:uppercase\"><strong>Zukunft braucht Herkunft<\/strong><\/h2>\n\n\n\n<p class=\"has-text-color\" style=\"color:#000000\">Barth &amp; Co ist ein f\u00fchrender Importeur und Dienstleister f\u00fcr den Handel mit Fu\u00dfbodenprodukten in den Kategorien indoor (Parkett, Vinyl und Wand) sowie Outdoor (Terrassendielen, Z\u00e4unen und Solar) mit internationaler Ausrichtung. Als Familienunternehmen stehen wir mit 65 Mitarbeitern seit nun 150 Jahren f\u00fcr Erfahrung und Kontinuit\u00e4t. <\/p>\n\n\n\n<p class=\"has-text-color\" style=\"color:#000000\">Zu unseren Kunden z\u00e4hlen namenhafte Unternehmen aus dem Holz,- Baustoff- und Bodenbelagsgro\u00dfhandel, die wir mit Qualit\u00e4tsprodukten europaweit bedienen. Unser Rund\u00adum-sorg\u00adlos-Pa\u00adket f\u00fcr Lieferanten und Kunden: Produktentwicklung und Verkaufsunterst\u00fctzung, Qualit\u00e4tskontrolle in \u00dcbersee, Logistik und Termin\u00fcberwachung, Finanzierung und Importabwicklung. Nutze die einmalige Chance und werde ein wichtiger Teil in einem der traditionsreichsten Familienunternehmen der Region. Entweder als Fachkraft oder mit dem Beginn einer Ausbildung.<\/p>\n\n\n\n<div class=\"wp-block-columns is-layout-flex wp-container-core-columns-is-layout-28f84493 wp-block-columns-is-layout-flex\">\n<div class=\"wp-block-column is-layout-flow wp-block-column-is-layout-flow\">\n<div style=\"height:20px\" aria-hidden=\"true\" class=\"wp-block-spacer\"><\/div>\n\n\n\n<h2 class=\"wp-block-heading has-text-color\" style=\"color:#4b2a00;text-transform:uppercase\">BARTH &amp; Co Fachkr\u00e4fte<\/h2>\n\n\n\n<div style=\"height:5px\" aria-hidden=\"true\" class=\"wp-block-spacer\"><\/div>\n\n\n\n<p>F\u00fcr Fachkr\u00e4fte bieten wir spannende Karrierem\u00f6glichkeiten in den Bereichen Vertrieb, Marketing, Buchhaltung, EDV, Technik und allgemeiner Verwaltung an. Bei Barth &amp; Co erhalten Sie die M\u00f6glichkeit an anspruchsvollen Projekten mitzuwirken, innovative L\u00f6sungen zu entwickeln und Ihr Fachwissen st\u00e4ndig zu erweitern. Wir setzen auf ein dynamisches Arbeitsumfeld, das Raum f\u00fcr pers\u00f6nliche Entwicklung und berufliches Wachstum bietet. Als inhabergef\u00fchrtes Unternehmen setzen wir uns f\u00fcr das Wohlergehen des gesamten Personals ein. Jeder Arbeitsplatz bietet Vielfalt und f\u00f6rdert ergebnisorientiertes Arbeiten.<\/p>\n\n\n\n<figure><\/figure>\n<\/div>\n\n\n\n<div class=\"wp-block-column is-layout-flow wp-block-column-is-layout-flow\">\n<div style=\"height:20px\" aria-hidden=\"true\" class=\"wp-block-spacer\"><\/div>\n\n\n\n<h2 class=\"wp-block-heading has-text-color\" style=\"color:#4b2a00;text-transform:uppercase\">BARTH &amp; Co Akademie<\/h2>\n\n\n\n<div style=\"height:5px\" aria-hidden=\"true\" class=\"wp-block-spacer\"><\/div>\n\n\n\n<p>Wir glauben an die Bedeutung einer fundierten Ausbildung und m\u00f6chten jungen Menschen den Einstieg in das Berufsleben erleichtern. Wir bieten eine duale Ausbildung mit Abschlusspr\u00fcfung bei der Industrie- und Handelskammer. In unserer Barth &amp; Co \u2013 Akademie hast Du die M\u00f6glichkeit eine qualifizierte Ausbildung in den Bereichen Vertrieb, Marketing, Buchhaltung, EDV, Technik und allgemeiner Verwaltung zu absolvieren. Wir legen gro\u00dfen Wert auf eine praxisnahe Ausbildung und begleiten Dich auf Deinem Weg zu einem erfolgreichen Start in Deine berufliche Laufbahn.<\/p>\n\n\n\n<figure><\/figure>\n<\/div>\n<\/div>\n\n\n\n<div class=\"wp-block-columns is-layout-flex wp-container-core-columns-is-layout-28f84493 wp-block-columns-is-layout-flex\">\n<div class=\"wp-block-column is-layout-flow wp-block-column-is-layout-flow\">\n\t<div class=\"kachel kachelintern\">\n\t<div class=\"kachel_inner\">\n\t\t<img decoding=\"async\" src=\"https:\/\/www.barth1873.de\/wp-content\/uploads\/2023\/06\/barth-stellenangebote-box-image.jpg\" class=\"kachel_img\" alt=\"\">\n\n\t\t<div class=\"kachellinks\"><a href=\"https:\/\/www.barth1873.de\/de\/karriere\/stellenangebote.html\" class=\"normal\"><span> Aktuelle Stellenangebote<\/span><\/a><\/div>\t<\/div><\/div>\n\n\t<\/div>\n\n\n\n<div class=\"wp-block-column is-layout-flow wp-block-column-is-layout-flow\">\n\t<div class=\"kachel kachelintern\">\n\t<div class=\"kachel_inner\">\n\t\t<img decoding=\"async\" src=\"https:\/\/www.barth1873.de\/wp-content\/uploads\/2023\/06\/barth-akademie-box-image.jpg\" class=\"kachel_img\" alt=\"\">\n\n\t\t<div class=\"kachellinks\"><a href=\"https:\/\/www.barth1873.de\/de\/karriere\/barth-akademie.\" class=\"normal\"><span> BARTH &#038; CO Akademie<\/span><\/a><\/div>\t<\/div><\/div>\n\n\t<\/div>\n<\/div>\n\n\n\n<p class=\"has-text-color\" style=\"color:#020202\">Unser Ziel ist es eine langfristige Zusammenarbeit mit unseren Mitarbeiterinnen und Mitarbeitern aufzubauen. Deshalb bieten wir neben attraktiven Gehaltspaketen und Sozialleistungen auch eine offene Unternehmenskultur an, in der Teamwork, Zusammenarbeit und gegenseitige Unterst\u00fctzung im Vordergrund stehen. Wir m\u00f6chten, dass Sie sich bei Barth &amp; Co wohlf\u00fchlen und Ihre beruflichen Ziele erreichen k\u00f6nnen.<\/p>\n","protected":false},"excerpt":{"rendered":"<p>KARRIERE BEI BARTH &amp; CO. Zukunft braucht Herkunft Barth &amp; Co ist ein f\u00fchrender Importeur und Dienstleister f\u00fcr den Handel mit Fu\u00dfbodenprodukten in den Kategorien indoor (Parkett, Vinyl und Wand) sowie Outdoor (Terrassendielen, Z\u00e4unen und Solar) mit internationaler Ausrichtung. Als Familienunternehmen stehen wir mit 65 Mitarbeitern seit nun 150 Jahren f\u00fcr Erfahrung und Kontinuit\u00e4t. Zu [&hellip;]<\/p>\n","protected":false},"author":4,"featured_media":0,"parent":0,"menu_order":0,"comment_status":"closed","ping_status":"closed","template":"2023-dragdrop-template.php","meta":{"footnotes":""},"class_list":["post-6934","page","type-page","status-publish","hentry"],"yoast_head":"<!-- This site is optimized with the Yoast SEO plugin v27.4 - https:\/\/yoast.com\/product\/yoast-seo-wordpress\/ -->\n<title>Karriere - Barth &amp; Co<\/title>\n<meta name=\"robots\" content=\"index, follow, max-snippet:-1, max-image-preview:large, max-video-preview:-1\" \/>\n<link rel=\"canonical\" href=\"https:\/\/www.barth1873.de\/de\/karriere.html\" \/>\n<meta property=\"og:locale\" content=\"de_DE\" \/>\n<meta property=\"og:type\" content=\"article\" \/>\n<meta property=\"og:title\" content=\"Karriere - Barth &amp; Co\" \/>\n<meta property=\"og:description\" content=\"KARRIERE BEI BARTH &amp; CO. Zukunft braucht Herkunft Barth &amp; Co ist ein f\u00fchrender Importeur und Dienstleister f\u00fcr den Handel mit Fu\u00dfbodenprodukten in den Kategorien indoor (Parkett, Vinyl und Wand) sowie Outdoor (Terrassendielen, Z\u00e4unen und Solar) mit internationaler Ausrichtung. Als Familienunternehmen stehen wir mit 65 Mitarbeitern seit nun 150 Jahren f\u00fcr Erfahrung und Kontinuit\u00e4t. Zu [&hellip;]\" \/>\n<meta property=\"og:url\" content=\"https:\/\/www.barth1873.de\/de\/karriere.html\" \/>\n<meta property=\"og:site_name\" content=\"Barth &amp; Co\" \/>\n<meta property=\"article:modified_time\" content=\"2023-09-15T08:09:22+00:00\" \/>\n<meta property=\"og:image\" content=\"https:\/\/www.barth1873.de\/wp-content\/uploads\/2023\/06\/barth-titel-image-zentrale-1024x341.jpg\" \/>\n<meta name=\"twitter:card\" content=\"summary_large_image\" \/>\n<meta name=\"twitter:label1\" content=\"Gesch\u00e4tzte Lesezeit\" \/>\n\t<meta name=\"twitter:data1\" content=\"2\u00a0Minuten\" \/>\n<script type=\"application\/ld+json\" class=\"yoast-schema-graph\">{\"@context\":\"https:\\\/\\\/schema.org\",\"@graph\":[{\"@type\":\"WebPage\",\"@id\":\"https:\\\/\\\/www.barth1873.de\\\/de\\\/karriere.html\",\"url\":\"https:\\\/\\\/www.barth1873.de\\\/de\\\/karriere.html\",\"name\":\"Karriere - Barth &amp; Co\",\"isPartOf\":{\"@id\":\"https:\\\/\\\/www.barth1873.de\\\/de\\\/#website\"},\"primaryImageOfPage\":{\"@id\":\"https:\\\/\\\/www.barth1873.de\\\/de\\\/karriere.html#primaryimage\"},\"image\":{\"@id\":\"https:\\\/\\\/www.barth1873.de\\\/de\\\/karriere.html#primaryimage\"},\"thumbnailUrl\":\"https:\\\/\\\/www.barth1873.de\\\/wp-content\\\/uploads\\\/2023\\\/06\\\/barth-titel-image-zentrale-1024x341.jpg\",\"datePublished\":\"2023-06-21T17:07:00+00:00\",\"dateModified\":\"2023-09-15T08:09:22+00:00\",\"breadcrumb\":{\"@id\":\"https:\\\/\\\/www.barth1873.de\\\/de\\\/karriere.html#breadcrumb\"},\"inLanguage\":\"de\",\"potentialAction\":[{\"@type\":\"ReadAction\",\"target\":[\"https:\\\/\\\/www.barth1873.de\\\/de\\\/karriere.html\"]}]},{\"@type\":\"ImageObject\",\"inLanguage\":\"de\",\"@id\":\"https:\\\/\\\/www.barth1873.de\\\/de\\\/karriere.html#primaryimage\",\"url\":\"https:\\\/\\\/www.barth1873.de\\\/wp-content\\\/uploads\\\/2023\\\/06\\\/barth-titel-image-zentrale-1024x341.jpg\",\"contentUrl\":\"https:\\\/\\\/www.barth1873.de\\\/wp-content\\\/uploads\\\/2023\\\/06\\\/barth-titel-image-zentrale-1024x341.jpg\"},{\"@type\":\"BreadcrumbList\",\"@id\":\"https:\\\/\\\/www.barth1873.de\\\/de\\\/karriere.html#breadcrumb\",\"itemListElement\":[{\"@type\":\"ListItem\",\"position\":1,\"name\":\"Startseite\",\"item\":\"https:\\\/\\\/www.barth1873.de\\\/de\"},{\"@type\":\"ListItem\",\"position\":2,\"name\":\"Karriere\"}]},{\"@type\":\"WebSite\",\"@id\":\"https:\\\/\\\/www.barth1873.de\\\/de\\\/#website\",\"url\":\"https:\\\/\\\/www.barth1873.de\\\/de\\\/\",\"name\":\"Barth &amp; Co\",\"description\":\"Holz-und Parketthandel\",\"publisher\":{\"@id\":\"https:\\\/\\\/www.barth1873.de\\\/de\\\/#organization\"},\"potentialAction\":[{\"@type\":\"SearchAction\",\"target\":{\"@type\":\"EntryPoint\",\"urlTemplate\":\"https:\\\/\\\/www.barth1873.de\\\/de\\\/?s={search_term_string}\"},\"query-input\":{\"@type\":\"PropertyValueSpecification\",\"valueRequired\":true,\"valueName\":\"search_term_string\"}}],\"inLanguage\":\"de\"},{\"@type\":\"Organization\",\"@id\":\"https:\\\/\\\/www.barth1873.de\\\/de\\\/#organization\",\"name\":\"Barth & Co\",\"url\":\"https:\\\/\\\/www.barth1873.de\\\/de\\\/\",\"logo\":{\"@type\":\"ImageObject\",\"inLanguage\":\"de\",\"@id\":\"https:\\\/\\\/www.barth1873.de\\\/de\\\/#\\\/schema\\\/logo\\\/image\\\/\",\"url\":\"https:\\\/\\\/www.barth1873.de\\\/wp-content\\\/uploads\\\/2020\\\/04\\\/logo_barth210.png\",\"contentUrl\":\"https:\\\/\\\/www.barth1873.de\\\/wp-content\\\/uploads\\\/2020\\\/04\\\/logo_barth210.png\",\"width\":210,\"height\":53,\"caption\":\"Barth & Co\"},\"image\":{\"@id\":\"https:\\\/\\\/www.barth1873.de\\\/de\\\/#\\\/schema\\\/logo\\\/image\\\/\"}}]}<\/script>\n<!-- \/ Yoast SEO plugin. -->","yoast_head_json":{"title":"Karriere - Barth &amp; Co","robots":{"index":"index","follow":"follow","max-snippet":"max-snippet:-1","max-image-preview":"max-image-preview:large","max-video-preview":"max-video-preview:-1"},"canonical":"https:\/\/www.barth1873.de\/de\/karriere.html","og_locale":"de_DE","og_type":"article","og_title":"Karriere - Barth &amp; Co","og_description":"KARRIERE BEI BARTH &amp; CO. Zukunft braucht Herkunft Barth &amp; Co ist ein f\u00fchrender Importeur und Dienstleister f\u00fcr den Handel mit Fu\u00dfbodenprodukten in den Kategorien indoor (Parkett, Vinyl und Wand) sowie Outdoor (Terrassendielen, Z\u00e4unen und Solar) mit internationaler Ausrichtung. Als Familienunternehmen stehen wir mit 65 Mitarbeitern seit nun 150 Jahren f\u00fcr Erfahrung und Kontinuit\u00e4t. Zu [&hellip;]","og_url":"https:\/\/www.barth1873.de\/de\/karriere.html","og_site_name":"Barth &amp; Co","article_modified_time":"2023-09-15T08:09:22+00:00","og_image":[{"url":"https:\/\/www.barth1873.de\/wp-content\/uploads\/2023\/06\/barth-titel-image-zentrale-1024x341.jpg","type":"","width":"","height":""}],"twitter_card":"summary_large_image","twitter_misc":{"Gesch\u00e4tzte Lesezeit":"2\u00a0Minuten"},"schema":{"@context":"https:\/\/schema.org","@graph":[{"@type":"WebPage","@id":"https:\/\/www.barth1873.de\/de\/karriere.html","url":"https:\/\/www.barth1873.de\/de\/karriere.html","name":"Karriere - Barth &amp; Co","isPartOf":{"@id":"https:\/\/www.barth1873.de\/de\/#website"},"primaryImageOfPage":{"@id":"https:\/\/www.barth1873.de\/de\/karriere.html#primaryimage"},"image":{"@id":"https:\/\/www.barth1873.de\/de\/karriere.html#primaryimage"},"thumbnailUrl":"https:\/\/www.barth1873.de\/wp-content\/uploads\/2023\/06\/barth-titel-image-zentrale-1024x341.jpg","datePublished":"2023-06-21T17:07:00+00:00","dateModified":"2023-09-15T08:09:22+00:00","breadcrumb":{"@id":"https:\/\/www.barth1873.de\/de\/karriere.html#breadcrumb"},"inLanguage":"de","potentialAction":[{"@type":"ReadAction","target":["https:\/\/www.barth1873.de\/de\/karriere.html"]}]},{"@type":"ImageObject","inLanguage":"de","@id":"https:\/\/www.barth1873.de\/de\/karriere.html#primaryimage","url":"https:\/\/www.barth1873.de\/wp-content\/uploads\/2023\/06\/barth-titel-image-zentrale-1024x341.jpg","contentUrl":"https:\/\/www.barth1873.de\/wp-content\/uploads\/2023\/06\/barth-titel-image-zentrale-1024x341.jpg"},{"@type":"BreadcrumbList","@id":"https:\/\/www.barth1873.de\/de\/karriere.html#breadcrumb","itemListElement":[{"@type":"ListItem","position":1,"name":"Startseite","item":"https:\/\/www.barth1873.de\/de"},{"@type":"ListItem","position":2,"name":"Karriere"}]},{"@type":"WebSite","@id":"https:\/\/www.barth1873.de\/de\/#website","url":"https:\/\/www.barth1873.de\/de\/","name":"Barth &amp; Co","description":"Holz-und Parketthandel","publisher":{"@id":"https:\/\/www.barth1873.de\/de\/#organization"},"potentialAction":[{"@type":"SearchAction","target":{"@type":"EntryPoint","urlTemplate":"https:\/\/www.barth1873.de\/de\/?s={search_term_string}"},"query-input":{"@type":"PropertyValueSpecification","valueRequired":true,"valueName":"search_term_string"}}],"inLanguage":"de"},{"@type":"Organization","@id":"https:\/\/www.barth1873.de\/de\/#organization","name":"Barth & Co","url":"https:\/\/www.barth1873.de\/de\/","logo":{"@type":"ImageObject","inLanguage":"de","@id":"https:\/\/www.barth1873.de\/de\/#\/schema\/logo\/image\/","url":"https:\/\/www.barth1873.de\/wp-content\/uploads\/2020\/04\/logo_barth210.png","contentUrl":"https:\/\/www.barth1873.de\/wp-content\/uploads\/2020\/04\/logo_barth210.png","width":210,"height":53,"caption":"Barth & Co"},"image":{"@id":"https:\/\/www.barth1873.de\/de\/#\/schema\/logo\/image\/"}}]}},"_links":{"self":[{"href":"https:\/\/www.barth1873.de\/de\/wp-json\/wp\/v2\/pages\/6934","targetHints":{"allow":["GET"]}}],"collection":[{"href":"https:\/\/www.barth1873.de\/de\/wp-json\/wp\/v2\/pages"}],"about":[{"href":"https:\/\/www.barth1873.de\/de\/wp-json\/wp\/v2\/types\/page"}],"author":[{"embeddable":true,"href":"https:\/\/www.barth1873.de\/de\/wp-json\/wp\/v2\/users\/4"}],"replies":[{"embeddable":true,"href":"https:\/\/www.barth1873.de\/de\/wp-json\/wp\/v2\/comments?post=6934"}],"version-history":[{"count":2,"href":"https:\/\/www.barth1873.de\/de\/wp-json\/wp\/v2\/pages\/6934\/revisions"}],"predecessor-version":[{"id":7837,"href":"https:\/\/www.barth1873.de\/de\/wp-json\/wp\/v2\/pages\/6934\/revisions\/7837"}],"wp:attachment":[{"href":"https:\/\/www.barth1873.de\/de\/wp-json\/wp\/v2\/media?parent=6934"}],"curies":[{"name":"wp","href":"https:\/\/api.w.org\/{rel}","templated":true}]}}