{"id":474,"date":"2020-04-30T16:32:30","date_gmt":"2020-04-30T14:32:30","guid":{"rendered":"https:\/\/www.barth1873.de\/?page_id=474"},"modified":"2025-10-02T10:59:03","modified_gmt":"2025-10-02T08:59:03","slug":"impressum-2","status":"publish","type":"page","link":"https:\/\/www.barth1873.de\/de\/impressum.html","title":{"rendered":"Impressum"},"content":{"rendered":"\n<figure><\/figure>\n\n\n\n<p><strong>Verantwortlich f\u00fcr den Inhalt<\/strong><\/p>\n\n\n\n<p>F.W. Barth &amp; Co. GmbH<br>Fuggerstr. 25<br>DE &#8211; 41352 Korschenbroich<\/p>\n\n\n\n<p>Gesch\u00e4ftsf\u00fchrung:<br>Stephan von Schreitter, Sebastian Kruczek,<br>Niklas Bader, Fabian Kleophas<\/p>\n\n\n\n<p>Telefon: +49 (0) 21 61 \/ 99 55 99<br>Fax: +49 (0) 21 61 \/ 99 53 00<br>Email an: <a href=\"m&#97;&#x69;&#x6c;t&#111;&#58;&#x69;&#x6e;f&#111;&#x40;&#x62;a&#114;&#116;&#x68;&#x31;8&#55;&#x33;&#x2e;d&#101;\">Barth &amp; Co.<\/a><\/p>\n\n\n\n<p>HRB 9994<br>AG Neuss<\/p>\n\n\n\n<figure><\/figure>\n\n\n\n<p>Steuernummer: 114\/5816\/4169<br>Ust.-IdNr. DE 114 401 006<\/p>\n\n\n\n<div style=\"height:50px\" aria-hidden=\"true\" class=\"wp-block-spacer\"><\/div>\n\n\n\n<p><strong>Konzeption und Gestaltung<\/strong><\/p>\n\n\n\n<p>Mika Schiffer design | fotografie<br>T 02131 3131830<br><a href=\"&#109;&#x61;i&#x6c;t&#111;&#x3a;&#109;&#x69;k&#97;&#x40;&#109;&#x69;k&#x61;&#x73;&#99;&#x68;i&#x66;f&#101;&#x72;&#46;&#x63;o&#109;\">m&#105;&#x6b;&#x61;&#x40;m&#105;&#x6b;&#x61;&#x73;c&#104;&#x69;&#x66;&#x66;e&#114;&#x2e;&#x63;&#x6f;m<\/a><br><a href=\"http:\/\/www.mikaschiffer.com\">www.mikaschiffer.com<\/a><\/p>\n\n\n\n<figure><\/figure>\n\n\n\n<div style=\"height:50px\" aria-hidden=\"true\" class=\"wp-block-spacer\"><\/div>\n\n\n\n<p><strong>Haftungsausschluss<\/strong><br>Bei direkten oder indirekten Verweisen auf fremde Internetseiten (&#8222;Links&#8220;), die au\u00dferhalb des Verantwortungsbereiches des Autors liegen, w\u00fcrde eine Haftungsverpflichtung ausschlie\u00dflich in dem Fall in Kraft treten, in dem der Autor von den Inhalten Kenntnis hat und es ihm technisch m\u00f6glich und zumutbar w\u00e4re, die Nutzung im Falle rechtswidriger Inhalte zu verhindern.<\/p>\n\n\n\n<p>Der Autor erkl\u00e4rt hiermit ausdr\u00fccklich, dass zum Zeitpunkt der Linksetzung keine illegalen Inhalte auf den zu verlinkenden Seiten erkennbar waren. Auf die aktuelle und zuk\u00fcnftige Gestaltung, die Inhalte oder die Urheberschaft der gelinkten\/verkn\u00fcpften Seiten hat der Autor keinerlei Einfluss. Deshalb distanziert er sich hiermit ausdr\u00fccklich von allen Inhalten aller gelinkten \/verkn\u00fcpften Seiten, die nach der Linksetzung ver\u00e4ndert wurden. Diese Feststellung gilt f\u00fcr alle innerhalb des eigenen Internetangebotes gesetzten Links und Verweise sowie f\u00fcr Fremdeintr\u00e4ge in vom Autor eingerichteten G\u00e4steb\u00fcchern, Diskussionsforen und Mailinglisten. F\u00fcr illegale, fehlerhafte oder unvollst\u00e4ndige Inhalte und insbesondere f\u00fcr Sch\u00e4den, die aus der Nutzung oder Nichtnutzung solcherart dargebotener Informationen entstehen, haftet allein der Anbieter der Seite, auf welche verwiesen wurde, nicht derjenige, der \u00fcber Links auf die jeweilige Ver\u00f6ffentlichung lediglich verweist<\/p>\n","protected":false},"excerpt":{"rendered":"<p>Verantwortlich f\u00fcr den Inhalt F.W. Barth &amp; Co. GmbHFuggerstr. 25DE &#8211; 41352 Korschenbroich Gesch\u00e4ftsf\u00fchrung:Stephan von Schreitter, Sebastian Kruczek,Niklas Bader, Fabian Kleophas Telefon: +49 (0) 21 61 \/ 99 55 99Fax: +49 (0) 21 61 \/ 99 53 00Email an: Barth &amp; Co. HRB 9994AG Neuss Steuernummer: 114\/5816\/4169Ust.-IdNr. DE 114 401 006 Konzeption und Gestaltung Mika [&hellip;]<\/p>\n","protected":false},"author":1,"featured_media":427,"parent":0,"menu_order":0,"comment_status":"closed","ping_status":"closed","template":"scroll.php","meta":{"footnotes":""},"class_list":["post-474","page","type-page","status-publish","has-post-thumbnail","hentry"],"yoast_head":"<!-- This site is optimized with the Yoast SEO plugin v27.4 - https:\/\/yoast.com\/product\/yoast-seo-wordpress\/ -->\n<title>Impressum - Barth &amp; Co<\/title>\n<meta name=\"robots\" content=\"index, follow, max-snippet:-1, max-image-preview:large, max-video-preview:-1\" \/>\n<link rel=\"canonical\" href=\"https:\/\/www.barth1873.de\/de\/impressum.html\" \/>\n<meta property=\"og:locale\" content=\"de_DE\" \/>\n<meta property=\"og:type\" content=\"article\" \/>\n<meta property=\"og:title\" content=\"Impressum - Barth &amp; Co\" \/>\n<meta property=\"og:description\" content=\"Verantwortlich f\u00fcr den Inhalt F.W. Barth &amp; Co. GmbHFuggerstr. 25DE &#8211; 41352 Korschenbroich Gesch\u00e4ftsf\u00fchrung:Stephan von Schreitter, Sebastian Kruczek,Niklas Bader, Fabian Kleophas Telefon: +49 (0) 21 61 \/ 99 55 99Fax: +49 (0) 21 61 \/ 99 53 00Email an: Barth &amp; Co. HRB 9994AG Neuss Steuernummer: 114\/5816\/4169Ust.-IdNr. DE 114 401 006 Konzeption und Gestaltung Mika [&hellip;]\" \/>\n<meta property=\"og:url\" content=\"https:\/\/www.barth1873.de\/de\/impressum.html\" \/>\n<meta property=\"og:site_name\" content=\"Barth &amp; Co\" \/>\n<meta property=\"article:modified_time\" content=\"2025-10-02T08:59:03+00:00\" \/>\n<meta property=\"og:image\" content=\"https:\/\/www.barth1873.de\/wp-content\/uploads\/2020\/04\/IMG_6009-4fbafa30.jpg\" \/>\n\t<meta property=\"og:image:width\" content=\"980\" \/>\n\t<meta property=\"og:image:height\" content=\"700\" \/>\n\t<meta property=\"og:image:type\" content=\"image\/jpeg\" \/>\n<meta name=\"twitter:card\" content=\"summary_large_image\" \/>\n<meta name=\"twitter:label1\" content=\"Gesch\u00e4tzte Lesezeit\" \/>\n\t<meta name=\"twitter:data1\" content=\"2\u00a0Minuten\" \/>\n<script type=\"application\/ld+json\" class=\"yoast-schema-graph\">{\"@context\":\"https:\\\/\\\/schema.org\",\"@graph\":[{\"@type\":\"WebPage\",\"@id\":\"https:\\\/\\\/www.barth1873.de\\\/de\\\/impressum.html\",\"url\":\"https:\\\/\\\/www.barth1873.de\\\/de\\\/impressum.html\",\"name\":\"Impressum - Barth &amp; Co\",\"isPartOf\":{\"@id\":\"https:\\\/\\\/www.barth1873.de\\\/de\\\/#website\"},\"primaryImageOfPage\":{\"@id\":\"https:\\\/\\\/www.barth1873.de\\\/de\\\/impressum.html#primaryimage\"},\"image\":{\"@id\":\"https:\\\/\\\/www.barth1873.de\\\/de\\\/impressum.html#primaryimage\"},\"thumbnailUrl\":\"https:\\\/\\\/www.barth1873.de\\\/wp-content\\\/uploads\\\/2020\\\/04\\\/IMG_6009-4fbafa30.jpg\",\"datePublished\":\"2020-04-30T14:32:30+00:00\",\"dateModified\":\"2025-10-02T08:59:03+00:00\",\"breadcrumb\":{\"@id\":\"https:\\\/\\\/www.barth1873.de\\\/de\\\/impressum.html#breadcrumb\"},\"inLanguage\":\"de\",\"potentialAction\":[{\"@type\":\"ReadAction\",\"target\":[\"https:\\\/\\\/www.barth1873.de\\\/de\\\/impressum.html\"]}]},{\"@type\":\"ImageObject\",\"inLanguage\":\"de\",\"@id\":\"https:\\\/\\\/www.barth1873.de\\\/de\\\/impressum.html#primaryimage\",\"url\":\"https:\\\/\\\/www.barth1873.de\\\/wp-content\\\/uploads\\\/2020\\\/04\\\/IMG_6009-4fbafa30.jpg\",\"contentUrl\":\"https:\\\/\\\/www.barth1873.de\\\/wp-content\\\/uploads\\\/2020\\\/04\\\/IMG_6009-4fbafa30.jpg\",\"width\":980,\"height\":700},{\"@type\":\"BreadcrumbList\",\"@id\":\"https:\\\/\\\/www.barth1873.de\\\/de\\\/impressum.html#breadcrumb\",\"itemListElement\":[{\"@type\":\"ListItem\",\"position\":1,\"name\":\"Startseite\",\"item\":\"https:\\\/\\\/www.barth1873.de\\\/de\"},{\"@type\":\"ListItem\",\"position\":2,\"name\":\"Impressum\"}]},{\"@type\":\"WebSite\",\"@id\":\"https:\\\/\\\/www.barth1873.de\\\/de\\\/#website\",\"url\":\"https:\\\/\\\/www.barth1873.de\\\/de\\\/\",\"name\":\"Barth &amp; Co\",\"description\":\"Holz-und Parketthandel\",\"publisher\":{\"@id\":\"https:\\\/\\\/www.barth1873.de\\\/de\\\/#organization\"},\"potentialAction\":[{\"@type\":\"SearchAction\",\"target\":{\"@type\":\"EntryPoint\",\"urlTemplate\":\"https:\\\/\\\/www.barth1873.de\\\/de\\\/?s={search_term_string}\"},\"query-input\":{\"@type\":\"PropertyValueSpecification\",\"valueRequired\":true,\"valueName\":\"search_term_string\"}}],\"inLanguage\":\"de\"},{\"@type\":\"Organization\",\"@id\":\"https:\\\/\\\/www.barth1873.de\\\/de\\\/#organization\",\"name\":\"Barth & Co\",\"url\":\"https:\\\/\\\/www.barth1873.de\\\/de\\\/\",\"logo\":{\"@type\":\"ImageObject\",\"inLanguage\":\"de\",\"@id\":\"https:\\\/\\\/www.barth1873.de\\\/de\\\/#\\\/schema\\\/logo\\\/image\\\/\",\"url\":\"https:\\\/\\\/www.barth1873.de\\\/wp-content\\\/uploads\\\/2020\\\/04\\\/logo_barth210.png\",\"contentUrl\":\"https:\\\/\\\/www.barth1873.de\\\/wp-content\\\/uploads\\\/2020\\\/04\\\/logo_barth210.png\",\"width\":210,\"height\":53,\"caption\":\"Barth & Co\"},\"image\":{\"@id\":\"https:\\\/\\\/www.barth1873.de\\\/de\\\/#\\\/schema\\\/logo\\\/image\\\/\"}}]}<\/script>\n<!-- \/ Yoast SEO plugin. -->","yoast_head_json":{"title":"Impressum - Barth &amp; Co","robots":{"index":"index","follow":"follow","max-snippet":"max-snippet:-1","max-image-preview":"max-image-preview:large","max-video-preview":"max-video-preview:-1"},"canonical":"https:\/\/www.barth1873.de\/de\/impressum.html","og_locale":"de_DE","og_type":"article","og_title":"Impressum - Barth &amp; Co","og_description":"Verantwortlich f\u00fcr den Inhalt F.W. Barth &amp; Co. GmbHFuggerstr. 25DE &#8211; 41352 Korschenbroich Gesch\u00e4ftsf\u00fchrung:Stephan von Schreitter, Sebastian Kruczek,Niklas Bader, Fabian Kleophas Telefon: +49 (0) 21 61 \/ 99 55 99Fax: +49 (0) 21 61 \/ 99 53 00Email an: Barth &amp; Co. HRB 9994AG Neuss Steuernummer: 114\/5816\/4169Ust.-IdNr. DE 114 401 006 Konzeption und Gestaltung Mika [&hellip;]","og_url":"https:\/\/www.barth1873.de\/de\/impressum.html","og_site_name":"Barth &amp; Co","article_modified_time":"2025-10-02T08:59:03+00:00","og_image":[{"width":980,"height":700,"url":"https:\/\/www.barth1873.de\/wp-content\/uploads\/2020\/04\/IMG_6009-4fbafa30.jpg","type":"image\/jpeg"}],"twitter_card":"summary_large_image","twitter_misc":{"Gesch\u00e4tzte Lesezeit":"2\u00a0Minuten"},"schema":{"@context":"https:\/\/schema.org","@graph":[{"@type":"WebPage","@id":"https:\/\/www.barth1873.de\/de\/impressum.html","url":"https:\/\/www.barth1873.de\/de\/impressum.html","name":"Impressum - Barth &amp; Co","isPartOf":{"@id":"https:\/\/www.barth1873.de\/de\/#website"},"primaryImageOfPage":{"@id":"https:\/\/www.barth1873.de\/de\/impressum.html#primaryimage"},"image":{"@id":"https:\/\/www.barth1873.de\/de\/impressum.html#primaryimage"},"thumbnailUrl":"https:\/\/www.barth1873.de\/wp-content\/uploads\/2020\/04\/IMG_6009-4fbafa30.jpg","datePublished":"2020-04-30T14:32:30+00:00","dateModified":"2025-10-02T08:59:03+00:00","breadcrumb":{"@id":"https:\/\/www.barth1873.de\/de\/impressum.html#breadcrumb"},"inLanguage":"de","potentialAction":[{"@type":"ReadAction","target":["https:\/\/www.barth1873.de\/de\/impressum.html"]}]},{"@type":"ImageObject","inLanguage":"de","@id":"https:\/\/www.barth1873.de\/de\/impressum.html#primaryimage","url":"https:\/\/www.barth1873.de\/wp-content\/uploads\/2020\/04\/IMG_6009-4fbafa30.jpg","contentUrl":"https:\/\/www.barth1873.de\/wp-content\/uploads\/2020\/04\/IMG_6009-4fbafa30.jpg","width":980,"height":700},{"@type":"BreadcrumbList","@id":"https:\/\/www.barth1873.de\/de\/impressum.html#breadcrumb","itemListElement":[{"@type":"ListItem","position":1,"name":"Startseite","item":"https:\/\/www.barth1873.de\/de"},{"@type":"ListItem","position":2,"name":"Impressum"}]},{"@type":"WebSite","@id":"https:\/\/www.barth1873.de\/de\/#website","url":"https:\/\/www.barth1873.de\/de\/","name":"Barth &amp; Co","description":"Holz-und Parketthandel","publisher":{"@id":"https:\/\/www.barth1873.de\/de\/#organization"},"potentialAction":[{"@type":"SearchAction","target":{"@type":"EntryPoint","urlTemplate":"https:\/\/www.barth1873.de\/de\/?s={search_term_string}"},"query-input":{"@type":"PropertyValueSpecification","valueRequired":true,"valueName":"search_term_string"}}],"inLanguage":"de"},{"@type":"Organization","@id":"https:\/\/www.barth1873.de\/de\/#organization","name":"Barth & Co","url":"https:\/\/www.barth1873.de\/de\/","logo":{"@type":"ImageObject","inLanguage":"de","@id":"https:\/\/www.barth1873.de\/de\/#\/schema\/logo\/image\/","url":"https:\/\/www.barth1873.de\/wp-content\/uploads\/2020\/04\/logo_barth210.png","contentUrl":"https:\/\/www.barth1873.de\/wp-content\/uploads\/2020\/04\/logo_barth210.png","width":210,"height":53,"caption":"Barth & Co"},"image":{"@id":"https:\/\/www.barth1873.de\/de\/#\/schema\/logo\/image\/"}}]}},"_links":{"self":[{"href":"https:\/\/www.barth1873.de\/de\/wp-json\/wp\/v2\/pages\/474","targetHints":{"allow":["GET"]}}],"collection":[{"href":"https:\/\/www.barth1873.de\/de\/wp-json\/wp\/v2\/pages"}],"about":[{"href":"https:\/\/www.barth1873.de\/de\/wp-json\/wp\/v2\/types\/page"}],"author":[{"embeddable":true,"href":"https:\/\/www.barth1873.de\/de\/wp-json\/wp\/v2\/users\/1"}],"replies":[{"embeddable":true,"href":"https:\/\/www.barth1873.de\/de\/wp-json\/wp\/v2\/comments?post=474"}],"version-history":[{"count":3,"href":"https:\/\/www.barth1873.de\/de\/wp-json\/wp\/v2\/pages\/474\/revisions"}],"predecessor-version":[{"id":21325,"href":"https:\/\/www.barth1873.de\/de\/wp-json\/wp\/v2\/pages\/474\/revisions\/21325"}],"wp:featuredmedia":[{"embeddable":true,"href":"https:\/\/www.barth1873.de\/de\/wp-json\/wp\/v2\/media\/427"}],"wp:attachment":[{"href":"https:\/\/www.barth1873.de\/de\/wp-json\/wp\/v2\/media?parent=474"}],"curies":[{"name":"wp","href":"https:\/\/api.w.org\/{rel}","templated":true}]}}