{"id":3284,"date":"2021-04-22T11:02:33","date_gmt":"2021-04-22T09:02:33","guid":{"rendered":"https:\/\/www.barth1873.de\/jobs"},"modified":"2021-04-22T11:02:33","modified_gmt":"2021-04-22T09:02:33","slug":"jobs","status":"publish","type":"page","link":"https:\/\/www.barth1873.de\/de\/jobs.html","title":{"rendered":"Jobs"},"content":{"rendered":"<div class=\"wp-block-pb-accordion-item c-accordion__item js-accordion-item is-read\" data-initially-open=\"false\" data-click-to-close=\"true\" data-auto-close=\"true\" data-scroll=\"false\" data-scroll-offset=\"0\"><h4 id=\"at-3319\" class=\"c-accordion__title js-accordion-controller\" role=\"button\" tabindex=\"0\" aria-controls=\"ac-3319\" aria-expanded=\"false\">Vertriebsmitarbeiter im Au\u00dfendienst NRW (m\/w\/d)<\/h4><div id=\"ac-3319\" class=\"c-accordion__content\" style=\"display: none;\" hidden=\"hidden\"><!-- wp:paragraph -->\n<p><strong>FAXE steht seit 1926 f\u00fcr qualitativ hochwertige Oberfl\u00e4chenbehandlung und -pflege f\u00fcr Parkett, M\u00f6bel und den Outdoorbereich und wird seit 2007 von F.W. Barth &amp; Co. GmbH als Generalimporteur in Deutschland exklusiv vertrieben an Kunden der Bodenbelagsbranche, den Holzfachhandel und das bodenlegende Handwerk. F\u00fcr diesen Produktbereich suchen wir zum n\u00e4chstm\u00f6glichen Eintrittstermin einen Vertriebsmitarbeiter im Au\u00dfendienst NRW (m\/w\/d)<\/strong><\/p>\n<!-- \/wp:paragraph -->\n\n<!-- wp:paragraph -->\n<p><strong>Ihre Aufgaben:<\/strong><\/p>\n<!-- \/wp:paragraph -->\n\n<!-- wp:list -->\n<ul><!-- wp:list-item -->\n<li>kaufm\u00e4nnische Betreuung und technische Beratung bestehender Kunden inkl. Produktschulungen (Praxis und Theorie)<\/li>\n<!-- \/wp:list-item -->\n\n<!-- wp:list-item -->\n<li>Akquisition von Neukunden in dem genannten Gebiet<\/li>\n<!-- \/wp:list-item -->\n\n<!-- wp:list-item -->\n<li>Mitplanung und Umsetzung regionaler Markt- und Verkaufsstrategien<\/li>\n<!-- \/wp:list-item --><\/ul>\n<!-- \/wp:list -->\n\n<!-- wp:paragraph -->\n<p><strong>Ihr Profil:<\/strong><\/p>\n<!-- \/wp:paragraph -->\n\n<!-- wp:list -->\n<ul><!-- wp:list-item -->\n<li>kaufm\u00e4nnische oder technische Ausbildung mit Vertriebserfahrung in der Holz- und\/oder Bodenbelagsbranche<\/li>\n<!-- \/wp:list-item -->\n\n<!-- wp:list-item -->\n<li>vorzugsweise mit Berufserfahrung im Au\u00dfendienst<\/li>\n<!-- \/wp:list-item -->\n\n<!-- wp:list-item -->\n<li>kommunikatives und selbstsicheres Auftreten, vertriebsorientiertes Denken, strukturiertes Arbeiten und ein hohes Ma\u00df an Zuverl\u00e4ssigkeit runden Ihr Profil ab<\/li>\n<!-- \/wp:list-item -->\n\n<!-- wp:list-item -->\n<li>vorzugsweise wohnen Sie r\u00e4umlich nah an unserem Stammhaus<\/li>\n<!-- \/wp:list-item --><\/ul>\n<!-- \/wp:list -->\n\n<!-- wp:paragraph -->\n<p><strong>Wir bieten:<\/strong><\/p>\n<!-- \/wp:paragraph -->\n\n<!-- wp:list -->\n<ul><!-- wp:list-item -->\n<li>gut erschlossenes Gebiet mit langj\u00e4hrigem Kundenstamm<\/li>\n<!-- \/wp:list-item -->\n\n<!-- wp:list-item -->\n<li>attraktives Gehaltspaket und Firmenfahrzeug auch zur privaten Nutzung<\/li>\n<!-- \/wp:list-item -->\n\n<!-- wp:list-item -->\n<li>Einarbeitung in die Technik \/Anwendung der FAXE-Produkte<\/li>\n<!-- \/wp:list-item -->\n\n<!-- wp:list-item -->\n<li>B\u00fcroarbeitsplatz f\u00fcr die regelm\u00e4\u00dfige Planung und Aufarbeitung von Touren<\/li>\n<!-- \/wp:list-item --><\/ul>\n<!-- \/wp:list -->\n\n<!-- wp:paragraph -->\n<p>Haben wir Ihr Interesse geweckt? Dann bewerben Sie sich bitte mit Ihren aussagekr\u00e4ftigen Unterlagen unter Angabe Ihres fr\u00fchestm\u00f6glichen Eintrittstermins und Ihrer Gehaltsvorstellung, gerne auch per E-Mail.:&nbsp;<a href=\"&#109;&#x61;&#105;&#x6c;&#116;&#x6f;&#58;&#x6c;&#98;&#x40;&#98;&#x61;&#114;&#x74;&#104;&#x31;&#56;&#x37;&#51;&#x2e;&#100;&#x65;\">lb&#64;&#98;&#97;&#x72;&#x74;&#x68;&#x31;87&#51;&#46;&#100;&#x65; (Herrn Luis Batista)<\/a><\/p>\n<!-- \/wp:paragraph --><\/div><\/div><div class=\"wp-block-pb-accordion-item c-accordion__item js-accordion-item is-read\" data-initially-open=\"false\" data-click-to-close=\"true\" data-auto-close=\"true\" data-scroll=\"false\" data-scroll-offset=\"0\"><h4 id=\"at-4540\" class=\"c-accordion__title js-accordion-controller\" role=\"button\" tabindex=\"0\" aria-controls=\"ac-4540\" aria-expanded=\"false\">Mitarbeiter Empfang in Teilzeit (m\/w\/d)<\/h4><div id=\"ac-4540\" class=\"c-accordion__content\" style=\"display: none;\" hidden=\"hidden\"><!-- wp:paragraph -->\n<p><strong>F.W. Barth &amp; Co. ist ein f\u00fchrendes, mittelst\u00e4ndisches Importunternehmen von Parkett- und Vinylb\u00f6den, Terrassendielen und Zubeh\u00f6r mit Sitz in Korschenbroich. Als inhabergef\u00fchrtes Unternehmen stehen wir mit 65 Mitarbeitern seit fast 150 Jahren f\u00fcr Erfahrung und Kontinuit\u00e4t.<\/strong> <strong>zur Verst\u00e4rkung unseres Teams im Empfangsbereich, suchen wir zum n\u00e4chstm\u00f6glichen Zeitpunkt einen Kollegen (m\/w\/d).<\/strong><\/p>\n<!-- \/wp:paragraph -->\n\n<!-- wp:paragraph -->\n<p><strong>Arbeitszeit im Wechsel vor- und nachmittags<\/strong><\/p>\n<!-- \/wp:paragraph -->\n\n<!-- wp:paragraph -->\n<p><strong>Deine Aufgaben:<\/strong><\/p>\n<!-- \/wp:paragraph -->\n\n<!-- wp:list -->\n<ul><li>Telefonzentrale<\/li><li>G\u00e4steempfang und -betreuung<\/li><li>Ein- und Ausgangspost<\/li><li>Konferenz- und Meetingr\u00e4ume verwalten<\/li><li>Allgemeine Verwaltungst\u00e4tigkeiten<\/li><li>\u00dcberblick und Verwaltung aller Materialien<\/li><\/ul>\n<!-- \/wp:list -->\n\n<!-- wp:paragraph -->\n<p><strong>Was Du mitbringen solltest<\/strong><\/p>\n<!-- \/wp:paragraph -->\n\n<!-- wp:list -->\n<ul><li>Freundliches und gepflegtes Auftreten<\/li><li>PC-Kenntnisse \/ Sicherer Umgang mit Office<\/li><li>Selbst\u00e4ndige und strukturierte Arbeitsweise<\/li><li>Englischkenntnisse<\/li><li>Du bist teamf\u00e4hig und dein Auftreten Kunden und Kollegen gegen\u00fcber ist immer freundlich.<\/li><li>Flexibilit\u00e4t bei Urlaubs- und Krankheitsvertretung<\/li><li>F\u00fchrerschein w\u00fcnschenswert<\/li><\/ul>\n<!-- \/wp:list -->\n\n<!-- wp:paragraph -->\n<p><strong>Auf das kannst Du Dich freuen<\/strong><\/p>\n<!-- \/wp:paragraph -->\n\n<!-- wp:list -->\n<ul><li>Ein modernes und attraktives Arbeitsumfeld.<\/li><li>Ein erfolgreich gef\u00fchrtes Familienunternehmen <\/li><li>Kostenfreie Kalt- und Hei\u00dfgetr\u00e4nke sowie Parkpl\u00e4tze f\u00fcr Rad und PKW.<\/li><li>Anbindung zu \u00f6ffentlichen Verkehrsmittel (S-Bahn) in unmittelbarer N\u00e4he.<\/li><\/ul>\n<!-- \/wp:list -->\n\n<!-- wp:paragraph -->\n<p><strong>Haben wir Dein Interesse geweckt?<\/strong><\/p>\n<!-- \/wp:paragraph -->\n\n<!-- wp:paragraph -->\n<p>Dann werde Teil unseres Teams. Wir freuen uns auf die Zusendung Deiner Bewerbungsunterlagen unter Angabe des fr\u00fchestm\u00f6glichen Eintrittstermins, per Email: <a href=\"&#x6d;&#97;i&#x6c;&#116;o&#x3a;&#x6d;&#109;&#x40;&#x62;&#97;r&#x74;&#104;1&#x38;&#x37;&#51;&#x2e;&#x64;&#101;\">Marion Meller<\/a><a href=\"&#x6d;&#97;&#x69;&#x6c;&#116;&#x6f;&#x3a;&#109;&#x6d;&#x40;&#98;&#x61;&#x72;t&#x68;&#x31;8&#x37;&#51;&#46;&#x64;&#101;\"><\/a><br><br>oder schriftlich an:<br><br>F:W: Barth &amp; Co. GmbH<br>z. H. Frau Marion Meller<br>Fuggerstra\u00dfe 25<br>41352 Korschenbroich<\/p>\n<!-- \/wp:paragraph -->\n\n<!-- wp:paragraph -->\n<p>F\u00fcr R\u00fcckfragen: 02161\/995532<\/p>\n<!-- \/wp:paragraph -->\n\n<!-- wp:paragraph -->\n<p>Bitte beachte, dass wir es begr\u00fc\u00dfen, wenn die Bewerbung per Mail eingeht. Wir weisen Sie zudem darauf hin, dass postalisch zugestellte Bewerbungen aus organisatorischen Gr\u00fcnden nicht zur\u00fcckgesandt werden k\u00f6nnen.<\/p>\n<!-- \/wp:paragraph -->\n\n<!-- wp:paragraph -->\n<p>Wir freuen uns auf  Bewerbung.<\/p>\n<!-- \/wp:paragraph --><\/div><\/div><div class=\"wp-block-pb-accordion-item c-accordion__item js-accordion-item is-read\" data-initially-open=\"false\" data-click-to-close=\"true\" data-auto-close=\"true\" data-scroll=\"false\" data-scroll-offset=\"0\"><h4 id=\"at-4626\" class=\"c-accordion__title js-accordion-controller\" role=\"button\" tabindex=\"0\" aria-controls=\"ac-4626\" aria-expanded=\"false\">Wir suchen einen Mitarbeiter f\u00fcr den Innendienst (m\/w\/d)<\/h4><div id=\"ac-4626\" class=\"c-accordion__content\" style=\"display: none;\" hidden=\"hidden\"><!-- wp:paragraph -->\n<p><strong>Zur Verst\u00e4rkung unseres Teams im Bereich Vinyl suchen wir zum n\u00e4chstm\u00f6glichen Termin einen kaufm\u00e4nnischen Sachbearbeiter (m\/w\/d)<\/strong><\/p>\n<!-- \/wp:paragraph -->\n\n<!-- wp:paragraph -->\n<p><strong>Ihre Aufgaben:<\/strong><\/p>\n<!-- \/wp:paragraph -->\n\n<!-- wp:list -->\n<ul><!-- wp:list-item -->\n<li>Komplette Auftragsabwicklung mit&nbsp;Angebotserstellung und Terminverfolgung<\/li>\n<!-- \/wp:list-item -->\n\n<!-- wp:list-item -->\n<li>Import-\/Export-Abwicklung<\/li>\n<!-- \/wp:list-item -->\n\n<!-- wp:list-item -->\n<li>Betreuung des Au\u00dfendienstes<\/li>\n<!-- \/wp:list-item -->\n\n<!-- wp:list-item -->\n<li>Kundenberatung&nbsp;<\/li>\n<!-- \/wp:list-item --><\/ul>\n<!-- \/wp:list -->\n\n<!-- wp:paragraph -->\n<p><strong>Unsere Anforderungen:<\/strong><\/p>\n<!-- \/wp:paragraph -->\n\n<!-- wp:list -->\n<ul><!-- wp:list-item -->\n<li>Eine abgeschlossene kaufm\u00e4nnische Berufsausbildung, am besten Gro\u00df- und Au\u00dfenhandel<\/li>\n<!-- \/wp:list-item -->\n\n<!-- wp:list-item -->\n<li>Fundierte Kenntnisse im MS Office Paket, speziell Excel und Outlook<\/li>\n<!-- \/wp:list-item -->\n\n<!-- wp:list-item -->\n<li>Gute Englischkenntnisse in Wort und Schrift<\/li>\n<!-- \/wp:list-item -->\n\n<!-- wp:list-item -->\n<li>Erfahrung mit dem ERP System NAV w\u00fcnschenswert<\/li>\n<!-- \/wp:list-item --><\/ul>\n<!-- \/wp:list -->\n\n<!-- wp:paragraph -->\n<p><strong>Freuen Sie sich auf:<\/strong><\/p>\n<!-- \/wp:paragraph -->\n\n<!-- wp:list -->\n<ul><!-- wp:list-item -->\n<li>Einen modernen und sicheren Arbeitsplatz in einem erfolgreichen Unternehmen<\/li>\n<!-- \/wp:list-item -->\n\n<!-- wp:list-item -->\n<li>Interessante Projekte und eine abwechslungsreiche Mitarbeit in einem engagierten Team<\/li>\n<!-- \/wp:list-item -->\n\n<!-- wp:list-item -->\n<li>Ein herzliches Betriebsklima, gegenseitige Achtung<\/li>\n<!-- \/wp:list-item -->\n\n<!-- wp:list-item -->\n<li>Unbefristete Arbeitsvertr\u00e4ge mit leistungsgerechter Verg\u00fctung<\/li>\n<!-- \/wp:list-item -->\n\n<!-- wp:list-item -->\n<li>Homeoffice m\u00f6glich<\/li>\n<!-- \/wp:list-item --><\/ul>\n<!-- \/wp:list -->\n\n<!-- wp:paragraph -->\n<p>Wenn Sie ein Teil unseres Teams werden m\u00f6chten, freuen wir uns auf die Zusendung der vollst\u00e4ndigen Bewerbungsunterlagen mit Angabe der Gehaltsvorstellung und dem fr\u00fchestm\u00f6glichen Eintrittstermin per mail an:&nbsp;<a href=\"&#x6d;&#97;&#105;l&#x74;&#x6f;&#58;b&#x65;&#x77;&#101;rb&#x75;&#110;&#103;&#64;&#x62;&#x61;&#114;t&#x68;&#x31;&#56;&#55;3&#x2e;&#x64;&#101;\">&#x62;&#101;&#119;&#x65;&#x72;&#98;&#117;&#x6e;&#x67;&#64;&#98;&#x61;&#x72;&#116;&#104;&#x31;&#x38;&#55;&#51;&#x2e;&#x64;&#101;<\/a><\/p>\n<!-- \/wp:paragraph --><\/div><\/div><div class=\"wp-block-pb-accordion-item c-accordion__item js-accordion-item is-read\" data-initially-open=\"false\" data-click-to-close=\"true\" data-auto-close=\"true\" data-scroll=\"false\" data-scroll-offset=\"0\"><h4 id=\"at-3195\" class=\"c-accordion__title js-accordion-controller\" role=\"button\" tabindex=\"0\" aria-controls=\"ac-3195\" aria-expanded=\"false\">Wir suchen zum n\u00e4chstm\u00f6glichen Zeitpunkt eine\/n Handelsvertreter\/in f\u00fcr FRANKREICH<\/h4><div id=\"ac-3195\" class=\"c-accordion__content\" style=\"display: none;\" hidden=\"hidden\"><!-- wp:paragraph -->\n<p>Die Aufgabe umfasst die Vertretung von Barth &amp; Co. in folgenden Bereichen:<\/p>\n<!-- \/wp:paragraph -->\n\n<!-- wp:list -->\n<ul><li>Vertrieb und Verkauf von Fertigparkett<\/li><li>Vertrieb und Verkauf von LVT-Designbel\u00e4gen<\/li><li>Zielkundengruppe sind Distributoren, Fachh\u00e4ndler und Objekteure<\/li><\/ul>\n<!-- \/wp:list -->\n\n<!-- wp:paragraph -->\n<p>Wir suchen eine dynamische Pers\u00f6nlichkeit mit fundierten Erfahrungen und Kontakten in der Fu\u00dfbodenbranche. Neben dem \u00e4u\u00dferst wettbewerbsf\u00e4higen Preisleistungsverh\u00e4ltnis des Gesamtportfolios bieten wir ebenfalls ein sehr attraktives Provisionsschema.<\/p>\n<!-- \/wp:paragraph -->\n\n<!-- wp:paragraph -->\n<p>Barth &amp; Co. ist ein f\u00fchrender Anbieter von Fu\u00dfbodenbel\u00e4gen f\u00fcr den Indoor- und Outdoor-Bereich. Wir zeichnen uns aus durch hohen Qualit\u00e4tsanspruch, nachhaltige Innovationen und serviceorientierte Dienstleistungen.<\/p>\n<!-- \/wp:paragraph -->\n\n<!-- wp:paragraph -->\n<p>Wenn Sie Interesse an einer spannenden Aufgabe haben und Teil unserer Erfolgsgeschichte sein m\u00f6chten, senden Sie bitte Ihre vollst\u00e4ndigen Bewerbungsunterlagen per E-Mail an&nbsp;<a href=\"&#x6d;&#x61;&#105;&#108;t&#x6f;&#x3a;&#x62;&#101;&#119;e&#x72;&#x62;&#x75;&#110;&#103;&#64;&#x62;&#x61;&#x72;&#116;&#104;1&#x38;&#x37;&#x33;&#46;de\">bewerbung&#64;barth1873&#46;de<\/a><\/p>\n<!-- \/wp:paragraph --><\/div><\/div>\n","protected":false},"excerpt":{"rendered":"","protected":false},"author":1,"featured_media":0,"parent":0,"menu_order":0,"comment_status":"closed","ping_status":"closed","template":"","meta":{"footnotes":""},"class_list":["post-3284","page","type-page","status-publish","hentry"],"yoast_head":"<!-- This site is optimized with the Yoast SEO plugin v27.3 - https:\/\/yoast.com\/product\/yoast-seo-wordpress\/ -->\n<title>Jobs - Barth &amp; Co<\/title>\n<meta name=\"robots\" content=\"index, follow, max-snippet:-1, max-image-preview:large, max-video-preview:-1\" \/>\n<link rel=\"canonical\" href=\"https:\/\/www.barth1873.de\/de\/jobs.html\" \/>\n<meta property=\"og:locale\" content=\"de_DE\" \/>\n<meta property=\"og:type\" content=\"article\" \/>\n<meta property=\"og:title\" content=\"Jobs - Barth &amp; Co\" \/>\n<meta property=\"og:url\" content=\"https:\/\/www.barth1873.de\/de\/jobs.html\" \/>\n<meta property=\"og:site_name\" content=\"Barth &amp; Co\" \/>\n<meta name=\"twitter:card\" content=\"summary_large_image\" \/>\n<script type=\"application\/ld+json\" class=\"yoast-schema-graph\">{\"@context\":\"https:\\\/\\\/schema.org\",\"@graph\":[{\"@type\":\"WebPage\",\"@id\":\"https:\\\/\\\/www.barth1873.de\\\/de\\\/jobs.html\",\"url\":\"https:\\\/\\\/www.barth1873.de\\\/de\\\/jobs.html\",\"name\":\"Jobs - Barth &amp; Co\",\"isPartOf\":{\"@id\":\"https:\\\/\\\/www.barth1873.de\\\/de\\\/#website\"},\"datePublished\":\"2021-04-22T09:02:33+00:00\",\"breadcrumb\":{\"@id\":\"https:\\\/\\\/www.barth1873.de\\\/de\\\/jobs.html#breadcrumb\"},\"inLanguage\":\"de\",\"potentialAction\":[{\"@type\":\"ReadAction\",\"target\":[\"https:\\\/\\\/www.barth1873.de\\\/de\\\/jobs.html\"]}]},{\"@type\":\"BreadcrumbList\",\"@id\":\"https:\\\/\\\/www.barth1873.de\\\/de\\\/jobs.html#breadcrumb\",\"itemListElement\":[{\"@type\":\"ListItem\",\"position\":1,\"name\":\"Startseite\",\"item\":\"https:\\\/\\\/www.barth1873.de\\\/de\"},{\"@type\":\"ListItem\",\"position\":2,\"name\":\"Jobs\"}]},{\"@type\":\"WebSite\",\"@id\":\"https:\\\/\\\/www.barth1873.de\\\/de\\\/#website\",\"url\":\"https:\\\/\\\/www.barth1873.de\\\/de\\\/\",\"name\":\"Barth &amp; Co\",\"description\":\"Holz-und Parketthandel\",\"publisher\":{\"@id\":\"https:\\\/\\\/www.barth1873.de\\\/de\\\/#organization\"},\"potentialAction\":[{\"@type\":\"SearchAction\",\"target\":{\"@type\":\"EntryPoint\",\"urlTemplate\":\"https:\\\/\\\/www.barth1873.de\\\/de\\\/?s={search_term_string}\"},\"query-input\":{\"@type\":\"PropertyValueSpecification\",\"valueRequired\":true,\"valueName\":\"search_term_string\"}}],\"inLanguage\":\"de\"},{\"@type\":\"Organization\",\"@id\":\"https:\\\/\\\/www.barth1873.de\\\/de\\\/#organization\",\"name\":\"Barth & Co\",\"url\":\"https:\\\/\\\/www.barth1873.de\\\/de\\\/\",\"logo\":{\"@type\":\"ImageObject\",\"inLanguage\":\"de\",\"@id\":\"https:\\\/\\\/www.barth1873.de\\\/de\\\/#\\\/schema\\\/logo\\\/image\\\/\",\"url\":\"https:\\\/\\\/www.barth1873.de\\\/wp-content\\\/uploads\\\/2020\\\/04\\\/logo_barth210.png\",\"contentUrl\":\"https:\\\/\\\/www.barth1873.de\\\/wp-content\\\/uploads\\\/2020\\\/04\\\/logo_barth210.png\",\"width\":210,\"height\":53,\"caption\":\"Barth & Co\"},\"image\":{\"@id\":\"https:\\\/\\\/www.barth1873.de\\\/de\\\/#\\\/schema\\\/logo\\\/image\\\/\"}}]}<\/script>\n<!-- \/ Yoast SEO plugin. -->","yoast_head_json":{"title":"Jobs - Barth &amp; Co","robots":{"index":"index","follow":"follow","max-snippet":"max-snippet:-1","max-image-preview":"max-image-preview:large","max-video-preview":"max-video-preview:-1"},"canonical":"https:\/\/www.barth1873.de\/de\/jobs.html","og_locale":"de_DE","og_type":"article","og_title":"Jobs - Barth &amp; Co","og_url":"https:\/\/www.barth1873.de\/de\/jobs.html","og_site_name":"Barth &amp; Co","twitter_card":"summary_large_image","schema":{"@context":"https:\/\/schema.org","@graph":[{"@type":"WebPage","@id":"https:\/\/www.barth1873.de\/de\/jobs.html","url":"https:\/\/www.barth1873.de\/de\/jobs.html","name":"Jobs - Barth &amp; Co","isPartOf":{"@id":"https:\/\/www.barth1873.de\/de\/#website"},"datePublished":"2021-04-22T09:02:33+00:00","breadcrumb":{"@id":"https:\/\/www.barth1873.de\/de\/jobs.html#breadcrumb"},"inLanguage":"de","potentialAction":[{"@type":"ReadAction","target":["https:\/\/www.barth1873.de\/de\/jobs.html"]}]},{"@type":"BreadcrumbList","@id":"https:\/\/www.barth1873.de\/de\/jobs.html#breadcrumb","itemListElement":[{"@type":"ListItem","position":1,"name":"Startseite","item":"https:\/\/www.barth1873.de\/de"},{"@type":"ListItem","position":2,"name":"Jobs"}]},{"@type":"WebSite","@id":"https:\/\/www.barth1873.de\/de\/#website","url":"https:\/\/www.barth1873.de\/de\/","name":"Barth &amp; Co","description":"Holz-und Parketthandel","publisher":{"@id":"https:\/\/www.barth1873.de\/de\/#organization"},"potentialAction":[{"@type":"SearchAction","target":{"@type":"EntryPoint","urlTemplate":"https:\/\/www.barth1873.de\/de\/?s={search_term_string}"},"query-input":{"@type":"PropertyValueSpecification","valueRequired":true,"valueName":"search_term_string"}}],"inLanguage":"de"},{"@type":"Organization","@id":"https:\/\/www.barth1873.de\/de\/#organization","name":"Barth & Co","url":"https:\/\/www.barth1873.de\/de\/","logo":{"@type":"ImageObject","inLanguage":"de","@id":"https:\/\/www.barth1873.de\/de\/#\/schema\/logo\/image\/","url":"https:\/\/www.barth1873.de\/wp-content\/uploads\/2020\/04\/logo_barth210.png","contentUrl":"https:\/\/www.barth1873.de\/wp-content\/uploads\/2020\/04\/logo_barth210.png","width":210,"height":53,"caption":"Barth & Co"},"image":{"@id":"https:\/\/www.barth1873.de\/de\/#\/schema\/logo\/image\/"}}]}},"_links":{"self":[{"href":"https:\/\/www.barth1873.de\/de\/wp-json\/wp\/v2\/pages\/3284","targetHints":{"allow":["GET"]}}],"collection":[{"href":"https:\/\/www.barth1873.de\/de\/wp-json\/wp\/v2\/pages"}],"about":[{"href":"https:\/\/www.barth1873.de\/de\/wp-json\/wp\/v2\/types\/page"}],"author":[{"embeddable":true,"href":"https:\/\/www.barth1873.de\/de\/wp-json\/wp\/v2\/users\/1"}],"replies":[{"embeddable":true,"href":"https:\/\/www.barth1873.de\/de\/wp-json\/wp\/v2\/comments?post=3284"}],"version-history":[{"count":0,"href":"https:\/\/www.barth1873.de\/de\/wp-json\/wp\/v2\/pages\/3284\/revisions"}],"wp:attachment":[{"href":"https:\/\/www.barth1873.de\/de\/wp-json\/wp\/v2\/media?parent=3284"}],"curies":[{"name":"wp","href":"https:\/\/api.w.org\/{rel}","templated":true}]}}