{"id":22202,"date":"2026-04-28T14:35:00","date_gmt":"2026-04-28T12:35:00","guid":{"rendered":"https:\/\/www.barth1873.de\/?page_id=22202"},"modified":"2026-05-07T09:55:44","modified_gmt":"2026-05-07T07:55:44","slug":"trendgard-thermoholz-downloads","status":"publish","type":"page","link":"https:\/\/www.barth1873.de\/de\/info\/trendgard-thermoholz-downloads.html","title":{"rendered":"TRENDGARD Thermoholz Downloads"},"content":{"rendered":"\n<p>Alle weiterf\u00fchrenden Inhalte zum unseren Thermoholz-Produkten finden Sie hier geb\u00fcndelt zum Download.<\/p>\n\n\n<p class=\"pdf\"><a href=\"https:\/\/www.barth1873.de\/wp-content\/uploads\/2026\/04\/Trendgard_Thermoholz_Montageanleitung.pdf\">TRENDGARD Thermoholz Montageanleitung<\/a><\/p>\n\n<p class=\"pdf\"><a href=\"https:\/\/www.barth1873.de\/wp-content\/uploads\/2026\/05\/TRENDGARD-Thermo-Kiefer-3D-Profile-20x140-26x115-42x90-Datenblatt.pdf\">TRENDGARD Thermo-Kiefer 3D-Profile (20 x 140, 26 x 115 und 42 x 90 mm) Datenblatt<\/a><\/p>\n\n<p class=\"pdf\"><a href=\"https:\/\/www.barth1873.de\/wp-content\/uploads\/2026\/05\/TRENDGARD-Thermo-Kiefer-Doppelrhombus-Profil-26x140-Datenblatt.pdf\">TRENDGARD Thermo-Kiefer Doppelrhombus-Profil (26 x 140 mm) Datenblatt<\/a><\/p>\n\n<p class=\"pdf\"><a href=\"https:\/\/www.barth1873.de\/wp-content\/uploads\/2026\/05\/TRENDGARD-Thermo-Kiefer-Glattkant-Profile-20x140-26x115-Datenblatt.pdf\">TRENDGARD Thermo-Kiefer Glattkant-Profile (20 x 140 und 26 x 115 mm) Datenblatt<\/a><\/p>\n\n<p class=\"pdf\"><a href=\"https:\/\/www.barth1873.de\/wp-content\/uploads\/2026\/05\/TRENDGARD-Thermo-Kiefer-Rhombus-Profil-26x65-mm-Datenblatt.pdf\">TRENDGARD Thermo-Kiefer Rhombusprofil (26 x 65 mm) Datenblatt<\/a><\/p>\n\n\n<figure><\/figure>\n","protected":false},"excerpt":{"rendered":"<p>Alle weiterf\u00fchrenden Inhalte zum unseren Thermoholz-Produkten finden Sie hier geb\u00fcndelt zum Download.<\/p>\n","protected":false},"author":8,"featured_media":22206,"parent":80,"menu_order":0,"comment_status":"closed","ping_status":"closed","template":"","meta":{"footnotes":""},"class_list":["post-22202","page","type-page","status-publish","has-post-thumbnail","hentry"],"yoast_head":"<!-- This site is optimized with the Yoast SEO plugin v27.5 - https:\/\/yoast.com\/product\/yoast-seo-wordpress\/ -->\n<title>Technik - Barth &amp; Co<\/title>\n<meta name=\"description\" content=\"Wir geben Antworten auf Hersteller \u00fcbergreifende Fragestellungen aus der Praxis. Oberfl\u00e4chen bei Terrassendielen, Einflu\u00df von Mikrofaser bei der Pflege von Holzb\u00f6den, wie kann das Raumklima sinnvoll regeln, Reparatur bei Mehrschichtparkett und Designb\u00f6den.\" \/>\n<meta name=\"robots\" content=\"index, follow, max-snippet:-1, max-image-preview:large, max-video-preview:-1\" \/>\n<link rel=\"canonical\" href=\"https:\/\/www.barth1873.de\/de\/info\/trendgard-thermoholz-downloads.html\" \/>\n<meta property=\"og:locale\" content=\"de_DE\" \/>\n<meta property=\"og:type\" content=\"article\" \/>\n<meta property=\"og:title\" content=\"Technik - Barth &amp; Co\" \/>\n<meta property=\"og:description\" content=\"Wir geben Antworten auf Hersteller \u00fcbergreifende Fragestellungen aus der Praxis. Oberfl\u00e4chen bei Terrassendielen, Einflu\u00df von Mikrofaser bei der Pflege von Holzb\u00f6den, wie kann das Raumklima sinnvoll regeln, Reparatur bei Mehrschichtparkett und Designb\u00f6den.\" \/>\n<meta property=\"og:url\" content=\"https:\/\/www.barth1873.de\/de\/info\/trendgard-thermoholz-downloads.html\" \/>\n<meta property=\"og:site_name\" content=\"Barth &amp; Co\" \/>\n<meta property=\"article:modified_time\" content=\"2026-05-07T07:55:44+00:00\" \/>\n<meta property=\"og:image\" content=\"https:\/\/www.barth1873.de\/wp-content\/uploads\/2026\/04\/trendgard-fassaden-thermoholz.jpg\" \/>\n\t<meta property=\"og:image:width\" content=\"980\" \/>\n\t<meta property=\"og:image:height\" content=\"700\" \/>\n\t<meta property=\"og:image:type\" content=\"image\/jpeg\" \/>\n<meta name=\"twitter:card\" content=\"summary_large_image\" \/>\n<meta name=\"twitter:label1\" content=\"Gesch\u00e4tzte Lesezeit\" \/>\n\t<meta name=\"twitter:data1\" content=\"1\u00a0Minute\" \/>\n<script type=\"application\/ld+json\" class=\"yoast-schema-graph\">{\"@context\":\"https:\\\/\\\/schema.org\",\"@graph\":[{\"@type\":\"WebPage\",\"@id\":\"https:\\\/\\\/www.barth1873.de\\\/de\\\/info\\\/trendgard-thermoholz-downloads.html\",\"url\":\"https:\\\/\\\/www.barth1873.de\\\/de\\\/info\\\/trendgard-thermoholz-downloads.html\",\"name\":\"Technik - Barth &amp; Co\",\"isPartOf\":{\"@id\":\"https:\\\/\\\/www.barth1873.de\\\/de\\\/#website\"},\"primaryImageOfPage\":{\"@id\":\"https:\\\/\\\/www.barth1873.de\\\/de\\\/info\\\/trendgard-thermoholz-downloads.html#primaryimage\"},\"image\":{\"@id\":\"https:\\\/\\\/www.barth1873.de\\\/de\\\/info\\\/trendgard-thermoholz-downloads.html#primaryimage\"},\"thumbnailUrl\":\"https:\\\/\\\/www.barth1873.de\\\/wp-content\\\/uploads\\\/2026\\\/04\\\/trendgard-fassaden-thermoholz.jpg\",\"datePublished\":\"2026-04-28T12:35:00+00:00\",\"dateModified\":\"2026-05-07T07:55:44+00:00\",\"description\":\"Wir geben Antworten auf Hersteller \u00fcbergreifende Fragestellungen aus der Praxis. Oberfl\u00e4chen bei Terrassendielen, Einflu\u00df von Mikrofaser bei der Pflege von Holzb\u00f6den, wie kann das Raumklima sinnvoll regeln, Reparatur bei Mehrschichtparkett und Designb\u00f6den.\",\"breadcrumb\":{\"@id\":\"https:\\\/\\\/www.barth1873.de\\\/de\\\/info\\\/trendgard-thermoholz-downloads.html#breadcrumb\"},\"inLanguage\":\"de\",\"potentialAction\":[{\"@type\":\"ReadAction\",\"target\":[\"https:\\\/\\\/www.barth1873.de\\\/de\\\/info\\\/trendgard-thermoholz-downloads.html\"]}]},{\"@type\":\"ImageObject\",\"inLanguage\":\"de\",\"@id\":\"https:\\\/\\\/www.barth1873.de\\\/de\\\/info\\\/trendgard-thermoholz-downloads.html#primaryimage\",\"url\":\"https:\\\/\\\/www.barth1873.de\\\/wp-content\\\/uploads\\\/2026\\\/04\\\/trendgard-fassaden-thermoholz.jpg\",\"contentUrl\":\"https:\\\/\\\/www.barth1873.de\\\/wp-content\\\/uploads\\\/2026\\\/04\\\/trendgard-fassaden-thermoholz.jpg\",\"width\":980,\"height\":700},{\"@type\":\"BreadcrumbList\",\"@id\":\"https:\\\/\\\/www.barth1873.de\\\/de\\\/info\\\/trendgard-thermoholz-downloads.html#breadcrumb\",\"itemListElement\":[{\"@type\":\"ListItem\",\"position\":1,\"name\":\"Startseite\",\"item\":\"https:\\\/\\\/www.barth1873.de\\\/de\"},{\"@type\":\"ListItem\",\"position\":2,\"name\":\"Info\",\"item\":\"https:\\\/\\\/www.barth1873.de\\\/de\\\/info.html\"},{\"@type\":\"ListItem\",\"position\":3,\"name\":\"TRENDGARD Thermoholz Downloads\"}]},{\"@type\":\"WebSite\",\"@id\":\"https:\\\/\\\/www.barth1873.de\\\/de\\\/#website\",\"url\":\"https:\\\/\\\/www.barth1873.de\\\/de\\\/\",\"name\":\"Barth &amp; Co\",\"description\":\"Holz-und Parketthandel\",\"publisher\":{\"@id\":\"https:\\\/\\\/www.barth1873.de\\\/de\\\/#organization\"},\"potentialAction\":[{\"@type\":\"SearchAction\",\"target\":{\"@type\":\"EntryPoint\",\"urlTemplate\":\"https:\\\/\\\/www.barth1873.de\\\/de\\\/?s={search_term_string}\"},\"query-input\":{\"@type\":\"PropertyValueSpecification\",\"valueRequired\":true,\"valueName\":\"search_term_string\"}}],\"inLanguage\":\"de\"},{\"@type\":\"Organization\",\"@id\":\"https:\\\/\\\/www.barth1873.de\\\/de\\\/#organization\",\"name\":\"Barth & Co\",\"url\":\"https:\\\/\\\/www.barth1873.de\\\/de\\\/\",\"logo\":{\"@type\":\"ImageObject\",\"inLanguage\":\"de\",\"@id\":\"https:\\\/\\\/www.barth1873.de\\\/de\\\/#\\\/schema\\\/logo\\\/image\\\/\",\"url\":\"https:\\\/\\\/www.barth1873.de\\\/wp-content\\\/uploads\\\/2020\\\/04\\\/logo_barth210.png\",\"contentUrl\":\"https:\\\/\\\/www.barth1873.de\\\/wp-content\\\/uploads\\\/2020\\\/04\\\/logo_barth210.png\",\"width\":210,\"height\":53,\"caption\":\"Barth & Co\"},\"image\":{\"@id\":\"https:\\\/\\\/www.barth1873.de\\\/de\\\/#\\\/schema\\\/logo\\\/image\\\/\"}}]}<\/script>\n<!-- \/ Yoast SEO plugin. -->","yoast_head_json":{"title":"Technik - Barth &amp; Co","description":"Wir geben Antworten auf Hersteller \u00fcbergreifende Fragestellungen aus der Praxis. Oberfl\u00e4chen bei Terrassendielen, Einflu\u00df von Mikrofaser bei der Pflege von Holzb\u00f6den, wie kann das Raumklima sinnvoll regeln, Reparatur bei Mehrschichtparkett und Designb\u00f6den.","robots":{"index":"index","follow":"follow","max-snippet":"max-snippet:-1","max-image-preview":"max-image-preview:large","max-video-preview":"max-video-preview:-1"},"canonical":"https:\/\/www.barth1873.de\/de\/info\/trendgard-thermoholz-downloads.html","og_locale":"de_DE","og_type":"article","og_title":"Technik - Barth &amp; Co","og_description":"Wir geben Antworten auf Hersteller \u00fcbergreifende Fragestellungen aus der Praxis. Oberfl\u00e4chen bei Terrassendielen, Einflu\u00df von Mikrofaser bei der Pflege von Holzb\u00f6den, wie kann das Raumklima sinnvoll regeln, Reparatur bei Mehrschichtparkett und Designb\u00f6den.","og_url":"https:\/\/www.barth1873.de\/de\/info\/trendgard-thermoholz-downloads.html","og_site_name":"Barth &amp; Co","article_modified_time":"2026-05-07T07:55:44+00:00","og_image":[{"width":980,"height":700,"url":"https:\/\/www.barth1873.de\/wp-content\/uploads\/2026\/04\/trendgard-fassaden-thermoholz.jpg","type":"image\/jpeg"}],"twitter_card":"summary_large_image","twitter_misc":{"Gesch\u00e4tzte Lesezeit":"1\u00a0Minute"},"schema":{"@context":"https:\/\/schema.org","@graph":[{"@type":"WebPage","@id":"https:\/\/www.barth1873.de\/de\/info\/trendgard-thermoholz-downloads.html","url":"https:\/\/www.barth1873.de\/de\/info\/trendgard-thermoholz-downloads.html","name":"Technik - Barth &amp; Co","isPartOf":{"@id":"https:\/\/www.barth1873.de\/de\/#website"},"primaryImageOfPage":{"@id":"https:\/\/www.barth1873.de\/de\/info\/trendgard-thermoholz-downloads.html#primaryimage"},"image":{"@id":"https:\/\/www.barth1873.de\/de\/info\/trendgard-thermoholz-downloads.html#primaryimage"},"thumbnailUrl":"https:\/\/www.barth1873.de\/wp-content\/uploads\/2026\/04\/trendgard-fassaden-thermoholz.jpg","datePublished":"2026-04-28T12:35:00+00:00","dateModified":"2026-05-07T07:55:44+00:00","description":"Wir geben Antworten auf Hersteller \u00fcbergreifende Fragestellungen aus der Praxis. Oberfl\u00e4chen bei Terrassendielen, Einflu\u00df von Mikrofaser bei der Pflege von Holzb\u00f6den, wie kann das Raumklima sinnvoll regeln, Reparatur bei Mehrschichtparkett und Designb\u00f6den.","breadcrumb":{"@id":"https:\/\/www.barth1873.de\/de\/info\/trendgard-thermoholz-downloads.html#breadcrumb"},"inLanguage":"de","potentialAction":[{"@type":"ReadAction","target":["https:\/\/www.barth1873.de\/de\/info\/trendgard-thermoholz-downloads.html"]}]},{"@type":"ImageObject","inLanguage":"de","@id":"https:\/\/www.barth1873.de\/de\/info\/trendgard-thermoholz-downloads.html#primaryimage","url":"https:\/\/www.barth1873.de\/wp-content\/uploads\/2026\/04\/trendgard-fassaden-thermoholz.jpg","contentUrl":"https:\/\/www.barth1873.de\/wp-content\/uploads\/2026\/04\/trendgard-fassaden-thermoholz.jpg","width":980,"height":700},{"@type":"BreadcrumbList","@id":"https:\/\/www.barth1873.de\/de\/info\/trendgard-thermoholz-downloads.html#breadcrumb","itemListElement":[{"@type":"ListItem","position":1,"name":"Startseite","item":"https:\/\/www.barth1873.de\/de"},{"@type":"ListItem","position":2,"name":"Info","item":"https:\/\/www.barth1873.de\/de\/info.html"},{"@type":"ListItem","position":3,"name":"TRENDGARD Thermoholz Downloads"}]},{"@type":"WebSite","@id":"https:\/\/www.barth1873.de\/de\/#website","url":"https:\/\/www.barth1873.de\/de\/","name":"Barth &amp; Co","description":"Holz-und Parketthandel","publisher":{"@id":"https:\/\/www.barth1873.de\/de\/#organization"},"potentialAction":[{"@type":"SearchAction","target":{"@type":"EntryPoint","urlTemplate":"https:\/\/www.barth1873.de\/de\/?s={search_term_string}"},"query-input":{"@type":"PropertyValueSpecification","valueRequired":true,"valueName":"search_term_string"}}],"inLanguage":"de"},{"@type":"Organization","@id":"https:\/\/www.barth1873.de\/de\/#organization","name":"Barth & Co","url":"https:\/\/www.barth1873.de\/de\/","logo":{"@type":"ImageObject","inLanguage":"de","@id":"https:\/\/www.barth1873.de\/de\/#\/schema\/logo\/image\/","url":"https:\/\/www.barth1873.de\/wp-content\/uploads\/2020\/04\/logo_barth210.png","contentUrl":"https:\/\/www.barth1873.de\/wp-content\/uploads\/2020\/04\/logo_barth210.png","width":210,"height":53,"caption":"Barth & Co"},"image":{"@id":"https:\/\/www.barth1873.de\/de\/#\/schema\/logo\/image\/"}}]}},"_links":{"self":[{"href":"https:\/\/www.barth1873.de\/de\/wp-json\/wp\/v2\/pages\/22202","targetHints":{"allow":["GET"]}}],"collection":[{"href":"https:\/\/www.barth1873.de\/de\/wp-json\/wp\/v2\/pages"}],"about":[{"href":"https:\/\/www.barth1873.de\/de\/wp-json\/wp\/v2\/types\/page"}],"author":[{"embeddable":true,"href":"https:\/\/www.barth1873.de\/de\/wp-json\/wp\/v2\/users\/8"}],"replies":[{"embeddable":true,"href":"https:\/\/www.barth1873.de\/de\/wp-json\/wp\/v2\/comments?post=22202"}],"version-history":[{"count":2,"href":"https:\/\/www.barth1873.de\/de\/wp-json\/wp\/v2\/pages\/22202\/revisions"}],"predecessor-version":[{"id":22772,"href":"https:\/\/www.barth1873.de\/de\/wp-json\/wp\/v2\/pages\/22202\/revisions\/22772"}],"up":[{"embeddable":true,"href":"https:\/\/www.barth1873.de\/de\/wp-json\/wp\/v2\/pages\/80"}],"wp:featuredmedia":[{"embeddable":true,"href":"https:\/\/www.barth1873.de\/de\/wp-json\/wp\/v2\/media\/22206"}],"wp:attachment":[{"href":"https:\/\/www.barth1873.de\/de\/wp-json\/wp\/v2\/media?parent=22202"}],"curies":[{"name":"wp","href":"https:\/\/api.w.org\/{rel}","templated":true}]}}