{"id":115,"date":"2020-04-23T15:16:04","date_gmt":"2020-04-23T13:16:04","guid":{"rendered":"https:\/\/www.barth1873.de\/?page_id=115"},"modified":"2024-03-18T15:22:23","modified_gmt":"2024-03-18T14:22:23","slug":"technik","status":"publish","type":"page","link":"https:\/\/www.barth1873.de\/de\/technik.html","title":{"rendered":"Technik &#8230;"},"content":{"rendered":"\n<p>An dieser Stelle geben wir Antworten auf&nbsp;h\u00e4ufig gestellte Fragen. Die&nbsp;Angaben sind unverbindlich, nach unserem besten Wissen und entsprechen dem aktuellen Stand der Technik. <\/p>\n\n\n<p class=\"pdf\"><a href=\"https:\/\/www.barth1873.de\/wp-content\/uploads\/2020\/05\/System49.pdf\">System49 Montagesystem f\u00fcr WPC<\/a><\/p>\n\n<p class=\"pdf\"><a href=\"https:\/\/www.barth1873.de\/wp-content\/uploads\/2020\/05\/Terrassenbau.pdf\">Terrassenbau mit Surinamholz<\/a><\/p>\n\n<p class=\"pdf\"><a href=\"https:\/\/www.barth1873.de\/wp-content\/uploads\/2024\/03\/Hinweise-Fassaden.pdf\">Hinweise Fassaden<\/a><\/p>\n\n<p class=\"pdf\"><a href=\"https:\/\/www.barth1873.de\/wp-content\/uploads\/2020\/05\/Technik-Kleberauftrag-im-Vergleich-TKB-PXP.pdf\">Zahnspachtel vs. Parkett-X-Press<\/a><\/p>\n\n<p class=\"pdf\"><a href=\"https:\/\/www.barth1873.de\/wp-content\/uploads\/2020\/05\/Geriffelt-oder-Glatt.pdf\">Terrassendielen &#8211; glatt oder geriffelt ?<\/a><\/p>\n\n<p class=\"pdf\"><a href=\"https:\/\/www.barth1873.de\/wp-content\/uploads\/2024\/03\/Raumklima-und-Luftbefeuchtung.pdf\">Raumklima + richtige Luftbefeuchtung<\/a><\/p>\n\n<p class=\"pdf\"><a href=\"https:\/\/www.barth1873.de\/wp-content\/uploads\/2020\/05\/Technik_Mikrofaser_fuer-Holzboeden.pdf\">Mikrofaser f\u00fcr Holzb\u00f6den ?<\/a><\/p>\n\n<p class=\"pdf\"><a href=\"https:\/\/www.barth1873.de\/wp-content\/uploads\/2020\/05\/Decklagentausch.pdf\">Lamelle bei Mehrschichtparkett tauschen<\/a><\/p>\n\n<p class=\"pdf\"><a href=\"https:\/\/www.barth1873.de\/wp-content\/uploads\/2020\/05\/Lamelle_befestigen.pdf\">Lose Deckschicht befestigen<\/a><\/p>\n\n<p class=\"pdf\"><a href=\"https:\/\/www.barth1873.de\/wp-content\/uploads\/2020\/05\/LVT_Element_tauschen_small.pdf\">Design Vinyl Element tauschen<\/a><\/p>\n\n<p class=\"pdf\"><a href=\"https:\/\/www.barth1873.de\/wp-content\/uploads\/2020\/05\/Dielentausch.pdf\">Eine 3-Schicht Diele komplett tauschen<\/a><\/p>\n\n<p class=\"pdf\"><a href=\"https:\/\/www.barth1873.de\/wp-content\/uploads\/2020\/05\/Verlege-und-Pflegeanweisung-3-Schicht-Parkett.pdf\">Verlege- und Pflegeanweisung Fertigparkett<\/a><\/p>\n\n<p class=\"pdf\"><a href=\"https:\/\/www.barth1873.de\/wp-content\/uploads\/2022\/09\/Technik-Parkett-auf-Heizestrich-im-Kuehlbetrieb2020.pdf\">Parkett auf Heizestrich im K\u00fchlbetrieb<\/a><\/p>\n\n<p class=\"pdf\"><a href=\"https:\/\/www.barth1873.de\/wp-content\/uploads\/2024\/03\/Technik-Parkett-und-elektrische-Fussbodenheizung.pdf\">Parkett und elektrische Fu\u00dfbodenheizung<\/a><\/p>\n\n\n<h2 class=\"wp-block-heading\">Feedback ?<\/h2>\n\n\n\n<p>Wir freuen uns \u00fcber Anregungen und Ihre konstruktiven Hinweise zu diesen Informationen.<\/p>\n","protected":false},"excerpt":{"rendered":"<p>An dieser Stelle geben wir Antworten auf&nbsp;h\u00e4ufig gestellte Fragen. Die&nbsp;Angaben sind unverbindlich, nach unserem besten Wissen und entsprechen dem aktuellen Stand der Technik. Feedback ? Wir freuen uns \u00fcber Anregungen und Ihre konstruktiven Hinweise zu diesen Informationen.<\/p>\n","protected":false},"author":1,"featured_media":564,"parent":80,"menu_order":0,"comment_status":"closed","ping_status":"closed","template":"","meta":{"footnotes":""},"class_list":["post-115","page","type-page","status-publish","has-post-thumbnail","hentry"],"yoast_head":"<!-- This site is optimized with the Yoast SEO plugin v27.4 - https:\/\/yoast.com\/product\/yoast-seo-wordpress\/ -->\n<title>Technik - Barth &amp; Co<\/title>\n<meta name=\"description\" content=\"Wir geben Antworten auf Hersteller \u00fcbergreifende Fragestellungen aus der Praxis. Oberfl\u00e4chen bei Terrassendielen, Einflu\u00df von Mikrofaser bei der Pflege von Holzb\u00f6den, wie kann das Raumklima sinnvoll regeln, Reparatur bei Mehrschichtparkett und Designb\u00f6den.\" \/>\n<meta name=\"robots\" content=\"index, follow, max-snippet:-1, max-image-preview:large, max-video-preview:-1\" \/>\n<link rel=\"canonical\" href=\"https:\/\/www.barth1873.de\/de\/technik.html\" \/>\n<meta property=\"og:locale\" content=\"de_DE\" \/>\n<meta property=\"og:type\" content=\"article\" \/>\n<meta property=\"og:title\" content=\"Technik - Barth &amp; Co\" \/>\n<meta property=\"og:description\" content=\"Wir geben Antworten auf Hersteller \u00fcbergreifende Fragestellungen aus der Praxis. Oberfl\u00e4chen bei Terrassendielen, Einflu\u00df von Mikrofaser bei der Pflege von Holzb\u00f6den, wie kann das Raumklima sinnvoll regeln, Reparatur bei Mehrschichtparkett und Designb\u00f6den.\" \/>\n<meta property=\"og:url\" content=\"https:\/\/www.barth1873.de\/de\/technik.html\" \/>\n<meta property=\"og:site_name\" content=\"Barth &amp; Co\" \/>\n<meta property=\"article:modified_time\" content=\"2024-03-18T14:22:23+00:00\" \/>\n<meta property=\"og:image\" content=\"https:\/\/www.barth1873.de\/wp-content\/uploads\/2020\/05\/technik.jpg\" \/>\n\t<meta property=\"og:image:width\" content=\"980\" \/>\n\t<meta property=\"og:image:height\" content=\"700\" \/>\n\t<meta property=\"og:image:type\" content=\"image\/jpeg\" \/>\n<meta name=\"twitter:card\" content=\"summary_large_image\" \/>\n<meta name=\"twitter:label1\" content=\"Gesch\u00e4tzte Lesezeit\" \/>\n\t<meta name=\"twitter:data1\" content=\"1\u00a0Minute\" \/>\n<script type=\"application\/ld+json\" class=\"yoast-schema-graph\">{\"@context\":\"https:\\\/\\\/schema.org\",\"@graph\":[{\"@type\":\"WebPage\",\"@id\":\"https:\\\/\\\/www.barth1873.de\\\/de\\\/technik.html\",\"url\":\"https:\\\/\\\/www.barth1873.de\\\/de\\\/technik.html\",\"name\":\"Technik - Barth &amp; Co\",\"isPartOf\":{\"@id\":\"https:\\\/\\\/www.barth1873.de\\\/de\\\/#website\"},\"primaryImageOfPage\":{\"@id\":\"https:\\\/\\\/www.barth1873.de\\\/de\\\/technik.html#primaryimage\"},\"image\":{\"@id\":\"https:\\\/\\\/www.barth1873.de\\\/de\\\/technik.html#primaryimage\"},\"thumbnailUrl\":\"https:\\\/\\\/www.barth1873.de\\\/wp-content\\\/uploads\\\/2020\\\/05\\\/technik.jpg\",\"datePublished\":\"2020-04-23T13:16:04+00:00\",\"dateModified\":\"2024-03-18T14:22:23+00:00\",\"description\":\"Wir geben Antworten auf Hersteller \u00fcbergreifende Fragestellungen aus der Praxis. Oberfl\u00e4chen bei Terrassendielen, Einflu\u00df von Mikrofaser bei der Pflege von Holzb\u00f6den, wie kann das Raumklima sinnvoll regeln, Reparatur bei Mehrschichtparkett und Designb\u00f6den.\",\"breadcrumb\":{\"@id\":\"https:\\\/\\\/www.barth1873.de\\\/de\\\/technik.html#breadcrumb\"},\"inLanguage\":\"de\",\"potentialAction\":[{\"@type\":\"ReadAction\",\"target\":[\"https:\\\/\\\/www.barth1873.de\\\/de\\\/technik.html\"]}]},{\"@type\":\"ImageObject\",\"inLanguage\":\"de\",\"@id\":\"https:\\\/\\\/www.barth1873.de\\\/de\\\/technik.html#primaryimage\",\"url\":\"https:\\\/\\\/www.barth1873.de\\\/wp-content\\\/uploads\\\/2020\\\/05\\\/technik.jpg\",\"contentUrl\":\"https:\\\/\\\/www.barth1873.de\\\/wp-content\\\/uploads\\\/2020\\\/05\\\/technik.jpg\",\"width\":980,\"height\":700,\"caption\":\"Technik\"},{\"@type\":\"BreadcrumbList\",\"@id\":\"https:\\\/\\\/www.barth1873.de\\\/de\\\/technik.html#breadcrumb\",\"itemListElement\":[{\"@type\":\"ListItem\",\"position\":1,\"name\":\"Startseite\",\"item\":\"https:\\\/\\\/www.barth1873.de\\\/de\"},{\"@type\":\"ListItem\",\"position\":2,\"name\":\"Info\",\"item\":\"https:\\\/\\\/www.barth1873.de\\\/de\\\/info.html\"},{\"@type\":\"ListItem\",\"position\":3,\"name\":\"Technik &#8230;\"}]},{\"@type\":\"WebSite\",\"@id\":\"https:\\\/\\\/www.barth1873.de\\\/de\\\/#website\",\"url\":\"https:\\\/\\\/www.barth1873.de\\\/de\\\/\",\"name\":\"Barth &amp; Co\",\"description\":\"Holz-und Parketthandel\",\"publisher\":{\"@id\":\"https:\\\/\\\/www.barth1873.de\\\/de\\\/#organization\"},\"potentialAction\":[{\"@type\":\"SearchAction\",\"target\":{\"@type\":\"EntryPoint\",\"urlTemplate\":\"https:\\\/\\\/www.barth1873.de\\\/de\\\/?s={search_term_string}\"},\"query-input\":{\"@type\":\"PropertyValueSpecification\",\"valueRequired\":true,\"valueName\":\"search_term_string\"}}],\"inLanguage\":\"de\"},{\"@type\":\"Organization\",\"@id\":\"https:\\\/\\\/www.barth1873.de\\\/de\\\/#organization\",\"name\":\"Barth & Co\",\"url\":\"https:\\\/\\\/www.barth1873.de\\\/de\\\/\",\"logo\":{\"@type\":\"ImageObject\",\"inLanguage\":\"de\",\"@id\":\"https:\\\/\\\/www.barth1873.de\\\/de\\\/#\\\/schema\\\/logo\\\/image\\\/\",\"url\":\"https:\\\/\\\/www.barth1873.de\\\/wp-content\\\/uploads\\\/2020\\\/04\\\/logo_barth210.png\",\"contentUrl\":\"https:\\\/\\\/www.barth1873.de\\\/wp-content\\\/uploads\\\/2020\\\/04\\\/logo_barth210.png\",\"width\":210,\"height\":53,\"caption\":\"Barth & Co\"},\"image\":{\"@id\":\"https:\\\/\\\/www.barth1873.de\\\/de\\\/#\\\/schema\\\/logo\\\/image\\\/\"}}]}<\/script>\n<!-- \/ Yoast SEO plugin. -->","yoast_head_json":{"title":"Technik - Barth &amp; Co","description":"Wir geben Antworten auf Hersteller \u00fcbergreifende Fragestellungen aus der Praxis. Oberfl\u00e4chen bei Terrassendielen, Einflu\u00df von Mikrofaser bei der Pflege von Holzb\u00f6den, wie kann das Raumklima sinnvoll regeln, Reparatur bei Mehrschichtparkett und Designb\u00f6den.","robots":{"index":"index","follow":"follow","max-snippet":"max-snippet:-1","max-image-preview":"max-image-preview:large","max-video-preview":"max-video-preview:-1"},"canonical":"https:\/\/www.barth1873.de\/de\/technik.html","og_locale":"de_DE","og_type":"article","og_title":"Technik - Barth &amp; Co","og_description":"Wir geben Antworten auf Hersteller \u00fcbergreifende Fragestellungen aus der Praxis. Oberfl\u00e4chen bei Terrassendielen, Einflu\u00df von Mikrofaser bei der Pflege von Holzb\u00f6den, wie kann das Raumklima sinnvoll regeln, Reparatur bei Mehrschichtparkett und Designb\u00f6den.","og_url":"https:\/\/www.barth1873.de\/de\/technik.html","og_site_name":"Barth &amp; Co","article_modified_time":"2024-03-18T14:22:23+00:00","og_image":[{"width":980,"height":700,"url":"https:\/\/www.barth1873.de\/wp-content\/uploads\/2020\/05\/technik.jpg","type":"image\/jpeg"}],"twitter_card":"summary_large_image","twitter_misc":{"Gesch\u00e4tzte Lesezeit":"1\u00a0Minute"},"schema":{"@context":"https:\/\/schema.org","@graph":[{"@type":"WebPage","@id":"https:\/\/www.barth1873.de\/de\/technik.html","url":"https:\/\/www.barth1873.de\/de\/technik.html","name":"Technik - Barth &amp; Co","isPartOf":{"@id":"https:\/\/www.barth1873.de\/de\/#website"},"primaryImageOfPage":{"@id":"https:\/\/www.barth1873.de\/de\/technik.html#primaryimage"},"image":{"@id":"https:\/\/www.barth1873.de\/de\/technik.html#primaryimage"},"thumbnailUrl":"https:\/\/www.barth1873.de\/wp-content\/uploads\/2020\/05\/technik.jpg","datePublished":"2020-04-23T13:16:04+00:00","dateModified":"2024-03-18T14:22:23+00:00","description":"Wir geben Antworten auf Hersteller \u00fcbergreifende Fragestellungen aus der Praxis. Oberfl\u00e4chen bei Terrassendielen, Einflu\u00df von Mikrofaser bei der Pflege von Holzb\u00f6den, wie kann das Raumklima sinnvoll regeln, Reparatur bei Mehrschichtparkett und Designb\u00f6den.","breadcrumb":{"@id":"https:\/\/www.barth1873.de\/de\/technik.html#breadcrumb"},"inLanguage":"de","potentialAction":[{"@type":"ReadAction","target":["https:\/\/www.barth1873.de\/de\/technik.html"]}]},{"@type":"ImageObject","inLanguage":"de","@id":"https:\/\/www.barth1873.de\/de\/technik.html#primaryimage","url":"https:\/\/www.barth1873.de\/wp-content\/uploads\/2020\/05\/technik.jpg","contentUrl":"https:\/\/www.barth1873.de\/wp-content\/uploads\/2020\/05\/technik.jpg","width":980,"height":700,"caption":"Technik"},{"@type":"BreadcrumbList","@id":"https:\/\/www.barth1873.de\/de\/technik.html#breadcrumb","itemListElement":[{"@type":"ListItem","position":1,"name":"Startseite","item":"https:\/\/www.barth1873.de\/de"},{"@type":"ListItem","position":2,"name":"Info","item":"https:\/\/www.barth1873.de\/de\/info.html"},{"@type":"ListItem","position":3,"name":"Technik &#8230;"}]},{"@type":"WebSite","@id":"https:\/\/www.barth1873.de\/de\/#website","url":"https:\/\/www.barth1873.de\/de\/","name":"Barth &amp; Co","description":"Holz-und Parketthandel","publisher":{"@id":"https:\/\/www.barth1873.de\/de\/#organization"},"potentialAction":[{"@type":"SearchAction","target":{"@type":"EntryPoint","urlTemplate":"https:\/\/www.barth1873.de\/de\/?s={search_term_string}"},"query-input":{"@type":"PropertyValueSpecification","valueRequired":true,"valueName":"search_term_string"}}],"inLanguage":"de"},{"@type":"Organization","@id":"https:\/\/www.barth1873.de\/de\/#organization","name":"Barth & Co","url":"https:\/\/www.barth1873.de\/de\/","logo":{"@type":"ImageObject","inLanguage":"de","@id":"https:\/\/www.barth1873.de\/de\/#\/schema\/logo\/image\/","url":"https:\/\/www.barth1873.de\/wp-content\/uploads\/2020\/04\/logo_barth210.png","contentUrl":"https:\/\/www.barth1873.de\/wp-content\/uploads\/2020\/04\/logo_barth210.png","width":210,"height":53,"caption":"Barth & Co"},"image":{"@id":"https:\/\/www.barth1873.de\/de\/#\/schema\/logo\/image\/"}}]}},"_links":{"self":[{"href":"https:\/\/www.barth1873.de\/de\/wp-json\/wp\/v2\/pages\/115","targetHints":{"allow":["GET"]}}],"collection":[{"href":"https:\/\/www.barth1873.de\/de\/wp-json\/wp\/v2\/pages"}],"about":[{"href":"https:\/\/www.barth1873.de\/de\/wp-json\/wp\/v2\/types\/page"}],"author":[{"embeddable":true,"href":"https:\/\/www.barth1873.de\/de\/wp-json\/wp\/v2\/users\/1"}],"replies":[{"embeddable":true,"href":"https:\/\/www.barth1873.de\/de\/wp-json\/wp\/v2\/comments?post=115"}],"version-history":[{"count":3,"href":"https:\/\/www.barth1873.de\/de\/wp-json\/wp\/v2\/pages\/115\/revisions"}],"predecessor-version":[{"id":10315,"href":"https:\/\/www.barth1873.de\/de\/wp-json\/wp\/v2\/pages\/115\/revisions\/10315"}],"up":[{"embeddable":true,"href":"https:\/\/www.barth1873.de\/de\/wp-json\/wp\/v2\/pages\/80"}],"wp:featuredmedia":[{"embeddable":true,"href":"https:\/\/www.barth1873.de\/de\/wp-json\/wp\/v2\/media\/564"}],"wp:attachment":[{"href":"https:\/\/www.barth1873.de\/de\/wp-json\/wp\/v2\/media?parent=115"}],"curies":[{"name":"wp","href":"https:\/\/api.w.org\/{rel}","templated":true}]}}