{"id":10846,"date":"2024-06-26T10:46:32","date_gmt":"2024-06-26T08:46:32","guid":{"rendered":"https:\/\/www.barth1873.de\/?page_id=10846"},"modified":"2025-06-18T16:09:36","modified_gmt":"2025-06-18T14:09:36","slug":"zur-weiteren-verstaerkung-unseres-teams-im-innendienst-suchen-wir-zum-naechstmoeglichen-zeitpunkt-fuer-unsere-zentrale-in-korschenbroich-industrie-gross-und-aussenhandelskaufmann-fuer-die-unterstu","status":"publish","type":"page","link":"https:\/\/www.barth1873.de\/de\/zur-weiteren-verstaerkung-unseres-teams-im-innendienst-suchen-wir-zum-naechstmoeglichen-zeitpunkt-fuer-unsere-zentrale-in-korschenbroich-industrie-gross-und-aussenhandelskaufmann-fuer-die-unterstu.html","title":{"rendered":"Unterst\u00fctzung des EUDR Compliance Manager (w\/m\/d) in Vollzeit"},"content":{"rendered":"\n<figure class=\"wp-block-image size-full\"><img loading=\"lazy\" decoding=\"async\" width=\"980\" height=\"322\" src=\"https:\/\/www.barth1873.de\/wp-content\/uploads\/2024\/06\/Header-EUDR-fuer-Website-Anzeige.jpg\" alt=\"\" class=\"wp-image-10850\" style=\"object-fit:cover\" srcset=\"https:\/\/www.barth1873.de\/wp-content\/uploads\/2024\/06\/Header-EUDR-fuer-Website-Anzeige.jpg 980w, https:\/\/www.barth1873.de\/wp-content\/uploads\/2024\/06\/Header-EUDR-fuer-Website-Anzeige-300x99.jpg 300w, https:\/\/www.barth1873.de\/wp-content\/uploads\/2024\/06\/Header-EUDR-fuer-Website-Anzeige-768x252.jpg 768w\" sizes=\"auto, (max-width: 980px) 100vw, 980px\" \/><\/figure>\n\n\n\n<p class=\"has-text-color\" style=\"color:#000000\">Zur weiteren Verst\u00e4rkung unseres Teams im Innendienst suchen wir zum n\u00e4chstm\u00f6glichen Zeitpunkt f\u00fcr unsere Zentrale in Korschenbroich: <\/p>\n\n\n\n<h1 class=\"wp-block-heading\" style=\"padding-top:var(--wp--preset--spacing--40);padding-bottom:var(--wp--preset--spacing--40)\">Industrie-\/ Gro\u00df- und Au\u00dfenhandelskaufmann<br>f\u00fcr die Unterst\u00fctzung des EUDR Compliance Manager<sub> (w\/m\/d) in Vollzeit<\/sub><\/h1>\n\n\n\n<div class=\"wp-block-group has-text-color has-background\" style=\"color:#000000;background-color:#f1ede7;padding-top:var(--wp--preset--spacing--40);padding-right:var(--wp--preset--spacing--40);padding-bottom:var(--wp--preset--spacing--20);padding-left:var(--wp--preset--spacing--40)\"><div class=\"wp-block-group__inner-container is-layout-constrained wp-container-core-group-is-layout-11db30c6 wp-block-group-is-layout-constrained\">\n<div class=\"wp-block-columns is-layout-flex wp-container-core-columns-is-layout-28f84493 wp-block-columns-is-layout-flex\">\n<div class=\"wp-block-column is-layout-flow wp-block-column-is-layout-flow\">\n<h2 class=\"wp-block-heading\">Deine Hauptaufgaben<\/h2>\n\n\n\n<ul class=\"wp-block-list\">\n<li>Mitarbeit bei der Umsetzung von Anforderungen der EU-Handelsverordnung (EUDR)<\/li>\n\n\n\n<li>Datenmanagement in Zusammenarbeit mit unseren Lieferanten um die Einhaltung der EUDR sicher zu stellen<\/li>\n\n\n\n<li>Unterst\u00fctzung bei der Durchf\u00fchrung von Risikopr\u00fcfungen und Risikominderungsmassnahmen in der Lieferkette<\/li>\n\n\n\n<li>Aufbereiten von Daten f\u00fcr die Weitergabe an Kunden<\/li>\n\n\n\n<li>Ansprechpartner\/in f\u00fcr Nachhaltigkeitsnachweise und Vorbereitung externer Umweltzertifizierungs-Audits<\/li>\n\n\n\n<li>Flexibles Anpassen an neue Aufgaben und Anforderungen, die \u00fcber standardm\u00e4\u00dfige Arbeiten hinausgehen<\/li>\n\n\n\n<li>Mitarbeit in Vertriebsorientierten Aufgaben<\/li>\n<\/ul>\n<\/div>\n\n\n\n<div class=\"wp-block-column is-layout-flow wp-block-column-is-layout-flow\">\n<h2 class=\"wp-block-heading\">Was Du mitbringen solltest<\/h2>\n\n\n\n<ul class=\"wp-block-list\">\n<li>abgeschlossene kaufm\u00e4nnische Ausbildung, idealerweise als Industrie- \/ Gro\u00df- und Au\u00dfenhandelskaufmann<\/li>\n\n\n\n<li>Berufserfahrung erw\u00fcnscht, idealerweise in der Holzbranche<\/li>\n\n\n\n<li>Englisch in Wort und Schrift<\/li>\n\n\n\n<li>Sorgfalt, Zuverl\u00e4ssigkeit und analytisches Denkverm\u00f6gen bei komplexen Zusammenh\u00e4ngen<\/li>\n\n\n\n<li>Flexibilit\u00e4t und die Bereitschaft, sich in neue Aufgabenbereiche einzuarbeiten<\/li>\n\n\n\n<li>Teamf\u00e4higkeit und Kommunikationsst\u00e4rke, um effektiv mit Lieferanten und relevanten Abteilungen zusammenzuarbeiten<\/li>\n\n\n\n<li>Abk\u00fcrzungen wie EUTR, EUDR, FSC und PEFC sind f\u00fcr Sie keine Fremdw\u00f6rter<\/li>\n<\/ul>\n<\/div>\n<\/div>\n<\/div><\/div>\n\n\n\n<div style=\"height:30px\" aria-hidden=\"true\" class=\"wp-block-spacer\"><\/div>\n\n\n\n<div class=\"wp-block-group has-text-color has-background\" style=\"color:#ffffff;background-color:#4b2a00;padding-top:var(--wp--preset--spacing--40);padding-right:var(--wp--preset--spacing--40);padding-bottom:var(--wp--preset--spacing--20);padding-left:var(--wp--preset--spacing--40)\"><div class=\"wp-block-group__inner-container is-layout-constrained wp-container-core-group-is-layout-11db30c6 wp-block-group-is-layout-constrained\">\n<h2 class=\"wp-block-heading\">Auf das kannst Du Dich freuen<\/h2>\n\n\n\n<div class=\"wp-block-columns is-layout-flex wp-container-core-columns-is-layout-28f84493 wp-block-columns-is-layout-flex\">\n<div class=\"wp-block-column is-layout-flow wp-block-column-is-layout-flow\">\n<ul class=\"wp-block-list\">\n<li>Entfaltungsm\u00f6glichkeit bei der Umsetzung neuer Ideen<\/li>\n\n\n\n<li>M\u00f6glichkeit zur Erweiterung der Aufgaben in Richtung Vertrieb<\/li>\n\n\n\n<li>Leistungsgerechtes Einkommen<\/li>\n\n\n\n<li>Sonderzahlungen wie Urlaubs- und Weihnachtsgeld<\/li>\n<\/ul>\n<\/div>\n\n\n\n<div class=\"wp-block-column is-layout-flow wp-block-column-is-layout-flow\">\n<ul class=\"wp-block-list\">\n<li>Offene Unternehmenskultur mit flachen Hierarchien<\/li>\n\n\n\n<li>Option auf Homeoffice<\/li>\n\n\n\n<li>Verg\u00fcnstigungen bei Unternehmensprodukten f\u00fcr Mitarbeiter<\/li>\n\n\n\n<li>verk\u00fcrzte Freitagsarbeitszeit bis 14:00 Uhr<\/li>\n<\/ul>\n<\/div>\n<\/div>\n<\/div><\/div>\n\n\n\n<div style=\"height:30px\" aria-hidden=\"true\" class=\"wp-block-spacer\"><\/div>\n\n\n\n<div class=\"wp-block-group has-text-color has-background\" style=\"color:#ffffff;background-color:#9b9183;padding-top:var(--wp--preset--spacing--40);padding-right:var(--wp--preset--spacing--40);padding-bottom:var(--wp--preset--spacing--40);padding-left:var(--wp--preset--spacing--40)\"><div class=\"wp-block-group__inner-container is-layout-constrained wp-container-core-group-is-layout-a666d811 wp-block-group-is-layout-constrained\">\n<h2 class=\"wp-block-heading has-text-color\" style=\"color:#ffffff\"><strong>Zur vollst\u00e4ndigen Stellenbeschreibung:<\/strong><\/h2>\n\n\n<p class=\"pdf\"><a href=\"https:\/\/www.barth1873.de\/wp-content\/uploads\/2024\/06\/2024_barth_stellenangebot-EUDR-Compliance-Manager.pdf\">Industrie-\/ Gro\u00df- und Au\u00dfenhandelskaufmann\/Frau f\u00fcr die Unterst\u00fctzung des Compliance Manager (w\/m\/d) in Vollzeit<\/a><\/p><\/div><\/div>\n\n\n\n<div style=\"height:30px\" aria-hidden=\"true\" class=\"wp-block-spacer\"><\/div>\n\n\n\n<div class=\"wp-block-columns is-layout-flex wp-container-core-columns-is-layout-28f84493 wp-block-columns-is-layout-flex\">\n<div class=\"wp-block-column is-layout-flow wp-block-column-is-layout-flow\">\n<h2 class=\"wp-block-heading\"><strong>Jetzt bewerben:<\/strong><\/h2>\n\n\n\n<div class=\"wp-block-group has-text-color\" style=\"color:#000000\"><div class=\"wp-block-group__inner-container is-layout-constrained wp-block-group-is-layout-constrained\">\n<div class=\"wp-block-contact-form-7-contact-form-selector\">\n<div class=\"wpcf7 no-js\" id=\"wpcf7-f6916-o1\" lang=\"de-DE\" dir=\"ltr\" data-wpcf7-id=\"6916\">\n<div class=\"screen-reader-response\"><p role=\"status\" aria-live=\"polite\" aria-atomic=\"true\"><\/p> <ul><\/ul><\/div>\n<form action=\"\/de\/wp-json\/wp\/v2\/pages\/10846#wpcf7-f6916-o1\" method=\"post\" class=\"wpcf7-form init\" aria-label=\"Kontaktformular\" enctype=\"multipart\/form-data\" novalidate=\"novalidate\" data-status=\"init\">\n<fieldset class=\"hidden-fields-container\"><input type=\"hidden\" name=\"_wpcf7\" value=\"6916\" \/><input type=\"hidden\" name=\"_wpcf7_version\" value=\"6.1.5\" \/><input type=\"hidden\" name=\"_wpcf7_locale\" value=\"de_DE\" \/><input type=\"hidden\" name=\"_wpcf7_unit_tag\" value=\"wpcf7-f6916-o1\" \/><input type=\"hidden\" name=\"_wpcf7_container_post\" value=\"0\" \/><input type=\"hidden\" name=\"_wpcf7_posted_data_hash\" value=\"\" \/><input type=\"hidden\" name=\"_wpcf7dtx_version\" value=\"5.0.5\" \/>\n<\/fieldset>\n<p class=\"contactform_p\"><label>Name und Vorname<\/label><br \/>\n<span class=\"wpcf7-form-control-wrap\" data-name=\"your-name\"><input size=\"40\" maxlength=\"400\" class=\"wpcf7-form-control wpcf7-text\" aria-invalid=\"false\" value=\"\" type=\"text\" name=\"your-name\" \/><\/span>\n<\/p>\n<p class=\"contactform_p\"><label>E-Mail *<\/label><br \/>\n<span class=\"wpcf7-form-control-wrap\" data-name=\"your-email\"><input size=\"40\" maxlength=\"400\" class=\"wpcf7-form-control wpcf7-email wpcf7-validates-as-required wpcf7-text wpcf7-validates-as-email\" aria-required=\"true\" aria-invalid=\"false\" value=\"\" type=\"email\" name=\"your-email\" \/><\/span>\n<\/p>\n<p class=\"contactform_p\"><label> Telefon<\/label><br \/>\n<span class=\"wpcf7-form-control-wrap\" data-name=\"telefon\"><input size=\"40\" maxlength=\"400\" class=\"wpcf7-form-control wpcf7-text\" aria-invalid=\"false\" value=\"\" type=\"text\" name=\"telefon\" \/><\/span>\n<\/p>\n<p><label>Anmerkungen:<\/label><br \/>\n<span class=\"wpcf7-form-control-wrap\" data-name=\"your-message\"><textarea cols=\"40\" rows=\"10\" maxlength=\"2000\" class=\"wpcf7-form-control wpcf7-textarea\" aria-invalid=\"false\" name=\"your-message\"><\/textarea><\/span>\n<\/p>\n<p><span class=\"wpcf7-form-control-wrap inputname\" data-name=\"inputname\"><input type=\"text\" name=\"inputname\" class=\"wpcf7-form-control wpcf7-text wpcf7dtx wpcf7dtx-text\" aria-invalid=\"false\" value=\"Unterst\u00fctzung des EUDR Compliance Manager (w\/m\/d) in Vollzeit\"><\/span>\n<\/p>\n<p class=\"contactform_p\"><label><br \/>\nBewerbungsdaten:<\/label><br \/>\n<span class=\"wpcf7-form-control-wrap\" data-name=\"Bewerbung\"><input size=\"40\" class=\"wpcf7-form-control wpcf7-file\" accept=\"image\/*,.txt,application\/pdf\" aria-invalid=\"false\" type=\"file\" name=\"Bewerbung\" \/><\/span>\n<\/p>\n<p class=\"contactform_p text-left\"><br \/>\n<span class=\"wpcf7-form-control-wrap\" data-name=\"checkbox-datenschutz\"><span class=\"wpcf7-form-control wpcf7-checkbox wpcf7-validates-as-required\"><span class=\"wpcf7-list-item first last\"><label><input type=\"checkbox\" name=\"checkbox-datenschutz[]\" value=\"Ja, ich habe die Datenschutzerkl\u00e4rung gelesen und akzeptiert und erteile hiermit die Erlaubnis meine Kontaktdaten f\u00fcr die Weiterverarbeitung meiner Anfrage zu speichern und zu verwenden*\" \/><span class=\"wpcf7-list-item-label\">Ja, ich habe die Datenschutzerkl\u00e4rung gelesen und akzeptiert und erteile hiermit die Erlaubnis meine Kontaktdaten f\u00fcr die Weiterverarbeitung meiner Anfrage zu speichern und zu verwenden*<\/span><\/label><\/span><\/span><\/span><br \/>\n<a href=\"https:\/\/www.barth1873.de\/de\/datenschutz.html\" target=\"_blank\" titel=\"Zur Datenschutzerkl\u00e4rung\">Zur Datenschutzerkl\u00e4rung<\/a>\n<\/p>\n<p><input class=\"wpcf7-form-control wpcf7-submit has-spinner\" type=\"submit\" value=\"Abschicken\" \/>\n<\/p>\n<p><small>*Pflichtfeld<\/small>\n<\/p><div class=\"wpcf7-response-output\" aria-hidden=\"true\"><\/div>\n<\/form>\n<\/div>\n<\/div>\n<\/div><\/div>\n<\/div>\n\n\n\n<div class=\"wp-block-column is-layout-flow wp-block-column-is-layout-flow\"><\/div>\n<\/div>\n","protected":false},"excerpt":{"rendered":"<p>Zur weiteren Verst\u00e4rkung unseres Teams im Innendienst suchen wir zum n\u00e4chstm\u00f6glichen Zeitpunkt f\u00fcr unsere Zentrale in Korschenbroich: Industrie-\/ Gro\u00df- und Au\u00dfenhandelskaufmannf\u00fcr die Unterst\u00fctzung des EUDR Compliance Manager (w\/m\/d) in Vollzeit Deine Hauptaufgaben Was Du mitbringen solltest Auf das kannst Du Dich freuen Zur vollst\u00e4ndigen Stellenbeschreibung: Jetzt bewerben:<\/p>\n","protected":false},"author":2,"featured_media":0,"parent":0,"menu_order":0,"comment_status":"closed","ping_status":"closed","template":"2023-dragdrop-template.php","meta":{"footnotes":""},"class_list":["post-10846","page","type-page","status-publish","hentry"],"yoast_head":"<!-- This site is optimized with the Yoast SEO plugin v27.4 - https:\/\/yoast.com\/product\/yoast-seo-wordpress\/ -->\n<title>Unterst\u00fctzung des EUDR Compliance Manager (w\/m\/d) in Vollzeit - Barth &amp; Co<\/title>\n<meta name=\"robots\" content=\"index, follow, max-snippet:-1, max-image-preview:large, max-video-preview:-1\" \/>\n<link rel=\"canonical\" href=\"https:\/\/www.barth1873.de\/de\/zur-weiteren-verstaerkung-unseres-teams-im-innendienst-suchen-wir-zum-naechstmoeglichen-zeitpunkt-fuer-unsere-zentrale-in-korschenbroich-industrie-gross-und-aussenhandelskaufmann-fuer-die-unterstu.html\" \/>\n<meta property=\"og:locale\" content=\"de_DE\" \/>\n<meta property=\"og:type\" content=\"article\" \/>\n<meta property=\"og:title\" content=\"Unterst\u00fctzung des EUDR Compliance Manager (w\/m\/d) in Vollzeit - Barth &amp; Co\" \/>\n<meta property=\"og:description\" content=\"Zur weiteren Verst\u00e4rkung unseres Teams im Innendienst suchen wir zum n\u00e4chstm\u00f6glichen Zeitpunkt f\u00fcr unsere Zentrale in Korschenbroich: Industrie-\/ Gro\u00df- und Au\u00dfenhandelskaufmannf\u00fcr die Unterst\u00fctzung des EUDR Compliance Manager (w\/m\/d) in Vollzeit Deine Hauptaufgaben Was Du mitbringen solltest Auf das kannst Du Dich freuen Zur vollst\u00e4ndigen Stellenbeschreibung: Jetzt bewerben:\" \/>\n<meta property=\"og:url\" content=\"https:\/\/www.barth1873.de\/de\/zur-weiteren-verstaerkung-unseres-teams-im-innendienst-suchen-wir-zum-naechstmoeglichen-zeitpunkt-fuer-unsere-zentrale-in-korschenbroich-industrie-gross-und-aussenhandelskaufmann-fuer-die-unterstu.html\" \/>\n<meta property=\"og:site_name\" content=\"Barth &amp; Co\" \/>\n<meta property=\"article:modified_time\" content=\"2025-06-18T14:09:36+00:00\" \/>\n<meta property=\"og:image\" content=\"https:\/\/www.barth1873.de\/wp-content\/uploads\/2024\/06\/Header-EUDR-fuer-Website-Anzeige.jpg\" \/>\n\t<meta property=\"og:image:width\" content=\"980\" \/>\n\t<meta property=\"og:image:height\" content=\"322\" \/>\n\t<meta property=\"og:image:type\" content=\"image\/jpeg\" \/>\n<meta name=\"twitter:card\" content=\"summary_large_image\" \/>\n<meta name=\"twitter:label1\" content=\"Gesch\u00e4tzte Lesezeit\" \/>\n\t<meta name=\"twitter:data1\" content=\"2\u00a0Minuten\" \/>\n<script type=\"application\/ld+json\" class=\"yoast-schema-graph\">{\"@context\":\"https:\\\/\\\/schema.org\",\"@graph\":[{\"@type\":\"WebPage\",\"@id\":\"https:\\\/\\\/www.barth1873.de\\\/de\\\/zur-weiteren-verstaerkung-unseres-teams-im-innendienst-suchen-wir-zum-naechstmoeglichen-zeitpunkt-fuer-unsere-zentrale-in-korschenbroich-industrie-gross-und-aussenhandelskaufmann-fuer-die-unterstu.html\",\"url\":\"https:\\\/\\\/www.barth1873.de\\\/de\\\/zur-weiteren-verstaerkung-unseres-teams-im-innendienst-suchen-wir-zum-naechstmoeglichen-zeitpunkt-fuer-unsere-zentrale-in-korschenbroich-industrie-gross-und-aussenhandelskaufmann-fuer-die-unterstu.html\",\"name\":\"Unterst\u00fctzung des EUDR Compliance Manager (w\\\/m\\\/d) in Vollzeit - Barth &amp; Co\",\"isPartOf\":{\"@id\":\"https:\\\/\\\/www.barth1873.de\\\/de\\\/#website\"},\"primaryImageOfPage\":{\"@id\":\"https:\\\/\\\/www.barth1873.de\\\/de\\\/zur-weiteren-verstaerkung-unseres-teams-im-innendienst-suchen-wir-zum-naechstmoeglichen-zeitpunkt-fuer-unsere-zentrale-in-korschenbroich-industrie-gross-und-aussenhandelskaufmann-fuer-die-unterstu.html#primaryimage\"},\"image\":{\"@id\":\"https:\\\/\\\/www.barth1873.de\\\/de\\\/zur-weiteren-verstaerkung-unseres-teams-im-innendienst-suchen-wir-zum-naechstmoeglichen-zeitpunkt-fuer-unsere-zentrale-in-korschenbroich-industrie-gross-und-aussenhandelskaufmann-fuer-die-unterstu.html#primaryimage\"},\"thumbnailUrl\":\"https:\\\/\\\/www.barth1873.de\\\/wp-content\\\/uploads\\\/2024\\\/06\\\/Header-EUDR-fuer-Website-Anzeige.jpg\",\"datePublished\":\"2024-06-26T08:46:32+00:00\",\"dateModified\":\"2025-06-18T14:09:36+00:00\",\"breadcrumb\":{\"@id\":\"https:\\\/\\\/www.barth1873.de\\\/de\\\/zur-weiteren-verstaerkung-unseres-teams-im-innendienst-suchen-wir-zum-naechstmoeglichen-zeitpunkt-fuer-unsere-zentrale-in-korschenbroich-industrie-gross-und-aussenhandelskaufmann-fuer-die-unterstu.html#breadcrumb\"},\"inLanguage\":\"de\",\"potentialAction\":[{\"@type\":\"ReadAction\",\"target\":[\"https:\\\/\\\/www.barth1873.de\\\/de\\\/zur-weiteren-verstaerkung-unseres-teams-im-innendienst-suchen-wir-zum-naechstmoeglichen-zeitpunkt-fuer-unsere-zentrale-in-korschenbroich-industrie-gross-und-aussenhandelskaufmann-fuer-die-unterstu.html\"]}]},{\"@type\":\"ImageObject\",\"inLanguage\":\"de\",\"@id\":\"https:\\\/\\\/www.barth1873.de\\\/de\\\/zur-weiteren-verstaerkung-unseres-teams-im-innendienst-suchen-wir-zum-naechstmoeglichen-zeitpunkt-fuer-unsere-zentrale-in-korschenbroich-industrie-gross-und-aussenhandelskaufmann-fuer-die-unterstu.html#primaryimage\",\"url\":\"https:\\\/\\\/www.barth1873.de\\\/wp-content\\\/uploads\\\/2024\\\/06\\\/Header-EUDR-fuer-Website-Anzeige.jpg\",\"contentUrl\":\"https:\\\/\\\/www.barth1873.de\\\/wp-content\\\/uploads\\\/2024\\\/06\\\/Header-EUDR-fuer-Website-Anzeige.jpg\"},{\"@type\":\"BreadcrumbList\",\"@id\":\"https:\\\/\\\/www.barth1873.de\\\/de\\\/zur-weiteren-verstaerkung-unseres-teams-im-innendienst-suchen-wir-zum-naechstmoeglichen-zeitpunkt-fuer-unsere-zentrale-in-korschenbroich-industrie-gross-und-aussenhandelskaufmann-fuer-die-unterstu.html#breadcrumb\",\"itemListElement\":[{\"@type\":\"ListItem\",\"position\":1,\"name\":\"Startseite\",\"item\":\"https:\\\/\\\/www.barth1873.de\\\/de\"},{\"@type\":\"ListItem\",\"position\":2,\"name\":\"Unterst\u00fctzung des EUDR Compliance Manager (w\\\/m\\\/d) in Vollzeit\"}]},{\"@type\":\"WebSite\",\"@id\":\"https:\\\/\\\/www.barth1873.de\\\/de\\\/#website\",\"url\":\"https:\\\/\\\/www.barth1873.de\\\/de\\\/\",\"name\":\"Barth &amp; Co\",\"description\":\"Holz-und Parketthandel\",\"publisher\":{\"@id\":\"https:\\\/\\\/www.barth1873.de\\\/de\\\/#organization\"},\"potentialAction\":[{\"@type\":\"SearchAction\",\"target\":{\"@type\":\"EntryPoint\",\"urlTemplate\":\"https:\\\/\\\/www.barth1873.de\\\/de\\\/?s={search_term_string}\"},\"query-input\":{\"@type\":\"PropertyValueSpecification\",\"valueRequired\":true,\"valueName\":\"search_term_string\"}}],\"inLanguage\":\"de\"},{\"@type\":\"Organization\",\"@id\":\"https:\\\/\\\/www.barth1873.de\\\/de\\\/#organization\",\"name\":\"Barth & Co\",\"url\":\"https:\\\/\\\/www.barth1873.de\\\/de\\\/\",\"logo\":{\"@type\":\"ImageObject\",\"inLanguage\":\"de\",\"@id\":\"https:\\\/\\\/www.barth1873.de\\\/de\\\/#\\\/schema\\\/logo\\\/image\\\/\",\"url\":\"https:\\\/\\\/www.barth1873.de\\\/wp-content\\\/uploads\\\/2020\\\/04\\\/logo_barth210.png\",\"contentUrl\":\"https:\\\/\\\/www.barth1873.de\\\/wp-content\\\/uploads\\\/2020\\\/04\\\/logo_barth210.png\",\"width\":210,\"height\":53,\"caption\":\"Barth & Co\"},\"image\":{\"@id\":\"https:\\\/\\\/www.barth1873.de\\\/de\\\/#\\\/schema\\\/logo\\\/image\\\/\"}}]}<\/script>\n<!-- \/ Yoast SEO plugin. -->","yoast_head_json":{"title":"Unterst\u00fctzung des EUDR Compliance Manager (w\/m\/d) in Vollzeit - Barth &amp; Co","robots":{"index":"index","follow":"follow","max-snippet":"max-snippet:-1","max-image-preview":"max-image-preview:large","max-video-preview":"max-video-preview:-1"},"canonical":"https:\/\/www.barth1873.de\/de\/zur-weiteren-verstaerkung-unseres-teams-im-innendienst-suchen-wir-zum-naechstmoeglichen-zeitpunkt-fuer-unsere-zentrale-in-korschenbroich-industrie-gross-und-aussenhandelskaufmann-fuer-die-unterstu.html","og_locale":"de_DE","og_type":"article","og_title":"Unterst\u00fctzung des EUDR Compliance Manager (w\/m\/d) in Vollzeit - Barth &amp; Co","og_description":"Zur weiteren Verst\u00e4rkung unseres Teams im Innendienst suchen wir zum n\u00e4chstm\u00f6glichen Zeitpunkt f\u00fcr unsere Zentrale in Korschenbroich: Industrie-\/ Gro\u00df- und Au\u00dfenhandelskaufmannf\u00fcr die Unterst\u00fctzung des EUDR Compliance Manager (w\/m\/d) in Vollzeit Deine Hauptaufgaben Was Du mitbringen solltest Auf das kannst Du Dich freuen Zur vollst\u00e4ndigen Stellenbeschreibung: Jetzt bewerben:","og_url":"https:\/\/www.barth1873.de\/de\/zur-weiteren-verstaerkung-unseres-teams-im-innendienst-suchen-wir-zum-naechstmoeglichen-zeitpunkt-fuer-unsere-zentrale-in-korschenbroich-industrie-gross-und-aussenhandelskaufmann-fuer-die-unterstu.html","og_site_name":"Barth &amp; Co","article_modified_time":"2025-06-18T14:09:36+00:00","og_image":[{"width":980,"height":322,"url":"https:\/\/www.barth1873.de\/wp-content\/uploads\/2024\/06\/Header-EUDR-fuer-Website-Anzeige.jpg","type":"image\/jpeg"}],"twitter_card":"summary_large_image","twitter_misc":{"Gesch\u00e4tzte Lesezeit":"2\u00a0Minuten"},"schema":{"@context":"https:\/\/schema.org","@graph":[{"@type":"WebPage","@id":"https:\/\/www.barth1873.de\/de\/zur-weiteren-verstaerkung-unseres-teams-im-innendienst-suchen-wir-zum-naechstmoeglichen-zeitpunkt-fuer-unsere-zentrale-in-korschenbroich-industrie-gross-und-aussenhandelskaufmann-fuer-die-unterstu.html","url":"https:\/\/www.barth1873.de\/de\/zur-weiteren-verstaerkung-unseres-teams-im-innendienst-suchen-wir-zum-naechstmoeglichen-zeitpunkt-fuer-unsere-zentrale-in-korschenbroich-industrie-gross-und-aussenhandelskaufmann-fuer-die-unterstu.html","name":"Unterst\u00fctzung des EUDR Compliance Manager (w\/m\/d) in Vollzeit - Barth &amp; Co","isPartOf":{"@id":"https:\/\/www.barth1873.de\/de\/#website"},"primaryImageOfPage":{"@id":"https:\/\/www.barth1873.de\/de\/zur-weiteren-verstaerkung-unseres-teams-im-innendienst-suchen-wir-zum-naechstmoeglichen-zeitpunkt-fuer-unsere-zentrale-in-korschenbroich-industrie-gross-und-aussenhandelskaufmann-fuer-die-unterstu.html#primaryimage"},"image":{"@id":"https:\/\/www.barth1873.de\/de\/zur-weiteren-verstaerkung-unseres-teams-im-innendienst-suchen-wir-zum-naechstmoeglichen-zeitpunkt-fuer-unsere-zentrale-in-korschenbroich-industrie-gross-und-aussenhandelskaufmann-fuer-die-unterstu.html#primaryimage"},"thumbnailUrl":"https:\/\/www.barth1873.de\/wp-content\/uploads\/2024\/06\/Header-EUDR-fuer-Website-Anzeige.jpg","datePublished":"2024-06-26T08:46:32+00:00","dateModified":"2025-06-18T14:09:36+00:00","breadcrumb":{"@id":"https:\/\/www.barth1873.de\/de\/zur-weiteren-verstaerkung-unseres-teams-im-innendienst-suchen-wir-zum-naechstmoeglichen-zeitpunkt-fuer-unsere-zentrale-in-korschenbroich-industrie-gross-und-aussenhandelskaufmann-fuer-die-unterstu.html#breadcrumb"},"inLanguage":"de","potentialAction":[{"@type":"ReadAction","target":["https:\/\/www.barth1873.de\/de\/zur-weiteren-verstaerkung-unseres-teams-im-innendienst-suchen-wir-zum-naechstmoeglichen-zeitpunkt-fuer-unsere-zentrale-in-korschenbroich-industrie-gross-und-aussenhandelskaufmann-fuer-die-unterstu.html"]}]},{"@type":"ImageObject","inLanguage":"de","@id":"https:\/\/www.barth1873.de\/de\/zur-weiteren-verstaerkung-unseres-teams-im-innendienst-suchen-wir-zum-naechstmoeglichen-zeitpunkt-fuer-unsere-zentrale-in-korschenbroich-industrie-gross-und-aussenhandelskaufmann-fuer-die-unterstu.html#primaryimage","url":"https:\/\/www.barth1873.de\/wp-content\/uploads\/2024\/06\/Header-EUDR-fuer-Website-Anzeige.jpg","contentUrl":"https:\/\/www.barth1873.de\/wp-content\/uploads\/2024\/06\/Header-EUDR-fuer-Website-Anzeige.jpg"},{"@type":"BreadcrumbList","@id":"https:\/\/www.barth1873.de\/de\/zur-weiteren-verstaerkung-unseres-teams-im-innendienst-suchen-wir-zum-naechstmoeglichen-zeitpunkt-fuer-unsere-zentrale-in-korschenbroich-industrie-gross-und-aussenhandelskaufmann-fuer-die-unterstu.html#breadcrumb","itemListElement":[{"@type":"ListItem","position":1,"name":"Startseite","item":"https:\/\/www.barth1873.de\/de"},{"@type":"ListItem","position":2,"name":"Unterst\u00fctzung des EUDR Compliance Manager (w\/m\/d) in Vollzeit"}]},{"@type":"WebSite","@id":"https:\/\/www.barth1873.de\/de\/#website","url":"https:\/\/www.barth1873.de\/de\/","name":"Barth &amp; Co","description":"Holz-und Parketthandel","publisher":{"@id":"https:\/\/www.barth1873.de\/de\/#organization"},"potentialAction":[{"@type":"SearchAction","target":{"@type":"EntryPoint","urlTemplate":"https:\/\/www.barth1873.de\/de\/?s={search_term_string}"},"query-input":{"@type":"PropertyValueSpecification","valueRequired":true,"valueName":"search_term_string"}}],"inLanguage":"de"},{"@type":"Organization","@id":"https:\/\/www.barth1873.de\/de\/#organization","name":"Barth & Co","url":"https:\/\/www.barth1873.de\/de\/","logo":{"@type":"ImageObject","inLanguage":"de","@id":"https:\/\/www.barth1873.de\/de\/#\/schema\/logo\/image\/","url":"https:\/\/www.barth1873.de\/wp-content\/uploads\/2020\/04\/logo_barth210.png","contentUrl":"https:\/\/www.barth1873.de\/wp-content\/uploads\/2020\/04\/logo_barth210.png","width":210,"height":53,"caption":"Barth & Co"},"image":{"@id":"https:\/\/www.barth1873.de\/de\/#\/schema\/logo\/image\/"}}]}},"_links":{"self":[{"href":"https:\/\/www.barth1873.de\/de\/wp-json\/wp\/v2\/pages\/10846","targetHints":{"allow":["GET"]}}],"collection":[{"href":"https:\/\/www.barth1873.de\/de\/wp-json\/wp\/v2\/pages"}],"about":[{"href":"https:\/\/www.barth1873.de\/de\/wp-json\/wp\/v2\/types\/page"}],"author":[{"embeddable":true,"href":"https:\/\/www.barth1873.de\/de\/wp-json\/wp\/v2\/users\/2"}],"replies":[{"embeddable":true,"href":"https:\/\/www.barth1873.de\/de\/wp-json\/wp\/v2\/comments?post=10846"}],"version-history":[{"count":3,"href":"https:\/\/www.barth1873.de\/de\/wp-json\/wp\/v2\/pages\/10846\/revisions"}],"predecessor-version":[{"id":20959,"href":"https:\/\/www.barth1873.de\/de\/wp-json\/wp\/v2\/pages\/10846\/revisions\/20959"}],"wp:attachment":[{"href":"https:\/\/www.barth1873.de\/de\/wp-json\/wp\/v2\/media?parent=10846"}],"curies":[{"name":"wp","href":"https:\/\/api.w.org\/{rel}","templated":true}]}}