{"id":102,"date":"2020-04-23T15:13:04","date_gmt":"2020-04-23T13:13:04","guid":{"rendered":"https:\/\/www.barth1873.de\/?page_id=102"},"modified":"2025-11-26T14:50:54","modified_gmt":"2025-11-26T13:50:54","slug":"messen","status":"publish","type":"page","link":"https:\/\/www.barth1873.de\/de\/messen.html","title":{"rendered":"Messen"},"content":{"rendered":"\n<hr class=\"wp-block-separator has-alpha-channel-opacity\" style=\"margin-top:var(--wp--preset--spacing--40);margin-bottom:var(--wp--preset--spacing--40)\"\/>\n\n\n\n<figure class=\"wp-block-image size-full is-resized\"><img loading=\"lazy\" decoding=\"async\" width=\"1062\" height=\"493\" src=\"https:\/\/www.barth1873.de\/wp-content\/uploads\/2025\/08\/Logo-Domotex.jpg\" alt=\"\" class=\"wp-image-21138\" style=\"width:340px\" srcset=\"https:\/\/www.barth1873.de\/wp-content\/uploads\/2025\/08\/Logo-Domotex.jpg 1062w, https:\/\/www.barth1873.de\/wp-content\/uploads\/2025\/08\/Logo-Domotex-300x139.jpg 300w, https:\/\/www.barth1873.de\/wp-content\/uploads\/2025\/08\/Logo-Domotex-1024x475.jpg 1024w, https:\/\/www.barth1873.de\/wp-content\/uploads\/2025\/08\/Logo-Domotex-768x357.jpg 768w\" sizes=\"auto, (max-width: 1062px) 100vw, 1062px\" \/><\/figure>\n\n\n\n<p><strong>Save the Date!<\/strong> <strong>DOMOTEX 2026 Hannover<\/strong><br><strong>19. &#8211; 22. Januar 2026 Hannover<\/strong><br>Ihr findet uns an gewohnter Stelle.<br><strong>Halle 020 &amp;  Platz C70<\/strong><br>Wir freuen uns auf euch.<\/p>\n\n\n<a href=\"https:\/\/www.domotex.de\/\" class=\"barth_button\" target=\"_blank\">Zur Messe Website<\/a>\n\n\n<figure><\/figure>\n","protected":false},"excerpt":{"rendered":"<p>Save the Date! DOMOTEX 2026 Hannover19. &#8211; 22. Januar 2026 HannoverIhr findet uns an gewohnter Stelle.Halle 020 &amp; Platz C70Wir freuen uns auf euch.<\/p>\n","protected":false},"author":1,"featured_media":11038,"parent":80,"menu_order":0,"comment_status":"closed","ping_status":"closed","template":"","meta":{"footnotes":""},"class_list":["post-102","page","type-page","status-publish","has-post-thumbnail","hentry"],"yoast_head":"<!-- This site is optimized with the Yoast SEO plugin v27.4 - https:\/\/yoast.com\/product\/yoast-seo-wordpress\/ -->\n<title>Messen Holz Domotex Faxe - Barth &amp; Co<\/title>\n<meta name=\"description\" content=\"Bau 2025 in M\u00fcnchen. Die Fachmesse rund um das Thema Bau. Sie finden uns in der Regel in der Hall A5, eine Halle speziell f\u00fcr Bodenbel\u00e4ge.\" \/>\n<meta name=\"robots\" content=\"index, follow, max-snippet:-1, max-image-preview:large, max-video-preview:-1\" \/>\n<link rel=\"canonical\" href=\"https:\/\/www.barth1873.de\/de\/messen.html\" \/>\n<meta property=\"og:locale\" content=\"de_DE\" \/>\n<meta property=\"og:type\" content=\"article\" \/>\n<meta property=\"og:title\" content=\"Messen Holz Domotex Faxe - Barth &amp; Co\" \/>\n<meta property=\"og:description\" content=\"Bau 2025 in M\u00fcnchen. Die Fachmesse rund um das Thema Bau. Sie finden uns in der Regel in der Hall A5, eine Halle speziell f\u00fcr Bodenbel\u00e4ge.\" \/>\n<meta property=\"og:url\" content=\"https:\/\/www.barth1873.de\/de\/messen.html\" \/>\n<meta property=\"og:site_name\" content=\"Barth &amp; Co\" \/>\n<meta property=\"article:modified_time\" content=\"2025-11-26T13:50:54+00:00\" \/>\n<meta property=\"og:image\" content=\"https:\/\/www.barth1873.de\/wp-content\/uploads\/2024\/07\/Messestand-Barth-BAU2025-SKUPIN-Design.jpg\" \/>\n\t<meta property=\"og:image:width\" content=\"980\" \/>\n\t<meta property=\"og:image:height\" content=\"700\" \/>\n\t<meta property=\"og:image:type\" content=\"image\/jpeg\" \/>\n<meta name=\"twitter:card\" content=\"summary_large_image\" \/>\n<meta name=\"twitter:label1\" content=\"Gesch\u00e4tzte Lesezeit\" \/>\n\t<meta name=\"twitter:data1\" content=\"1\u00a0Minute\" \/>\n<script type=\"application\/ld+json\" class=\"yoast-schema-graph\">{\"@context\":\"https:\\\/\\\/schema.org\",\"@graph\":[{\"@type\":\"WebPage\",\"@id\":\"https:\\\/\\\/www.barth1873.de\\\/de\\\/messen.html\",\"url\":\"https:\\\/\\\/www.barth1873.de\\\/de\\\/messen.html\",\"name\":\"Messen Holz Domotex Faxe - Barth &amp; Co\",\"isPartOf\":{\"@id\":\"https:\\\/\\\/www.barth1873.de\\\/de\\\/#website\"},\"primaryImageOfPage\":{\"@id\":\"https:\\\/\\\/www.barth1873.de\\\/de\\\/messen.html#primaryimage\"},\"image\":{\"@id\":\"https:\\\/\\\/www.barth1873.de\\\/de\\\/messen.html#primaryimage\"},\"thumbnailUrl\":\"https:\\\/\\\/www.barth1873.de\\\/wp-content\\\/uploads\\\/2024\\\/07\\\/Messestand-Barth-BAU2025-SKUPIN-Design.jpg\",\"datePublished\":\"2020-04-23T13:13:04+00:00\",\"dateModified\":\"2025-11-26T13:50:54+00:00\",\"description\":\"Bau 2025 in M\u00fcnchen. Die Fachmesse rund um das Thema Bau. Sie finden uns in der Regel in der Hall A5, eine Halle speziell f\u00fcr Bodenbel\u00e4ge.\",\"breadcrumb\":{\"@id\":\"https:\\\/\\\/www.barth1873.de\\\/de\\\/messen.html#breadcrumb\"},\"inLanguage\":\"de\",\"potentialAction\":[{\"@type\":\"ReadAction\",\"target\":[\"https:\\\/\\\/www.barth1873.de\\\/de\\\/messen.html\"]}]},{\"@type\":\"ImageObject\",\"inLanguage\":\"de\",\"@id\":\"https:\\\/\\\/www.barth1873.de\\\/de\\\/messen.html#primaryimage\",\"url\":\"https:\\\/\\\/www.barth1873.de\\\/wp-content\\\/uploads\\\/2024\\\/07\\\/Messestand-Barth-BAU2025-SKUPIN-Design.jpg\",\"contentUrl\":\"https:\\\/\\\/www.barth1873.de\\\/wp-content\\\/uploads\\\/2024\\\/07\\\/Messestand-Barth-BAU2025-SKUPIN-Design.jpg\",\"width\":980,\"height\":700,\"caption\":\"Messedesign Skupin Design\"},{\"@type\":\"BreadcrumbList\",\"@id\":\"https:\\\/\\\/www.barth1873.de\\\/de\\\/messen.html#breadcrumb\",\"itemListElement\":[{\"@type\":\"ListItem\",\"position\":1,\"name\":\"Startseite\",\"item\":\"https:\\\/\\\/www.barth1873.de\\\/de\"},{\"@type\":\"ListItem\",\"position\":2,\"name\":\"Info\",\"item\":\"https:\\\/\\\/www.barth1873.de\\\/de\\\/info.html\"},{\"@type\":\"ListItem\",\"position\":3,\"name\":\"Messen\"}]},{\"@type\":\"WebSite\",\"@id\":\"https:\\\/\\\/www.barth1873.de\\\/de\\\/#website\",\"url\":\"https:\\\/\\\/www.barth1873.de\\\/de\\\/\",\"name\":\"Barth &amp; Co\",\"description\":\"Holz-und Parketthandel\",\"publisher\":{\"@id\":\"https:\\\/\\\/www.barth1873.de\\\/de\\\/#organization\"},\"potentialAction\":[{\"@type\":\"SearchAction\",\"target\":{\"@type\":\"EntryPoint\",\"urlTemplate\":\"https:\\\/\\\/www.barth1873.de\\\/de\\\/?s={search_term_string}\"},\"query-input\":{\"@type\":\"PropertyValueSpecification\",\"valueRequired\":true,\"valueName\":\"search_term_string\"}}],\"inLanguage\":\"de\"},{\"@type\":\"Organization\",\"@id\":\"https:\\\/\\\/www.barth1873.de\\\/de\\\/#organization\",\"name\":\"Barth & Co\",\"url\":\"https:\\\/\\\/www.barth1873.de\\\/de\\\/\",\"logo\":{\"@type\":\"ImageObject\",\"inLanguage\":\"de\",\"@id\":\"https:\\\/\\\/www.barth1873.de\\\/de\\\/#\\\/schema\\\/logo\\\/image\\\/\",\"url\":\"https:\\\/\\\/www.barth1873.de\\\/wp-content\\\/uploads\\\/2020\\\/04\\\/logo_barth210.png\",\"contentUrl\":\"https:\\\/\\\/www.barth1873.de\\\/wp-content\\\/uploads\\\/2020\\\/04\\\/logo_barth210.png\",\"width\":210,\"height\":53,\"caption\":\"Barth & Co\"},\"image\":{\"@id\":\"https:\\\/\\\/www.barth1873.de\\\/de\\\/#\\\/schema\\\/logo\\\/image\\\/\"}}]}<\/script>\n<!-- \/ Yoast SEO plugin. -->","yoast_head_json":{"title":"Messen Holz Domotex Faxe - Barth &amp; Co","description":"Bau 2025 in M\u00fcnchen. Die Fachmesse rund um das Thema Bau. Sie finden uns in der Regel in der Hall A5, eine Halle speziell f\u00fcr Bodenbel\u00e4ge.","robots":{"index":"index","follow":"follow","max-snippet":"max-snippet:-1","max-image-preview":"max-image-preview:large","max-video-preview":"max-video-preview:-1"},"canonical":"https:\/\/www.barth1873.de\/de\/messen.html","og_locale":"de_DE","og_type":"article","og_title":"Messen Holz Domotex Faxe - Barth &amp; Co","og_description":"Bau 2025 in M\u00fcnchen. Die Fachmesse rund um das Thema Bau. Sie finden uns in der Regel in der Hall A5, eine Halle speziell f\u00fcr Bodenbel\u00e4ge.","og_url":"https:\/\/www.barth1873.de\/de\/messen.html","og_site_name":"Barth &amp; Co","article_modified_time":"2025-11-26T13:50:54+00:00","og_image":[{"width":980,"height":700,"url":"https:\/\/www.barth1873.de\/wp-content\/uploads\/2024\/07\/Messestand-Barth-BAU2025-SKUPIN-Design.jpg","type":"image\/jpeg"}],"twitter_card":"summary_large_image","twitter_misc":{"Gesch\u00e4tzte Lesezeit":"1\u00a0Minute"},"schema":{"@context":"https:\/\/schema.org","@graph":[{"@type":"WebPage","@id":"https:\/\/www.barth1873.de\/de\/messen.html","url":"https:\/\/www.barth1873.de\/de\/messen.html","name":"Messen Holz Domotex Faxe - Barth &amp; Co","isPartOf":{"@id":"https:\/\/www.barth1873.de\/de\/#website"},"primaryImageOfPage":{"@id":"https:\/\/www.barth1873.de\/de\/messen.html#primaryimage"},"image":{"@id":"https:\/\/www.barth1873.de\/de\/messen.html#primaryimage"},"thumbnailUrl":"https:\/\/www.barth1873.de\/wp-content\/uploads\/2024\/07\/Messestand-Barth-BAU2025-SKUPIN-Design.jpg","datePublished":"2020-04-23T13:13:04+00:00","dateModified":"2025-11-26T13:50:54+00:00","description":"Bau 2025 in M\u00fcnchen. Die Fachmesse rund um das Thema Bau. Sie finden uns in der Regel in der Hall A5, eine Halle speziell f\u00fcr Bodenbel\u00e4ge.","breadcrumb":{"@id":"https:\/\/www.barth1873.de\/de\/messen.html#breadcrumb"},"inLanguage":"de","potentialAction":[{"@type":"ReadAction","target":["https:\/\/www.barth1873.de\/de\/messen.html"]}]},{"@type":"ImageObject","inLanguage":"de","@id":"https:\/\/www.barth1873.de\/de\/messen.html#primaryimage","url":"https:\/\/www.barth1873.de\/wp-content\/uploads\/2024\/07\/Messestand-Barth-BAU2025-SKUPIN-Design.jpg","contentUrl":"https:\/\/www.barth1873.de\/wp-content\/uploads\/2024\/07\/Messestand-Barth-BAU2025-SKUPIN-Design.jpg","width":980,"height":700,"caption":"Messedesign Skupin Design"},{"@type":"BreadcrumbList","@id":"https:\/\/www.barth1873.de\/de\/messen.html#breadcrumb","itemListElement":[{"@type":"ListItem","position":1,"name":"Startseite","item":"https:\/\/www.barth1873.de\/de"},{"@type":"ListItem","position":2,"name":"Info","item":"https:\/\/www.barth1873.de\/de\/info.html"},{"@type":"ListItem","position":3,"name":"Messen"}]},{"@type":"WebSite","@id":"https:\/\/www.barth1873.de\/de\/#website","url":"https:\/\/www.barth1873.de\/de\/","name":"Barth &amp; Co","description":"Holz-und Parketthandel","publisher":{"@id":"https:\/\/www.barth1873.de\/de\/#organization"},"potentialAction":[{"@type":"SearchAction","target":{"@type":"EntryPoint","urlTemplate":"https:\/\/www.barth1873.de\/de\/?s={search_term_string}"},"query-input":{"@type":"PropertyValueSpecification","valueRequired":true,"valueName":"search_term_string"}}],"inLanguage":"de"},{"@type":"Organization","@id":"https:\/\/www.barth1873.de\/de\/#organization","name":"Barth & Co","url":"https:\/\/www.barth1873.de\/de\/","logo":{"@type":"ImageObject","inLanguage":"de","@id":"https:\/\/www.barth1873.de\/de\/#\/schema\/logo\/image\/","url":"https:\/\/www.barth1873.de\/wp-content\/uploads\/2020\/04\/logo_barth210.png","contentUrl":"https:\/\/www.barth1873.de\/wp-content\/uploads\/2020\/04\/logo_barth210.png","width":210,"height":53,"caption":"Barth & Co"},"image":{"@id":"https:\/\/www.barth1873.de\/de\/#\/schema\/logo\/image\/"}}]}},"_links":{"self":[{"href":"https:\/\/www.barth1873.de\/de\/wp-json\/wp\/v2\/pages\/102","targetHints":{"allow":["GET"]}}],"collection":[{"href":"https:\/\/www.barth1873.de\/de\/wp-json\/wp\/v2\/pages"}],"about":[{"href":"https:\/\/www.barth1873.de\/de\/wp-json\/wp\/v2\/types\/page"}],"author":[{"embeddable":true,"href":"https:\/\/www.barth1873.de\/de\/wp-json\/wp\/v2\/users\/1"}],"replies":[{"embeddable":true,"href":"https:\/\/www.barth1873.de\/de\/wp-json\/wp\/v2\/comments?post=102"}],"version-history":[{"count":3,"href":"https:\/\/www.barth1873.de\/de\/wp-json\/wp\/v2\/pages\/102\/revisions"}],"predecessor-version":[{"id":21477,"href":"https:\/\/www.barth1873.de\/de\/wp-json\/wp\/v2\/pages\/102\/revisions\/21477"}],"up":[{"embeddable":true,"href":"https:\/\/www.barth1873.de\/de\/wp-json\/wp\/v2\/pages\/80"}],"wp:featuredmedia":[{"embeddable":true,"href":"https:\/\/www.barth1873.de\/de\/wp-json\/wp\/v2\/media\/11038"}],"wp:attachment":[{"href":"https:\/\/www.barth1873.de\/de\/wp-json\/wp\/v2\/media?parent=102"}],"curies":[{"name":"wp","href":"https:\/\/api.w.org\/{rel}","templated":true}]}}